{"id":2554,"date":"2022-07-22T18:06:07","date_gmt":"2022-07-22T16:06:07","guid":{"rendered":"https:\/\/leaderschool.sellision.dev\/kalisz\/?page_id=2554"},"modified":"2024-03-18T10:15:54","modified_gmt":"2024-03-18T09:15:54","slug":"leo-english-hc","status":"publish","type":"page","link":"https:\/\/leaderschool.pl\/kalisz\/metody\/leo-english-hc\/","title":{"rendered":"Leo English HC"},"content":{"rendered":"","protected":false},"excerpt":{"rendered":"","protected":false},"author":1,"featured_media":0,"parent":596,"menu_order":0,"comment_status":"closed","ping_status":"closed","template":"page-templates\/methods-leo-english-hc.php","meta":{"ngg_post_thumbnail":0},"acf":[],"yoast_head":"<!-- This site is optimized with the Yoast SEO plugin v18.9 - https:\/\/yoast.com\/wordpress\/plugins\/seo\/ -->\n<title>Leo English HC w Kaliszu - Leader School<\/title>\n<meta name=\"description\" content=\"Kurs j\u0119zyka angielskiego Leo English w Leader School Kalisz. Wejd\u017a i przeczytaj wi\u0119cej. \ud83d\udcde+48 62 767 21 21\" \/>\n<meta name=\"robots\" content=\"noindex, follow\" \/>\n<meta property=\"og:locale\" content=\"pl_PL\" \/>\n<meta property=\"og:type\" content=\"article\" \/>\n<meta property=\"og:title\" content=\"Leo English HC w Kaliszu - Leader School\" \/>\n<meta property=\"og:description\" content=\"Kurs j\u0119zyka angielskiego Leo English w Leader School Kalisz. Wejd\u017a i przeczytaj wi\u0119cej. \ud83d\udcde+48 62 767 21 21\" \/>\n<meta property=\"og:url\" content=\"https:\/\/leaderschool.pl\/kalisz\/metody\/leo-english\/\" \/>\n<meta property=\"og:site_name\" content=\"w Kaliszu - Leader School\" \/>\n<meta property=\"article:modified_time\" content=\"2024-03-18T09:15:54+00:00\" \/>\n<meta name=\"twitter:card\" content=\"summary_large_image\" \/>\n<script type=\"application\/ld+json\" class=\"yoast-schema-graph\">{\"@context\":\"https:\/\/schema.org\",\"@graph\":[{\"@type\":\"WebSite\",\"@id\":\"https:\/\/leaderschool.pl\/kalisz\/#website\",\"url\":\"https:\/\/leaderschool.pl\/kalisz\/\",\"name\":\"w Kaliszu - Leader School\",\"description\":\"\",\"potentialAction\":[{\"@type\":\"SearchAction\",\"target\":{\"@type\":\"EntryPoint\",\"urlTemplate\":\"https:\/\/leaderschool.pl\/kalisz\/?s={search_term_string}\"},\"query-input\":\"required name=search_term_string\"}],\"inLanguage\":\"pl-PL\"},{\"@type\":\"WebPage\",\"@id\":\"https:\/\/leaderschool.pl\/kalisz\/metody\/leo-english\/#webpage\",\"url\":\"https:\/\/leaderschool.pl\/kalisz\/metody\/leo-english\/\",\"name\":\"Leo English HC w Kaliszu - Leader School\",\"isPartOf\":{\"@id\":\"https:\/\/leaderschool.pl\/kalisz\/#website\"},\"datePublished\":\"2022-07-22T16:06:07+00:00\",\"dateModified\":\"2024-03-18T09:15:54+00:00\",\"description\":\"Kurs j\u0119zyka angielskiego Leo English w Leader School Kalisz. Wejd\u017a i przeczytaj wi\u0119cej. \ud83d\udcde+48 62 767 21 21\",\"breadcrumb\":{\"@id\":\"https:\/\/leaderschool.pl\/kalisz\/metody\/leo-english\/#breadcrumb\"},\"inLanguage\":\"pl-PL\",\"potentialAction\":[{\"@type\":\"ReadAction\",\"target\":[\"https:\/\/leaderschool.pl\/kalisz\/metody\/leo-english\/\"]}]},{\"@type\":\"BreadcrumbList\",\"@id\":\"https:\/\/leaderschool.pl\/kalisz\/metody\/leo-english\/#breadcrumb\",\"itemListElement\":[{\"@type\":\"ListItem\",\"position\":1,\"name\":\"Home\",\"item\":\"https:\/\/leaderschool.pl\/kalisz\/\"},{\"@type\":\"ListItem\",\"position\":2,\"name\":\"Metody\",\"item\":\"https:\/\/leaderschool.pl\/kalisz\/metody\/\"},{\"@type\":\"ListItem\",\"position\":3,\"name\":\"Leo English HC\"}]}]}<\/script>\n<!-- \/ Yoast SEO plugin. -->","yoast_head_json":{"title":"Leo English HC w Kaliszu - Leader School","description":"Kurs j\u0119zyka angielskiego Leo English w Leader School Kalisz. Wejd\u017a i przeczytaj wi\u0119cej. \ud83d\udcde+48 62 767 21 21","robots":{"index":"noindex","follow":"follow"},"og_locale":"pl_PL","og_type":"article","og_title":"Leo English HC w Kaliszu - Leader School","og_description":"Kurs j\u0119zyka angielskiego Leo English w Leader School Kalisz. Wejd\u017a i przeczytaj wi\u0119cej. \ud83d\udcde+48 62 767 21 21","og_url":"https:\/\/leaderschool.pl\/kalisz\/metody\/leo-english\/","og_site_name":"w Kaliszu - Leader School","article_modified_time":"2024-03-18T09:15:54+00:00","twitter_card":"summary_large_image","schema":{"@context":"https:\/\/schema.org","@graph":[{"@type":"WebSite","@id":"https:\/\/leaderschool.pl\/kalisz\/#website","url":"https:\/\/leaderschool.pl\/kalisz\/","name":"w Kaliszu - Leader School","description":"","potentialAction":[{"@type":"SearchAction","target":{"@type":"EntryPoint","urlTemplate":"https:\/\/leaderschool.pl\/kalisz\/?s={search_term_string}"},"query-input":"required name=search_term_string"}],"inLanguage":"pl-PL"},{"@type":"WebPage","@id":"https:\/\/leaderschool.pl\/kalisz\/metody\/leo-english\/#webpage","url":"https:\/\/leaderschool.pl\/kalisz\/metody\/leo-english\/","name":"Leo English HC w Kaliszu - Leader School","isPartOf":{"@id":"https:\/\/leaderschool.pl\/kalisz\/#website"},"datePublished":"2022-07-22T16:06:07+00:00","dateModified":"2024-03-18T09:15:54+00:00","description":"Kurs j\u0119zyka angielskiego Leo English w Leader School Kalisz. Wejd\u017a i przeczytaj wi\u0119cej. \ud83d\udcde+48 62 767 21 21","breadcrumb":{"@id":"https:\/\/leaderschool.pl\/kalisz\/metody\/leo-english\/#breadcrumb"},"inLanguage":"pl-PL","potentialAction":[{"@type":"ReadAction","target":["https:\/\/leaderschool.pl\/kalisz\/metody\/leo-english\/"]}]},{"@type":"BreadcrumbList","@id":"https:\/\/leaderschool.pl\/kalisz\/metody\/leo-english\/#breadcrumb","itemListElement":[{"@type":"ListItem","position":1,"name":"Home","item":"https:\/\/leaderschool.pl\/kalisz\/"},{"@type":"ListItem","position":2,"name":"Metody","item":"https:\/\/leaderschool.pl\/kalisz\/metody\/"},{"@type":"ListItem","position":3,"name":"Leo English HC"}]}]}},"_links":{"self":[{"href":"https:\/\/leaderschool.pl\/kalisz\/wp-json\/wp\/v2\/pages\/2554"}],"collection":[{"href":"https:\/\/leaderschool.pl\/kalisz\/wp-json\/wp\/v2\/pages"}],"about":[{"href":"https:\/\/leaderschool.pl\/kalisz\/wp-json\/wp\/v2\/types\/page"}],"author":[{"embeddable":true,"href":"https:\/\/leaderschool.pl\/kalisz\/wp-json\/wp\/v2\/users\/1"}],"replies":[{"embeddable":true,"href":"https:\/\/leaderschool.pl\/kalisz\/wp-json\/wp\/v2\/comments?post=2554"}],"version-history":[{"count":2,"href":"https:\/\/leaderschool.pl\/kalisz\/wp-json\/wp\/v2\/pages\/2554\/revisions"}],"predecessor-version":[{"id":2564,"href":"https:\/\/leaderschool.pl\/kalisz\/wp-json\/wp\/v2\/pages\/2554\/revisions\/2564"}],"up":[{"embeddable":true,"href":"https:\/\/leaderschool.pl\/kalisz\/wp-json\/wp\/v2\/pages\/596"}],"wp:attachment":[{"href":"https:\/\/leaderschool.pl\/kalisz\/wp-json\/wp\/v2\/media?parent=2554"}],"curies":[{"name":"wp","href":"https:\/\/api.w.org\/{rel}","templated":true}]}}