{"id":1178,"date":"2022-06-22T11:54:47","date_gmt":"2022-06-22T09:54:47","guid":{"rendered":"http:\/\/leader-school.lan\/oddzial\/?page_id=1178"},"modified":"2023-10-12T09:53:49","modified_gmt":"2023-10-12T07:53:49","slug":"zajecia-dla-dzieci","status":"publish","type":"page","link":"https:\/\/leaderschool.pl\/kalisz\/kursy\/zajecia-dla-dzieci\/","title":{"rendered":"Zaj\u0119cia dla dzieci"},"content":{"rendered":"","protected":false},"excerpt":{"rendered":"","protected":false},"author":1,"featured_media":0,"parent":1176,"menu_order":0,"comment_status":"closed","ping_status":"closed","template":"page-templates\/courses-kids.php","meta":{"ngg_post_thumbnail":0},"acf":[],"yoast_head":"<!-- This site is optimized with the Yoast SEO plugin v18.9 - https:\/\/yoast.com\/wordpress\/plugins\/seo\/ -->\n<title>Zaj\u0119cia dla dzieci w Kaliszu - Leader School<\/title>\n<meta name=\"description\" content=\"Zobacz jakie zaj\u0119cia dla dzieci mamy w swojej ofercie. Wejd\u017a i wybierz idealny kurs dla swojego dziecka w Leader School Kalisz.\" \/>\n<meta name=\"robots\" content=\"index, follow, max-snippet:-1, max-image-preview:large, max-video-preview:-1\" \/>\n<link rel=\"canonical\" href=\"https:\/\/leaderschool.pl\/kalisz\/kursy\/zajecia-dla-dzieci\/\" \/>\n<meta property=\"og:locale\" content=\"pl_PL\" \/>\n<meta property=\"og:type\" content=\"article\" \/>\n<meta property=\"og:title\" content=\"Zaj\u0119cia dla dzieci w Kaliszu - Leader School\" \/>\n<meta property=\"og:description\" content=\"Zobacz jakie zaj\u0119cia dla dzieci mamy w swojej ofercie. Wejd\u017a i wybierz idealny kurs dla swojego dziecka w Leader School Kalisz.\" \/>\n<meta property=\"og:url\" content=\"https:\/\/leaderschool.pl\/kalisz\/kursy\/zajecia-dla-dzieci\/\" \/>\n<meta property=\"og:site_name\" content=\"w Kaliszu - Leader School\" \/>\n<meta property=\"article:modified_time\" content=\"2023-10-12T07:53:49+00:00\" \/>\n<meta name=\"twitter:card\" content=\"summary_large_image\" \/>\n<script type=\"application\/ld+json\" class=\"yoast-schema-graph\">{\"@context\":\"https:\/\/schema.org\",\"@graph\":[{\"@type\":\"WebSite\",\"@id\":\"https:\/\/leaderschool.pl\/kalisz\/#website\",\"url\":\"https:\/\/leaderschool.pl\/kalisz\/\",\"name\":\"w Kaliszu - Leader School\",\"description\":\"\",\"potentialAction\":[{\"@type\":\"SearchAction\",\"target\":{\"@type\":\"EntryPoint\",\"urlTemplate\":\"https:\/\/leaderschool.pl\/kalisz\/?s={search_term_string}\"},\"query-input\":\"required name=search_term_string\"}],\"inLanguage\":\"pl-PL\"},{\"@type\":\"WebPage\",\"@id\":\"https:\/\/leaderschool.pl\/kalisz\/kursy\/zajecia-dla-dzieci\/#webpage\",\"url\":\"https:\/\/leaderschool.pl\/kalisz\/kursy\/zajecia-dla-dzieci\/\",\"name\":\"Zaj\u0119cia dla dzieci w Kaliszu - Leader School\",\"isPartOf\":{\"@id\":\"https:\/\/leaderschool.pl\/kalisz\/#website\"},\"datePublished\":\"2022-06-22T09:54:47+00:00\",\"dateModified\":\"2023-10-12T07:53:49+00:00\",\"description\":\"Zobacz jakie zaj\u0119cia dla dzieci mamy w swojej ofercie. Wejd\u017a i wybierz idealny kurs dla swojego dziecka w Leader School Kalisz.\",\"breadcrumb\":{\"@id\":\"https:\/\/leaderschool.pl\/kalisz\/kursy\/zajecia-dla-dzieci\/#breadcrumb\"},\"inLanguage\":\"pl-PL\",\"potentialAction\":[{\"@type\":\"ReadAction\",\"target\":[\"https:\/\/leaderschool.pl\/kalisz\/kursy\/zajecia-dla-dzieci\/\"]}]},{\"@type\":\"BreadcrumbList\",\"@id\":\"https:\/\/leaderschool.pl\/kalisz\/kursy\/zajecia-dla-dzieci\/#breadcrumb\",\"itemListElement\":[{\"@type\":\"ListItem\",\"position\":1,\"name\":\"Home\",\"item\":\"https:\/\/leaderschool.pl\/kalisz\/\"},{\"@type\":\"ListItem\",\"position\":2,\"name\":\"Kursy\",\"item\":\"https:\/\/leaderschool.pl\/kalisz\/kursy\/\"},{\"@type\":\"ListItem\",\"position\":3,\"name\":\"Zaj\u0119cia dla dzieci\"}]}]}<\/script>\n<!-- \/ Yoast SEO plugin. -->","yoast_head_json":{"title":"Zaj\u0119cia dla dzieci w Kaliszu - Leader School","description":"Zobacz jakie zaj\u0119cia dla dzieci mamy w swojej ofercie. Wejd\u017a i wybierz idealny kurs dla swojego dziecka w Leader School Kalisz.","robots":{"index":"index","follow":"follow","max-snippet":"max-snippet:-1","max-image-preview":"max-image-preview:large","max-video-preview":"max-video-preview:-1"},"canonical":"https:\/\/leaderschool.pl\/kalisz\/kursy\/zajecia-dla-dzieci\/","og_locale":"pl_PL","og_type":"article","og_title":"Zaj\u0119cia dla dzieci w Kaliszu - Leader School","og_description":"Zobacz jakie zaj\u0119cia dla dzieci mamy w swojej ofercie. Wejd\u017a i wybierz idealny kurs dla swojego dziecka w Leader School Kalisz.","og_url":"https:\/\/leaderschool.pl\/kalisz\/kursy\/zajecia-dla-dzieci\/","og_site_name":"w Kaliszu - Leader School","article_modified_time":"2023-10-12T07:53:49+00:00","twitter_card":"summary_large_image","schema":{"@context":"https:\/\/schema.org","@graph":[{"@type":"WebSite","@id":"https:\/\/leaderschool.pl\/kalisz\/#website","url":"https:\/\/leaderschool.pl\/kalisz\/","name":"w Kaliszu - Leader School","description":"","potentialAction":[{"@type":"SearchAction","target":{"@type":"EntryPoint","urlTemplate":"https:\/\/leaderschool.pl\/kalisz\/?s={search_term_string}"},"query-input":"required name=search_term_string"}],"inLanguage":"pl-PL"},{"@type":"WebPage","@id":"https:\/\/leaderschool.pl\/kalisz\/kursy\/zajecia-dla-dzieci\/#webpage","url":"https:\/\/leaderschool.pl\/kalisz\/kursy\/zajecia-dla-dzieci\/","name":"Zaj\u0119cia dla dzieci w Kaliszu - Leader School","isPartOf":{"@id":"https:\/\/leaderschool.pl\/kalisz\/#website"},"datePublished":"2022-06-22T09:54:47+00:00","dateModified":"2023-10-12T07:53:49+00:00","description":"Zobacz jakie zaj\u0119cia dla dzieci mamy w swojej ofercie. Wejd\u017a i wybierz idealny kurs dla swojego dziecka w Leader School Kalisz.","breadcrumb":{"@id":"https:\/\/leaderschool.pl\/kalisz\/kursy\/zajecia-dla-dzieci\/#breadcrumb"},"inLanguage":"pl-PL","potentialAction":[{"@type":"ReadAction","target":["https:\/\/leaderschool.pl\/kalisz\/kursy\/zajecia-dla-dzieci\/"]}]},{"@type":"BreadcrumbList","@id":"https:\/\/leaderschool.pl\/kalisz\/kursy\/zajecia-dla-dzieci\/#breadcrumb","itemListElement":[{"@type":"ListItem","position":1,"name":"Home","item":"https:\/\/leaderschool.pl\/kalisz\/"},{"@type":"ListItem","position":2,"name":"Kursy","item":"https:\/\/leaderschool.pl\/kalisz\/kursy\/"},{"@type":"ListItem","position":3,"name":"Zaj\u0119cia dla dzieci"}]}]}},"_links":{"self":[{"href":"https:\/\/leaderschool.pl\/kalisz\/wp-json\/wp\/v2\/pages\/1178"}],"collection":[{"href":"https:\/\/leaderschool.pl\/kalisz\/wp-json\/wp\/v2\/pages"}],"about":[{"href":"https:\/\/leaderschool.pl\/kalisz\/wp-json\/wp\/v2\/types\/page"}],"author":[{"embeddable":true,"href":"https:\/\/leaderschool.pl\/kalisz\/wp-json\/wp\/v2\/users\/1"}],"replies":[{"embeddable":true,"href":"https:\/\/leaderschool.pl\/kalisz\/wp-json\/wp\/v2\/comments?post=1178"}],"version-history":[{"count":1,"href":"https:\/\/leaderschool.pl\/kalisz\/wp-json\/wp\/v2\/pages\/1178\/revisions"}],"predecessor-version":[{"id":1179,"href":"https:\/\/leaderschool.pl\/kalisz\/wp-json\/wp\/v2\/pages\/1178\/revisions\/1179"}],"up":[{"embeddable":true,"href":"https:\/\/leaderschool.pl\/kalisz\/wp-json\/wp\/v2\/pages\/1176"}],"wp:attachment":[{"href":"https:\/\/leaderschool.pl\/kalisz\/wp-json\/wp\/v2\/media?parent=1178"}],"curies":[{"name":"wp","href":"https:\/\/api.w.org\/{rel}","templated":true}]}}