{"id":1176,"date":"2022-06-22T11:54:26","date_gmt":"2022-06-22T09:54:26","guid":{"rendered":"http:\/\/leader-school.lan\/oddzial\/?page_id=1176"},"modified":"2023-10-13T09:42:07","modified_gmt":"2023-10-13T07:42:07","slug":"kursy","status":"publish","type":"page","link":"https:\/\/leaderschool.pl\/kalisz\/kursy\/","title":{"rendered":"Kursy"},"content":{"rendered":"","protected":false},"excerpt":{"rendered":"","protected":false},"author":1,"featured_media":0,"parent":0,"menu_order":0,"comment_status":"closed","ping_status":"closed","template":"page-templates\/courses.php","meta":{"ngg_post_thumbnail":0},"acf":[],"yoast_head":"<!-- This site is optimized with the Yoast SEO plugin v18.9 - https:\/\/yoast.com\/wordpress\/plugins\/seo\/ -->\n<title>Kursy w Kaliszu - Leader School<\/title>\n<meta name=\"description\" content=\"Sprawd\u017a ofert\u0119 naszych kurs\u00f3w j\u0119zykowych w Leader School Kalisz. Wejd\u017a i wybierz idealny kurs dla siebie lub swoich bliskich.\" \/>\n<meta name=\"robots\" content=\"index, follow, max-snippet:-1, max-image-preview:large, max-video-preview:-1\" \/>\n<link rel=\"canonical\" href=\"https:\/\/leaderschool.pl\/kalisz\/kursy\/\" \/>\n<meta property=\"og:locale\" content=\"pl_PL\" \/>\n<meta property=\"og:type\" content=\"article\" \/>\n<meta property=\"og:title\" content=\"Kursy w Kaliszu - Leader School\" \/>\n<meta property=\"og:description\" content=\"Sprawd\u017a ofert\u0119 naszych kurs\u00f3w j\u0119zykowych w Leader School Kalisz. Wejd\u017a i wybierz idealny kurs dla siebie lub swoich bliskich.\" \/>\n<meta property=\"og:url\" content=\"https:\/\/leaderschool.pl\/kalisz\/kursy\/\" \/>\n<meta property=\"og:site_name\" content=\"w Kaliszu - Leader School\" \/>\n<meta property=\"article:modified_time\" content=\"2023-10-13T07:42:07+00:00\" \/>\n<meta name=\"twitter:card\" content=\"summary_large_image\" \/>\n<script type=\"application\/ld+json\" class=\"yoast-schema-graph\">{\"@context\":\"https:\/\/schema.org\",\"@graph\":[{\"@type\":\"WebSite\",\"@id\":\"https:\/\/leaderschool.pl\/kalisz\/#website\",\"url\":\"https:\/\/leaderschool.pl\/kalisz\/\",\"name\":\"w Kaliszu - Leader School\",\"description\":\"\",\"potentialAction\":[{\"@type\":\"SearchAction\",\"target\":{\"@type\":\"EntryPoint\",\"urlTemplate\":\"https:\/\/leaderschool.pl\/kalisz\/?s={search_term_string}\"},\"query-input\":\"required name=search_term_string\"}],\"inLanguage\":\"pl-PL\"},{\"@type\":\"WebPage\",\"@id\":\"https:\/\/leaderschool.pl\/kalisz\/kursy\/#webpage\",\"url\":\"https:\/\/leaderschool.pl\/kalisz\/kursy\/\",\"name\":\"Kursy w Kaliszu - Leader School\",\"isPartOf\":{\"@id\":\"https:\/\/leaderschool.pl\/kalisz\/#website\"},\"datePublished\":\"2022-06-22T09:54:26+00:00\",\"dateModified\":\"2023-10-13T07:42:07+00:00\",\"description\":\"Sprawd\u017a ofert\u0119 naszych kurs\u00f3w j\u0119zykowych w Leader School Kalisz. Wejd\u017a i wybierz idealny kurs dla siebie lub swoich bliskich.\",\"breadcrumb\":{\"@id\":\"https:\/\/leaderschool.pl\/kalisz\/kursy\/#breadcrumb\"},\"inLanguage\":\"pl-PL\",\"potentialAction\":[{\"@type\":\"ReadAction\",\"target\":[\"https:\/\/leaderschool.pl\/kalisz\/kursy\/\"]}]},{\"@type\":\"BreadcrumbList\",\"@id\":\"https:\/\/leaderschool.pl\/kalisz\/kursy\/#breadcrumb\",\"itemListElement\":[{\"@type\":\"ListItem\",\"position\":1,\"name\":\"Home\",\"item\":\"https:\/\/leaderschool.pl\/kalisz\/\"},{\"@type\":\"ListItem\",\"position\":2,\"name\":\"Kursy\"}]}]}<\/script>\n<!-- \/ Yoast SEO plugin. -->","yoast_head_json":{"title":"Kursy w Kaliszu - Leader School","description":"Sprawd\u017a ofert\u0119 naszych kurs\u00f3w j\u0119zykowych w Leader School Kalisz. Wejd\u017a i wybierz idealny kurs dla siebie lub swoich bliskich.","robots":{"index":"index","follow":"follow","max-snippet":"max-snippet:-1","max-image-preview":"max-image-preview:large","max-video-preview":"max-video-preview:-1"},"canonical":"https:\/\/leaderschool.pl\/kalisz\/kursy\/","og_locale":"pl_PL","og_type":"article","og_title":"Kursy w Kaliszu - Leader School","og_description":"Sprawd\u017a ofert\u0119 naszych kurs\u00f3w j\u0119zykowych w Leader School Kalisz. Wejd\u017a i wybierz idealny kurs dla siebie lub swoich bliskich.","og_url":"https:\/\/leaderschool.pl\/kalisz\/kursy\/","og_site_name":"w Kaliszu - Leader School","article_modified_time":"2023-10-13T07:42:07+00:00","twitter_card":"summary_large_image","schema":{"@context":"https:\/\/schema.org","@graph":[{"@type":"WebSite","@id":"https:\/\/leaderschool.pl\/kalisz\/#website","url":"https:\/\/leaderschool.pl\/kalisz\/","name":"w Kaliszu - Leader School","description":"","potentialAction":[{"@type":"SearchAction","target":{"@type":"EntryPoint","urlTemplate":"https:\/\/leaderschool.pl\/kalisz\/?s={search_term_string}"},"query-input":"required name=search_term_string"}],"inLanguage":"pl-PL"},{"@type":"WebPage","@id":"https:\/\/leaderschool.pl\/kalisz\/kursy\/#webpage","url":"https:\/\/leaderschool.pl\/kalisz\/kursy\/","name":"Kursy w Kaliszu - Leader School","isPartOf":{"@id":"https:\/\/leaderschool.pl\/kalisz\/#website"},"datePublished":"2022-06-22T09:54:26+00:00","dateModified":"2023-10-13T07:42:07+00:00","description":"Sprawd\u017a ofert\u0119 naszych kurs\u00f3w j\u0119zykowych w Leader School Kalisz. Wejd\u017a i wybierz idealny kurs dla siebie lub swoich bliskich.","breadcrumb":{"@id":"https:\/\/leaderschool.pl\/kalisz\/kursy\/#breadcrumb"},"inLanguage":"pl-PL","potentialAction":[{"@type":"ReadAction","target":["https:\/\/leaderschool.pl\/kalisz\/kursy\/"]}]},{"@type":"BreadcrumbList","@id":"https:\/\/leaderschool.pl\/kalisz\/kursy\/#breadcrumb","itemListElement":[{"@type":"ListItem","position":1,"name":"Home","item":"https:\/\/leaderschool.pl\/kalisz\/"},{"@type":"ListItem","position":2,"name":"Kursy"}]}]}},"_links":{"self":[{"href":"https:\/\/leaderschool.pl\/kalisz\/wp-json\/wp\/v2\/pages\/1176"}],"collection":[{"href":"https:\/\/leaderschool.pl\/kalisz\/wp-json\/wp\/v2\/pages"}],"about":[{"href":"https:\/\/leaderschool.pl\/kalisz\/wp-json\/wp\/v2\/types\/page"}],"author":[{"embeddable":true,"href":"https:\/\/leaderschool.pl\/kalisz\/wp-json\/wp\/v2\/users\/1"}],"replies":[{"embeddable":true,"href":"https:\/\/leaderschool.pl\/kalisz\/wp-json\/wp\/v2\/comments?post=1176"}],"version-history":[{"count":1,"href":"https:\/\/leaderschool.pl\/kalisz\/wp-json\/wp\/v2\/pages\/1176\/revisions"}],"predecessor-version":[{"id":1177,"href":"https:\/\/leaderschool.pl\/kalisz\/wp-json\/wp\/v2\/pages\/1176\/revisions\/1177"}],"wp:attachment":[{"href":"https:\/\/leaderschool.pl\/kalisz\/wp-json\/wp\/v2\/media?parent=1176"}],"curies":[{"name":"wp","href":"https:\/\/api.w.org\/{rel}","templated":true}]}}