{"id":708,"date":"2022-05-30T13:50:00","date_gmt":"2022-05-30T11:50:00","guid":{"rendered":"http:\/\/leader-school.lan\/oddzial\/?page_id=708"},"modified":"2023-11-13T13:49:26","modified_gmt":"2023-11-13T12:49:26","slug":"leo-maniak","status":"publish","type":"page","link":"https:\/\/leaderschool.pl\/gniezno\/metody\/leo-maniak\/","title":{"rendered":"Leo Maniak &#8211; Lepsze ni\u017c korepetycje dla uczni\u00f3w"},"content":{"rendered":"","protected":false},"excerpt":{"rendered":"","protected":false},"author":1,"featured_media":0,"parent":596,"menu_order":0,"comment_status":"closed","ping_status":"closed","template":"page-templates\/methods-leo-maniak.php","meta":{"ngg_post_thumbnail":0},"acf":[],"yoast_head":"<!-- This site is optimized with the Yoast SEO plugin v18.9 - https:\/\/yoast.com\/wordpress\/plugins\/seo\/ -->\n<title>Leo Maniak - Lepsze ni\u017c korepetycje dla uczni\u00f3w Szko\u0142a j\u0119zykowa w Gnie\u017anie - Leader School<\/title>\n<meta name=\"description\" content=\"Efektywna nauka metod\u0105 Leo Maniak dla dzieci w szkole j\u0119zykowej w Gnie\u017anie. Sprawd\u017a zaj\u0119cia i zapisz swoje dziecko ju\u017c dzi\u015b!\" \/>\n<meta name=\"robots\" content=\"index, follow, max-snippet:-1, max-image-preview:large, max-video-preview:-1\" \/>\n<link rel=\"canonical\" href=\"https:\/\/leaderschool.pl\/gniezno\/metody\/leo-maniak\/\" \/>\n<meta property=\"og:locale\" content=\"pl_PL\" \/>\n<meta property=\"og:type\" content=\"article\" \/>\n<meta property=\"og:title\" content=\"Leo Maniak - Lepsze ni\u017c korepetycje dla uczni\u00f3w Szko\u0142a j\u0119zykowa w Gnie\u017anie - Leader School\" \/>\n<meta property=\"og:description\" content=\"Efektywna nauka metod\u0105 Leo Maniak dla dzieci w szkole j\u0119zykowej w Gnie\u017anie. Sprawd\u017a zaj\u0119cia i zapisz swoje dziecko ju\u017c dzi\u015b!\" \/>\n<meta property=\"og:url\" content=\"https:\/\/leaderschool.pl\/gniezno\/metody\/leo-maniak\/\" \/>\n<meta property=\"og:site_name\" content=\"Szko\u0142a j\u0119zykowa w Gnie\u017anie - Leader School\" \/>\n<meta property=\"article:modified_time\" content=\"2023-11-13T12:49:26+00:00\" \/>\n<meta name=\"twitter:card\" content=\"summary_large_image\" \/>\n<script type=\"application\/ld+json\" class=\"yoast-schema-graph\">{\"@context\":\"https:\/\/schema.org\",\"@graph\":[{\"@type\":\"WebSite\",\"@id\":\"https:\/\/leaderschool.pl\/gniezno\/#website\",\"url\":\"https:\/\/leaderschool.pl\/gniezno\/\",\"name\":\"Szko\u0142a j\u0119zykowa w Gnie\u017anie - Leader School\",\"description\":\"\",\"potentialAction\":[{\"@type\":\"SearchAction\",\"target\":{\"@type\":\"EntryPoint\",\"urlTemplate\":\"https:\/\/leaderschool.pl\/gniezno\/?s={search_term_string}\"},\"query-input\":\"required name=search_term_string\"}],\"inLanguage\":\"pl-PL\"},{\"@type\":\"WebPage\",\"@id\":\"https:\/\/leaderschool.pl\/gniezno\/metody\/leo-maniak\/#webpage\",\"url\":\"https:\/\/leaderschool.pl\/gniezno\/metody\/leo-maniak\/\",\"name\":\"Leo Maniak - Lepsze ni\u017c korepetycje dla uczni\u00f3w Szko\u0142a j\u0119zykowa w Gnie\u017anie - Leader School\",\"isPartOf\":{\"@id\":\"https:\/\/leaderschool.pl\/gniezno\/#website\"},\"datePublished\":\"2022-05-30T11:50:00+00:00\",\"dateModified\":\"2023-11-13T12:49:26+00:00\",\"description\":\"Efektywna nauka metod\u0105 Leo Maniak dla dzieci w szkole j\u0119zykowej w Gnie\u017anie. Sprawd\u017a zaj\u0119cia i zapisz swoje dziecko ju\u017c dzi\u015b!\",\"breadcrumb\":{\"@id\":\"https:\/\/leaderschool.pl\/gniezno\/metody\/leo-maniak\/#breadcrumb\"},\"inLanguage\":\"pl-PL\",\"potentialAction\":[{\"@type\":\"ReadAction\",\"target\":[\"https:\/\/leaderschool.pl\/gniezno\/metody\/leo-maniak\/\"]}]},{\"@type\":\"BreadcrumbList\",\"@id\":\"https:\/\/leaderschool.pl\/gniezno\/metody\/leo-maniak\/#breadcrumb\",\"itemListElement\":[{\"@type\":\"ListItem\",\"position\":1,\"name\":\"Home\",\"item\":\"https:\/\/leaderschool.pl\/gniezno\/\"},{\"@type\":\"ListItem\",\"position\":2,\"name\":\"Metody\",\"item\":\"https:\/\/leaderschool.pl\/gniezno\/metody\/\"},{\"@type\":\"ListItem\",\"position\":3,\"name\":\"Leo Maniak &#8211; Lepsze ni\u017c korepetycje dla uczni\u00f3w\"}]}]}<\/script>\n<!-- \/ Yoast SEO plugin. -->","yoast_head_json":{"title":"Leo Maniak - Lepsze ni\u017c korepetycje dla uczni\u00f3w Szko\u0142a j\u0119zykowa w Gnie\u017anie - Leader School","description":"Efektywna nauka metod\u0105 Leo Maniak dla dzieci w szkole j\u0119zykowej w Gnie\u017anie. Sprawd\u017a zaj\u0119cia i zapisz swoje dziecko ju\u017c dzi\u015b!","robots":{"index":"index","follow":"follow","max-snippet":"max-snippet:-1","max-image-preview":"max-image-preview:large","max-video-preview":"max-video-preview:-1"},"canonical":"https:\/\/leaderschool.pl\/gniezno\/metody\/leo-maniak\/","og_locale":"pl_PL","og_type":"article","og_title":"Leo Maniak - Lepsze ni\u017c korepetycje dla uczni\u00f3w Szko\u0142a j\u0119zykowa w Gnie\u017anie - Leader School","og_description":"Efektywna nauka metod\u0105 Leo Maniak dla dzieci w szkole j\u0119zykowej w Gnie\u017anie. Sprawd\u017a zaj\u0119cia i zapisz swoje dziecko ju\u017c dzi\u015b!","og_url":"https:\/\/leaderschool.pl\/gniezno\/metody\/leo-maniak\/","og_site_name":"Szko\u0142a j\u0119zykowa w Gnie\u017anie - Leader School","article_modified_time":"2023-11-13T12:49:26+00:00","twitter_card":"summary_large_image","schema":{"@context":"https:\/\/schema.org","@graph":[{"@type":"WebSite","@id":"https:\/\/leaderschool.pl\/gniezno\/#website","url":"https:\/\/leaderschool.pl\/gniezno\/","name":"Szko\u0142a j\u0119zykowa w Gnie\u017anie - Leader School","description":"","potentialAction":[{"@type":"SearchAction","target":{"@type":"EntryPoint","urlTemplate":"https:\/\/leaderschool.pl\/gniezno\/?s={search_term_string}"},"query-input":"required name=search_term_string"}],"inLanguage":"pl-PL"},{"@type":"WebPage","@id":"https:\/\/leaderschool.pl\/gniezno\/metody\/leo-maniak\/#webpage","url":"https:\/\/leaderschool.pl\/gniezno\/metody\/leo-maniak\/","name":"Leo Maniak - Lepsze ni\u017c korepetycje dla uczni\u00f3w Szko\u0142a j\u0119zykowa w Gnie\u017anie - Leader School","isPartOf":{"@id":"https:\/\/leaderschool.pl\/gniezno\/#website"},"datePublished":"2022-05-30T11:50:00+00:00","dateModified":"2023-11-13T12:49:26+00:00","description":"Efektywna nauka metod\u0105 Leo Maniak dla dzieci w szkole j\u0119zykowej w Gnie\u017anie. Sprawd\u017a zaj\u0119cia i zapisz swoje dziecko ju\u017c dzi\u015b!","breadcrumb":{"@id":"https:\/\/leaderschool.pl\/gniezno\/metody\/leo-maniak\/#breadcrumb"},"inLanguage":"pl-PL","potentialAction":[{"@type":"ReadAction","target":["https:\/\/leaderschool.pl\/gniezno\/metody\/leo-maniak\/"]}]},{"@type":"BreadcrumbList","@id":"https:\/\/leaderschool.pl\/gniezno\/metody\/leo-maniak\/#breadcrumb","itemListElement":[{"@type":"ListItem","position":1,"name":"Home","item":"https:\/\/leaderschool.pl\/gniezno\/"},{"@type":"ListItem","position":2,"name":"Metody","item":"https:\/\/leaderschool.pl\/gniezno\/metody\/"},{"@type":"ListItem","position":3,"name":"Leo Maniak &#8211; Lepsze ni\u017c korepetycje dla uczni\u00f3w"}]}]}},"_links":{"self":[{"href":"https:\/\/leaderschool.pl\/gniezno\/wp-json\/wp\/v2\/pages\/708"}],"collection":[{"href":"https:\/\/leaderschool.pl\/gniezno\/wp-json\/wp\/v2\/pages"}],"about":[{"href":"https:\/\/leaderschool.pl\/gniezno\/wp-json\/wp\/v2\/types\/page"}],"author":[{"embeddable":true,"href":"https:\/\/leaderschool.pl\/gniezno\/wp-json\/wp\/v2\/users\/1"}],"replies":[{"embeddable":true,"href":"https:\/\/leaderschool.pl\/gniezno\/wp-json\/wp\/v2\/comments?post=708"}],"version-history":[{"count":14,"href":"https:\/\/leaderschool.pl\/gniezno\/wp-json\/wp\/v2\/pages\/708\/revisions"}],"predecessor-version":[{"id":2592,"href":"https:\/\/leaderschool.pl\/gniezno\/wp-json\/wp\/v2\/pages\/708\/revisions\/2592"}],"up":[{"embeddable":true,"href":"https:\/\/leaderschool.pl\/gniezno\/wp-json\/wp\/v2\/pages\/596"}],"wp:attachment":[{"href":"https:\/\/leaderschool.pl\/gniezno\/wp-json\/wp\/v2\/media?parent=708"}],"curies":[{"name":"wp","href":"https:\/\/api.w.org\/{rel}","templated":true}]}}