{"id":3011,"date":"2025-03-28T13:59:27","date_gmt":"2025-03-28T12:59:27","guid":{"rendered":"https:\/\/leaderschool.pl\/gniezno\/?page_id=3011"},"modified":"2025-03-28T13:59:28","modified_gmt":"2025-03-28T12:59:28","slug":"regulamin-konkursu-zrob-sobie-zdjecie-z-naszym-bilbordem","status":"publish","type":"page","link":"https:\/\/leaderschool.pl\/gniezno\/regulamin-konkursu-zrob-sobie-zdjecie-z-naszym-bilbordem\/","title":{"rendered":"Regulamin Konkursu \u201eZr\u00f3b sobie zdj\u0119cie z naszym bilbordem\u201d"},"content":{"rendered":"\n<p>Regulamin do konkursu<br>Regulamin Konkursu \u201eZr\u00f3b sobie zdj\u0119cie z naszym bilbordem\u201d<\/p>\n\n\n\n<ol><li><strong>Organizator konkursu<br><\/strong>Organizatorem konkursu \u201eZr\u00f3b sobie zdj\u0119cie z naszym bilbordem\u201d (dalej:<br>\u201eKonkurs\u201d) jest P.W. B.WOLICKA, z siedzib\u0105 w Poznaniu, ul Mogile\u0144ska 10a\/6,<br>zarejestrowana pod numerem NIP 9680161740 (dalej: \u201eOrganizatorem\u201d).<br><\/li><li><strong>Czas trwania Konkursu<br><\/strong>Konkurs rozpoczyna si\u0119 w dniu 1.04.2025 i trwa do dnia 30.04.2025. Zg\u0142oszenia<br>przyjmowane b\u0119d\u0105 do godziny 24:00 w dniu 30.04.2025.<br><\/li><li><strong>Warunki uczestnictwa<\/strong><br>Uczestnikiem Konkursu mo\u017ce by\u0107 osoba fizyczna, kt\u00f3ra:<br>\u2022 ma uko\u0144czone 18 lat,<br>\u2022 posiada pe\u0142n\u0105 zdolno\u015b\u0107 do czynno\u015bci prawnych,<br>\u2022 jest u\u017cytkownikiem Facebooka i polubi\u0142a stron\u0119 Organizatora na<br>Facebooku.<br>Udzia\u0142 w Konkursie jest dobrowolny i bezp\u0142atny.<br>Udzia\u0142 w Konkursie oznacza akceptacj\u0119 niniejszego regulaminu.<br><\/li><li><strong>Zasady Konkursu<\/strong><br>Aby wzi\u0105\u0107 udzia\u0142 w Konkursie, uczestnik musi:<br>\u2022 Zrobi\u0107 sobie zdj\u0119cie z przynajmniej 1 bilbordem Organizatora, kt\u00f3ry<br>znajduje si\u0119 na terenie miasta Gniezno. Nie mo\u017ce by\u0107 to selfi &#8211; musi by\u0107<br>widoczne otoczenie bilbordu.<br>\u2022 Polubi\u0107 stron\u0119 Organizatora na Facebooku.<br>\u2022 Zaprosi\u0107 dw\u00f3ch znajomych do udzia\u0142u w Konkursie poprzez oznaczenie ich<br>w komentarzu pod postem konkursowym.<br>Zdj\u0119cia uczestnik\u00f3w nale\u017cy przes\u0142a\u0107 przez wiadomo\u015b\u0107 prywatn\u0105 na Facebooku<br>Organizatora, wraz z danymi kontaktowymi (imi\u0119, nazwisko, numer telefonu).<br><\/li><li><strong>Nagroda<\/strong><br>G\u0142\u00f3wn\u0105 Nagrod\u0105 w Konkursie jest roczne stypendium na kurs j\u0119zykowy o<br>warto\u015bci 2700z\u0142 za przes\u0142anie 4 zdj\u0119\u0107 z r\u00f3\u017cnych lokalizacji (z podaniem ich adresu),<br>do realizacji w roku szkolnym 2025\/2026.<br>Za przes\u0142anie 3 zdj\u0119\u0107 z r\u00f3\u017cnych lokalizacji (z podaniem ich adresu) nagrod\u0105 jest<br>stypendium na 6 miesi\u0119czny kurs o warto\u015bci 1350z\u0142, do realizacji w roku szkolnym<br>2025\/2026.<br>Za przes\u0142anie 2 zdj\u0119\u0107 z r\u00f3\u017cnych lokalizacji (z podaniem ich adresu) nagroda to 3<br>miesi\u0105ce kursu o warto\u015bci 810z\u0142, do realizacji w roku szkolnym 2025\/2026.<br>Za przes\u0142anie 1 zdj\u0119cia z bilbordem w tle (z podaniem jego adresu), 1 mc nauki<br>za free o warto\u015bci 270 z\u0142, do realizacji w roku szkolnym 2025\/2026.<br>Nagroda nie podlega wymianie na got\u00f3wk\u0119 ani na inne produkty. Nie mo\u017ce by\u0107<br>realizowane w inny spos\u00f3b, ani w innej szkole Leader School.<br>W przypadku rezygnacji ze zdobytej nagrody, Organizator nie jest zobowi\u0105zany<br>do przyznania jej ponownie.<br>Nagrod\u0119 mo\u017cna przeznaczy\u0107 na kurs j\u0119zykowy dla dziecka lub osoby doros\u0142ej.<br>Zwyci\u0119zcy konkursu nie mog\u0105 przekaza\u0107 wygranej innej osobie.<br><\/li><li><strong>Wyb\u00f3r zwyci\u0119zc\u00f3w<\/strong><br>Zwyci\u0119zcy Konkursu to osoby kt\u00f3rzy jako pierwsze prze\u015bl\u0105 zdj\u0119cia (w przypadku<br>gdy 2 osoby wy\u015bl\u0105 np. 4 zdj\u0119cia, tylko jedna z nich otrzymuje nagrod\u0119 \u2013 decyduje<br>kolejno\u015b\u0107 zg\u0142osze\u0144). To samo dotyczy zg\u0142osze\u0144 z 3,2 i 1 zdj\u0119ciem. Nagrod\u0119<br>otrzymuje tylko 1 osoba, z danej kategorii, kt\u00f3ra jako pierwsza wy\u015ble zdj\u0119cia.<br>Zwyci\u0119zcy zostan\u0105 og\u0142oszeni na stronie Facebook Organizatora najp\u00f3\u017aniej do<br>5.05.2025.<br>Zwyci\u0119zcy zostan\u0105 poinformowani o wygranej za po\u015brednictwem wiadomo\u015bci<br>prywatnej na Facebooku.<br><\/li><li><strong>Odbi\u00f3r nagrody<\/strong><br>Nagroda zostanie przekazana zwyci\u0119zcy w siedzibie szko\u0142y Leader School Gniezno,<br>po uprzednim kontakcie przez Organizatora.<br>Warto\u015b\u0107 przyznanych nagr\u00f3d 5130z\u0142 dla dzieci i 5605z\u0142 dla doros\u0142ych.<br><\/li><li><strong>Ochrona danych osobowych<\/strong><br>Administratorem danych osobowych uczestnik\u00f3w Konkursu jest Organizator.<br>Dane osobowe uczestnik\u00f3w b\u0119d\u0105 przetwarzane wy\u0142\u0105cznie w celu realizacji<br>Konkursu i wydania nagr\u00f3d.<br>Uczestnicy Konkursu maj\u0105 prawo do wgl\u0105du, poprawiania i usuni\u0119cia swoich<br>danych osobowych.<br><\/li><li><strong>Postanowienia ko\u0144cowe<\/strong><br>Organizator zastrzega sobie prawo do zmiany regulaminu Konkursu w trakcie jego<br>trwania. Zmiany regulaminu nie b\u0119d\u0105 mia\u0142y wp\u0142ywu na prawa uczestnik\u00f3w, kt\u00f3rzy<br>zg\u0142osili swoje zdj\u0119cia przed dokonaniem zmiany.<br>W przypadku nieprzestrzegania zasad Konkursu przez uczestnik\u00f3w, Organizator<br>ma prawo do wykluczenia ich z udzia\u0142u w Konkursie.<br>Konkurs nie jest w \u017caden spos\u00f3b powi\u0105zany z Facebookiem. Facebook nie ponosi<br>odpowiedzialno\u015bci za organizacj\u0119 i przebieg Konkursu.<br><\/li><li><strong>Kontakt<br><\/strong>W przypadku pyta\u0144 dotycz\u0105cych Konkursu, prosimy o kontakt z Organizatorem za<br>po\u015brednictwem wiadomo\u015bci prywatnej na Facebooku lub mailowo pod adresem:<br>gniezno@leaderschool.pl<\/li><\/ol>\n","protected":false},"excerpt":{"rendered":"<p>Regulamin do konkursuRegulamin Konkursu \u201eZr\u00f3b sobie zdj\u0119cie z naszym bilbordem\u201d Organizator konkursuOrganizatorem konkursu \u201eZr\u00f3b sobie zdj\u0119cie z naszym bilbordem\u201d (dalej:\u201eKonkurs\u201d) jest P.W. B.WOLICKA, z siedzib\u0105 w Poznaniu, ul Mogile\u0144ska 10a\/6,zarejestrowana pod numerem NIP 9680161740 (dalej: \u201eOrganizatorem\u201d). Czas trwania KonkursuKonkurs rozpoczyna si\u0119 w dniu 1.04.2025 i trwa do dnia 30.04.2025. Zg\u0142oszeniaprzyjmowane b\u0119d\u0105 do godziny 24:00 w [&hellip;]<\/p>\n","protected":false},"author":20,"featured_media":0,"parent":0,"menu_order":0,"comment_status":"closed","ping_status":"closed","template":"","meta":{"ngg_post_thumbnail":0},"acf":[],"yoast_head":"<!-- This site is optimized with the Yoast SEO plugin v18.9 - https:\/\/yoast.com\/wordpress\/plugins\/seo\/ -->\n<title>Regulamin Konkursu \u201eZr\u00f3b sobie zdj\u0119cie z naszym bilbordem\u201d Szko\u0142a j\u0119zykowa w Gnie\u017anie - Leader School<\/title>\n<meta name=\"robots\" content=\"index, follow, max-snippet:-1, max-image-preview:large, max-video-preview:-1\" \/>\n<link rel=\"canonical\" href=\"https:\/\/leaderschool.pl\/gniezno\/regulamin-konkursu-zrob-sobie-zdjecie-z-naszym-bilbordem\/\" \/>\n<meta property=\"og:locale\" content=\"pl_PL\" \/>\n<meta property=\"og:type\" content=\"article\" \/>\n<meta property=\"og:title\" content=\"Regulamin Konkursu \u201eZr\u00f3b sobie zdj\u0119cie z naszym bilbordem\u201d Szko\u0142a j\u0119zykowa w Gnie\u017anie - Leader School\" \/>\n<meta property=\"og:description\" content=\"Regulamin do konkursuRegulamin Konkursu \u201eZr\u00f3b sobie zdj\u0119cie z naszym bilbordem\u201d Organizator konkursuOrganizatorem konkursu \u201eZr\u00f3b sobie zdj\u0119cie z naszym bilbordem\u201d (dalej:\u201eKonkurs\u201d) jest P.W. B.WOLICKA, z siedzib\u0105 w Poznaniu, ul Mogile\u0144ska 10a\/6,zarejestrowana pod numerem NIP 9680161740 (dalej: \u201eOrganizatorem\u201d). Czas trwania KonkursuKonkurs rozpoczyna si\u0119 w dniu 1.04.2025 i trwa do dnia 30.04.2025. Zg\u0142oszeniaprzyjmowane b\u0119d\u0105 do godziny 24:00 w [&hellip;]\" \/>\n<meta property=\"og:url\" content=\"https:\/\/leaderschool.pl\/gniezno\/regulamin-konkursu-zrob-sobie-zdjecie-z-naszym-bilbordem\/\" \/>\n<meta property=\"og:site_name\" content=\"Szko\u0142a j\u0119zykowa w Gnie\u017anie - Leader School\" \/>\n<meta property=\"article:modified_time\" content=\"2025-03-28T12:59:28+00:00\" \/>\n<meta name=\"twitter:card\" content=\"summary_large_image\" \/>\n<meta name=\"twitter:label1\" content=\"Szacowany czas czytania\" \/>\n\t<meta name=\"twitter:data1\" content=\"4 minuty\" \/>\n<script type=\"application\/ld+json\" class=\"yoast-schema-graph\">{\"@context\":\"https:\/\/schema.org\",\"@graph\":[{\"@type\":\"WebSite\",\"@id\":\"https:\/\/leaderschool.pl\/gniezno\/#website\",\"url\":\"https:\/\/leaderschool.pl\/gniezno\/\",\"name\":\"Szko\u0142a j\u0119zykowa w Gnie\u017anie - Leader School\",\"description\":\"\",\"potentialAction\":[{\"@type\":\"SearchAction\",\"target\":{\"@type\":\"EntryPoint\",\"urlTemplate\":\"https:\/\/leaderschool.pl\/gniezno\/?s={search_term_string}\"},\"query-input\":\"required name=search_term_string\"}],\"inLanguage\":\"pl-PL\"},{\"@type\":\"WebPage\",\"@id\":\"https:\/\/leaderschool.pl\/gniezno\/regulamin-konkursu-zrob-sobie-zdjecie-z-naszym-bilbordem\/#webpage\",\"url\":\"https:\/\/leaderschool.pl\/gniezno\/regulamin-konkursu-zrob-sobie-zdjecie-z-naszym-bilbordem\/\",\"name\":\"Regulamin Konkursu \u201eZr\u00f3b sobie zdj\u0119cie z naszym bilbordem\u201d Szko\u0142a j\u0119zykowa w Gnie\u017anie - Leader School\",\"isPartOf\":{\"@id\":\"https:\/\/leaderschool.pl\/gniezno\/#website\"},\"datePublished\":\"2025-03-28T12:59:27+00:00\",\"dateModified\":\"2025-03-28T12:59:28+00:00\",\"breadcrumb\":{\"@id\":\"https:\/\/leaderschool.pl\/gniezno\/regulamin-konkursu-zrob-sobie-zdjecie-z-naszym-bilbordem\/#breadcrumb\"},\"inLanguage\":\"pl-PL\",\"potentialAction\":[{\"@type\":\"ReadAction\",\"target\":[\"https:\/\/leaderschool.pl\/gniezno\/regulamin-konkursu-zrob-sobie-zdjecie-z-naszym-bilbordem\/\"]}]},{\"@type\":\"BreadcrumbList\",\"@id\":\"https:\/\/leaderschool.pl\/gniezno\/regulamin-konkursu-zrob-sobie-zdjecie-z-naszym-bilbordem\/#breadcrumb\",\"itemListElement\":[{\"@type\":\"ListItem\",\"position\":1,\"name\":\"Home\",\"item\":\"https:\/\/leaderschool.pl\/gniezno\/\"},{\"@type\":\"ListItem\",\"position\":2,\"name\":\"Regulamin Konkursu \u201eZr\u00f3b sobie zdj\u0119cie z naszym bilbordem\u201d\"}]}]}<\/script>\n<!-- \/ Yoast SEO plugin. -->","yoast_head_json":{"title":"Regulamin Konkursu \u201eZr\u00f3b sobie zdj\u0119cie z naszym bilbordem\u201d Szko\u0142a j\u0119zykowa w Gnie\u017anie - Leader School","robots":{"index":"index","follow":"follow","max-snippet":"max-snippet:-1","max-image-preview":"max-image-preview:large","max-video-preview":"max-video-preview:-1"},"canonical":"https:\/\/leaderschool.pl\/gniezno\/regulamin-konkursu-zrob-sobie-zdjecie-z-naszym-bilbordem\/","og_locale":"pl_PL","og_type":"article","og_title":"Regulamin Konkursu \u201eZr\u00f3b sobie zdj\u0119cie z naszym bilbordem\u201d Szko\u0142a j\u0119zykowa w Gnie\u017anie - Leader School","og_description":"Regulamin do konkursuRegulamin Konkursu \u201eZr\u00f3b sobie zdj\u0119cie z naszym bilbordem\u201d Organizator konkursuOrganizatorem konkursu \u201eZr\u00f3b sobie zdj\u0119cie z naszym bilbordem\u201d (dalej:\u201eKonkurs\u201d) jest P.W. B.WOLICKA, z siedzib\u0105 w Poznaniu, ul Mogile\u0144ska 10a\/6,zarejestrowana pod numerem NIP 9680161740 (dalej: \u201eOrganizatorem\u201d). Czas trwania KonkursuKonkurs rozpoczyna si\u0119 w dniu 1.04.2025 i trwa do dnia 30.04.2025. Zg\u0142oszeniaprzyjmowane b\u0119d\u0105 do godziny 24:00 w [&hellip;]","og_url":"https:\/\/leaderschool.pl\/gniezno\/regulamin-konkursu-zrob-sobie-zdjecie-z-naszym-bilbordem\/","og_site_name":"Szko\u0142a j\u0119zykowa w Gnie\u017anie - Leader School","article_modified_time":"2025-03-28T12:59:28+00:00","twitter_card":"summary_large_image","twitter_misc":{"Szacowany czas czytania":"4 minuty"},"schema":{"@context":"https:\/\/schema.org","@graph":[{"@type":"WebSite","@id":"https:\/\/leaderschool.pl\/gniezno\/#website","url":"https:\/\/leaderschool.pl\/gniezno\/","name":"Szko\u0142a j\u0119zykowa w Gnie\u017anie - Leader School","description":"","potentialAction":[{"@type":"SearchAction","target":{"@type":"EntryPoint","urlTemplate":"https:\/\/leaderschool.pl\/gniezno\/?s={search_term_string}"},"query-input":"required name=search_term_string"}],"inLanguage":"pl-PL"},{"@type":"WebPage","@id":"https:\/\/leaderschool.pl\/gniezno\/regulamin-konkursu-zrob-sobie-zdjecie-z-naszym-bilbordem\/#webpage","url":"https:\/\/leaderschool.pl\/gniezno\/regulamin-konkursu-zrob-sobie-zdjecie-z-naszym-bilbordem\/","name":"Regulamin Konkursu \u201eZr\u00f3b sobie zdj\u0119cie z naszym bilbordem\u201d Szko\u0142a j\u0119zykowa w Gnie\u017anie - Leader School","isPartOf":{"@id":"https:\/\/leaderschool.pl\/gniezno\/#website"},"datePublished":"2025-03-28T12:59:27+00:00","dateModified":"2025-03-28T12:59:28+00:00","breadcrumb":{"@id":"https:\/\/leaderschool.pl\/gniezno\/regulamin-konkursu-zrob-sobie-zdjecie-z-naszym-bilbordem\/#breadcrumb"},"inLanguage":"pl-PL","potentialAction":[{"@type":"ReadAction","target":["https:\/\/leaderschool.pl\/gniezno\/regulamin-konkursu-zrob-sobie-zdjecie-z-naszym-bilbordem\/"]}]},{"@type":"BreadcrumbList","@id":"https:\/\/leaderschool.pl\/gniezno\/regulamin-konkursu-zrob-sobie-zdjecie-z-naszym-bilbordem\/#breadcrumb","itemListElement":[{"@type":"ListItem","position":1,"name":"Home","item":"https:\/\/leaderschool.pl\/gniezno\/"},{"@type":"ListItem","position":2,"name":"Regulamin Konkursu \u201eZr\u00f3b sobie zdj\u0119cie z naszym bilbordem\u201d"}]}]}},"_links":{"self":[{"href":"https:\/\/leaderschool.pl\/gniezno\/wp-json\/wp\/v2\/pages\/3011"}],"collection":[{"href":"https:\/\/leaderschool.pl\/gniezno\/wp-json\/wp\/v2\/pages"}],"about":[{"href":"https:\/\/leaderschool.pl\/gniezno\/wp-json\/wp\/v2\/types\/page"}],"author":[{"embeddable":true,"href":"https:\/\/leaderschool.pl\/gniezno\/wp-json\/wp\/v2\/users\/20"}],"replies":[{"embeddable":true,"href":"https:\/\/leaderschool.pl\/gniezno\/wp-json\/wp\/v2\/comments?post=3011"}],"version-history":[{"count":1,"href":"https:\/\/leaderschool.pl\/gniezno\/wp-json\/wp\/v2\/pages\/3011\/revisions"}],"predecessor-version":[{"id":3012,"href":"https:\/\/leaderschool.pl\/gniezno\/wp-json\/wp\/v2\/pages\/3011\/revisions\/3012"}],"wp:attachment":[{"href":"https:\/\/leaderschool.pl\/gniezno\/wp-json\/wp\/v2\/media?parent=3011"}],"curies":[{"name":"wp","href":"https:\/\/api.w.org\/{rel}","templated":true}]}}