{"id":2660,"date":"2023-02-22T11:10:06","date_gmt":"2023-02-22T10:10:06","guid":{"rendered":"https:\/\/leaderschool.pl\/gniezno\/?page_id=2660"},"modified":"2023-02-22T11:13:47","modified_gmt":"2023-02-22T10:13:47","slug":"biuro-tlumaczen","status":"publish","type":"page","link":"https:\/\/leaderschool.pl\/gniezno\/biuro-tlumaczen\/","title":{"rendered":"Biuro t\u0142umacze\u0144 Gniezno"},"content":{"rendered":"\n<p>Wychodz\u0105c naprzeciw rosn\u0105cym oczekiwaniom i maj\u0105c na uwadze tendencje rozwojowe wielu firm obejmuj\u0105ce otwieranie si\u0119 na rynki mi\u0119dzynarodowe, w Leader School w Gnie\u017anie oferujemy us\u0142ugi translatorskie. S\u0105 one kierowane do klient\u00f3w biznesowych i instytucjonalnych, przedsi\u0119biorc\u00f3w, jak i do os\u00f3b prywatnych. Sprawd\u017a, co mo\u017cemy dla Ciebie przet\u0142umaczy\u0107!<\/p>\n\n\n\n<h2><strong>Potrzebny profesjonalny t\u0142umacz Gniezno? Znajdziesz go w Leader School!<\/strong><\/h2>\n\n\n\n<p>Niezale\u017cnie od tego, jak\u0105 form\u0119 t\u0142umacze\u0144 wybierzesz \u2013 ustn\u0105 czy pisemn\u0105 \u2013 nasze <strong>biuro t\u0142umacze\u0144 w Gnie\u017anie<\/strong> zapewnia kompleksow\u0105 obs\u0142ug\u0119 i wierno\u015b\u0107 przek\u0142adu. Do ka\u017cdego zlecenia podchodzimy indywidualnie, stawiamy na profesjonalizm oraz dostosowanie j\u0119zyka do konkretnych wymaga\u0144. Realizujemy t\u0142umaczenia r\u00f3\u017cnego rodzaju: formalne, naukowe, prywatne, przysi\u0119g\u0142e. Chcesz dowiedzie\u0107 si\u0119 wi\u0119cej? Zapraszamy do kontaktu!<\/p>\n\n\n\n<h3><strong>Co wyr\u00f3\u017cnia dobre biuro t\u0142umacze\u0144? W Gnie\u017anie Leader School to lider w us\u0142ugach translatorskich<\/strong><\/h3>\n\n\n\n<p>Wybieraj\u0105c biuro t\u0142umacze\u0144, z pewno\u015bci\u0105 chcesz, aby otrzymane tre\u015bci stanowi\u0142y wierne odzwierciedlenie orygina\u0142u, oddawa\u0142y jego sens oraz by\u0142y napisane odpowiednim j\u0119zykiem \u2013 ma to szczeg\u00f3lne znaczenie w przypadku tekst\u00f3w o charakterze formalnym, biznesowym i naukowym. Zadbamy o to \u2013 wsp\u00f3\u0142pracujemy z ekspertami z wielu dziedzin, kt\u00f3rzy doskonale radz\u0105 sobie ze specjalistycznym s\u0142ownictwem r\u00f3\u017cnych bran\u017c, dlatego mo\u017cesz nam zaufa\u0107.<\/p>\n\n\n\n<h3><strong>T\u0142umaczenia Gniezno \u2013 zobacz, co t\u0142umaczymy<\/strong><\/h3>\n\n\n\n<p>Mo\u017cesz zleci\u0107 nam t\u0142umaczenia:<\/p>\n\n\n\n<ul><li>ustne \u2013 b\u0119d\u0105ce wsparciem podczas rozm\u00f3w z obcokrajowcami zar\u00f3wno w relacjach prywatnych, jak i biznesowych, a tak\u017ce w trakcie konferencji i spotka\u0144 firmowych,<\/li><li>pisemne \u2013 dotycz\u0105 one tekst\u00f3w naukowych, stron internetowych, wiadomo\u015bci mailowych, pism instytucjonalnych i korespondencji biznesowej,<\/li><li>przysi\u0119g\u0142e \u2013 dotycz\u0105ce dokument\u00f3w procesowych, urz\u0119dowych i prawnych,<\/li><li>w dowolnym j\u0119zyku.<\/li><\/ul>\n\n\n\n<p>Oczywi\u015bcie ka\u017cdorazowo gwarantujemy poufno\u015b\u0107 i bezpiecze\u0144stwo Twoich danych.<\/p>\n\n\n\n<h3><strong>Dlaczego warto nam zaufa\u0107?<\/strong><\/h3>\n\n\n\n<p>Ka\u017cda us\u0142uga, kt\u00f3rej si\u0119 podejmujemy, zostaje poddana indywidualnej wycenie \u2013 ostateczny koszt jest uzale\u017cniony od kilku sk\u0142adowych:<\/p>\n\n\n\n<ul><li>obj\u0119to\u015bci t\u0142umaczonych tre\u015bci w przypadku przek\u0142ad\u00f3w pisemnych,<\/li><li>j\u0119zyka, w jakim ma si\u0119 odbywa\u0107 <strong>t\u0142umaczenie \u2013 w Gnie\u017anie<\/strong> Leader School specjalizuje si\u0119 w wielu j\u0119zykach, dlatego z pewno\u015bci\u0105 znajdziesz u nas odpowied\u017a na swoje potrzeby,<\/li><li>zaawansowania s\u0142ownictwa \u2013 im bardziej skomplikowane, specjalistyczne i wymagaj\u0105ce wiedzy bran\u017cowej, tym dro\u017csza us\u0142uga.<\/li><\/ul>\n\n\n\n<p>U nas nie kupujesz w ciemno \u2013 z ch\u0119ci\u0105 dokonamy bezp\u0142atnej wyceny, aby\u015b wiedzia\u0142, ile zap\u0142acisz za t\u0142umaczenie.<\/p>\n\n\n\n<h2><strong>Us\u0142ugi biura t\u0142umacze\u0144 w Gnie\u017anie \u2013 u nas znajdziesz to, czego szukasz!<\/strong><\/h2>\n\n\n\n<p>Niezale\u017cnie od tego, czy potrzebne Ci t\u0142umaczenie w popularnych j\u0119zykach obcych, czy bardziej niszowych i mniej znanych \u2013 odpowiemy na Twoje oczekiwania i otoczymy Ci\u0119 kompleksow\u0105, profesjonaln\u0105 opiek\u0105 translatorsk\u0105. Nie boimy si\u0119 nowych wyzwa\u0144 i ch\u0119tnie podejmujemy wymagaj\u0105ce zadania \u2013 nasi eksperci poradz\u0105 sobie ze specjalistycznymi tre\u015bciami z bran\u017cy ekonomicznej, prawnej, farmaceutycznej czy medycznej.<\/p>\n\n\n\n<h3><strong>Ju\u017c dzi\u015b zam\u00f3w us\u0142ugi translatorskie w Leader School w Gnie\u017anie!<\/strong><\/h3>\n\n\n\n<p>Zach\u0119camy do kontaktu w celu ustalenia zakresu t\u0142umacze\u0144 oraz darmowej wyceny i dost\u0119pnych termin\u00f3w. Nie musisz zna\u0107 j\u0119zyka obcego, aby porozumie\u0107 si\u0119 z partnerem biznesowym czy poprowadzi\u0107 konferencj\u0119 \u2013 z nami dotrzesz do przedstawicieli innych kraj\u00f3w bez obaw o rozbie\u017cno\u015b\u0107 lingwistyczn\u0105. Zadbamy o poprawno\u015b\u0107 j\u0119zykow\u0105, najwy\u017cszy poziom merytoryczny t\u0142umaczonych tre\u015bci oraz wierno\u015b\u0107 przek\u0142adu z orygina\u0142em. Przekonaj si\u0119, co potrafimy i ju\u017c dzi\u015b skontaktuj si\u0119 z nami, aby uzyska\u0107 wi\u0119cej informacji.<\/p>\n","protected":false},"excerpt":{"rendered":"<p>Wychodz\u0105c naprzeciw rosn\u0105cym oczekiwaniom i maj\u0105c na uwadze tendencje rozwojowe wielu firm obejmuj\u0105ce otwieranie si\u0119 na rynki mi\u0119dzynarodowe, w Leader School w Gnie\u017anie oferujemy us\u0142ugi translatorskie. S\u0105 one kierowane do klient\u00f3w biznesowych i instytucjonalnych, przedsi\u0119biorc\u00f3w, jak i do os\u00f3b prywatnych. Sprawd\u017a, co mo\u017cemy dla Ciebie przet\u0142umaczy\u0107! Potrzebny profesjonalny t\u0142umacz Gniezno? Znajdziesz go w Leader School! [&hellip;]<\/p>\n","protected":false},"author":3,"featured_media":0,"parent":0,"menu_order":0,"comment_status":"closed","ping_status":"closed","template":"","meta":{"ngg_post_thumbnail":0},"acf":[],"yoast_head":"<!-- This site is optimized with the Yoast SEO plugin v18.9 - https:\/\/yoast.com\/wordpress\/plugins\/seo\/ -->\n<title>Biuro t\u0142umacze\u0144 w Gnie\u017anie - Leader School<\/title>\n<meta name=\"description\" content=\"Potrzebujesz t\u0142umacza? Zg\u0142o\u015b si\u0119 do nas! T\u0142umaczenia zwyk\u0142e oraz przysi\u0119g\u0142e na wszystkie j\u0119zyki w Gnie\u017anie.\" \/>\n<meta name=\"robots\" content=\"index, follow, max-snippet:-1, max-image-preview:large, max-video-preview:-1\" \/>\n<link rel=\"canonical\" href=\"https:\/\/leaderschool.pl\/gniezno\/biuro-tlumaczen\/\" \/>\n<meta property=\"og:locale\" content=\"pl_PL\" \/>\n<meta property=\"og:type\" content=\"article\" \/>\n<meta property=\"og:title\" content=\"Biuro t\u0142umacze\u0144 w Gnie\u017anie - Leader School\" \/>\n<meta property=\"og:description\" content=\"Potrzebujesz t\u0142umacza? Zg\u0142o\u015b si\u0119 do nas! T\u0142umaczenia zwyk\u0142e oraz przysi\u0119g\u0142e na wszystkie j\u0119zyki w Gnie\u017anie.\" \/>\n<meta property=\"og:url\" content=\"https:\/\/leaderschool.pl\/gniezno\/biuro-tlumaczen\/\" \/>\n<meta property=\"og:site_name\" content=\"Szko\u0142a j\u0119zykowa w Gnie\u017anie - Leader School\" \/>\n<meta property=\"article:modified_time\" content=\"2023-02-22T10:13:47+00:00\" \/>\n<meta name=\"twitter:card\" content=\"summary_large_image\" \/>\n<meta name=\"twitter:label1\" content=\"Szacowany czas czytania\" \/>\n\t<meta name=\"twitter:data1\" content=\"3 minuty\" \/>\n<script type=\"application\/ld+json\" class=\"yoast-schema-graph\">{\"@context\":\"https:\/\/schema.org\",\"@graph\":[{\"@type\":\"WebSite\",\"@id\":\"https:\/\/leaderschool.pl\/gniezno\/#website\",\"url\":\"https:\/\/leaderschool.pl\/gniezno\/\",\"name\":\"Szko\u0142a j\u0119zykowa w Gnie\u017anie - Leader School\",\"description\":\"\",\"potentialAction\":[{\"@type\":\"SearchAction\",\"target\":{\"@type\":\"EntryPoint\",\"urlTemplate\":\"https:\/\/leaderschool.pl\/gniezno\/?s={search_term_string}\"},\"query-input\":\"required name=search_term_string\"}],\"inLanguage\":\"pl-PL\"},{\"@type\":\"WebPage\",\"@id\":\"https:\/\/leaderschool.pl\/gniezno\/biuro-tlumaczen\/#webpage\",\"url\":\"https:\/\/leaderschool.pl\/gniezno\/biuro-tlumaczen\/\",\"name\":\"Biuro t\u0142umacze\u0144 w Gnie\u017anie - Leader School\",\"isPartOf\":{\"@id\":\"https:\/\/leaderschool.pl\/gniezno\/#website\"},\"datePublished\":\"2023-02-22T10:10:06+00:00\",\"dateModified\":\"2023-02-22T10:13:47+00:00\",\"description\":\"Potrzebujesz t\u0142umacza? Zg\u0142o\u015b si\u0119 do nas! T\u0142umaczenia zwyk\u0142e oraz przysi\u0119g\u0142e na wszystkie j\u0119zyki w Gnie\u017anie.\",\"breadcrumb\":{\"@id\":\"https:\/\/leaderschool.pl\/gniezno\/biuro-tlumaczen\/#breadcrumb\"},\"inLanguage\":\"pl-PL\",\"potentialAction\":[{\"@type\":\"ReadAction\",\"target\":[\"https:\/\/leaderschool.pl\/gniezno\/biuro-tlumaczen\/\"]}]},{\"@type\":\"BreadcrumbList\",\"@id\":\"https:\/\/leaderschool.pl\/gniezno\/biuro-tlumaczen\/#breadcrumb\",\"itemListElement\":[{\"@type\":\"ListItem\",\"position\":1,\"name\":\"Home\",\"item\":\"https:\/\/leaderschool.pl\/gniezno\/\"},{\"@type\":\"ListItem\",\"position\":2,\"name\":\"Biuro t\u0142umacze\u0144 Gniezno\"}]}]}<\/script>\n<!-- \/ Yoast SEO plugin. -->","yoast_head_json":{"title":"Biuro t\u0142umacze\u0144 w Gnie\u017anie - Leader School","description":"Potrzebujesz t\u0142umacza? Zg\u0142o\u015b si\u0119 do nas! T\u0142umaczenia zwyk\u0142e oraz przysi\u0119g\u0142e na wszystkie j\u0119zyki w Gnie\u017anie.","robots":{"index":"index","follow":"follow","max-snippet":"max-snippet:-1","max-image-preview":"max-image-preview:large","max-video-preview":"max-video-preview:-1"},"canonical":"https:\/\/leaderschool.pl\/gniezno\/biuro-tlumaczen\/","og_locale":"pl_PL","og_type":"article","og_title":"Biuro t\u0142umacze\u0144 w Gnie\u017anie - Leader School","og_description":"Potrzebujesz t\u0142umacza? Zg\u0142o\u015b si\u0119 do nas! T\u0142umaczenia zwyk\u0142e oraz przysi\u0119g\u0142e na wszystkie j\u0119zyki w Gnie\u017anie.","og_url":"https:\/\/leaderschool.pl\/gniezno\/biuro-tlumaczen\/","og_site_name":"Szko\u0142a j\u0119zykowa w Gnie\u017anie - Leader School","article_modified_time":"2023-02-22T10:13:47+00:00","twitter_card":"summary_large_image","twitter_misc":{"Szacowany czas czytania":"3 minuty"},"schema":{"@context":"https:\/\/schema.org","@graph":[{"@type":"WebSite","@id":"https:\/\/leaderschool.pl\/gniezno\/#website","url":"https:\/\/leaderschool.pl\/gniezno\/","name":"Szko\u0142a j\u0119zykowa w Gnie\u017anie - Leader School","description":"","potentialAction":[{"@type":"SearchAction","target":{"@type":"EntryPoint","urlTemplate":"https:\/\/leaderschool.pl\/gniezno\/?s={search_term_string}"},"query-input":"required name=search_term_string"}],"inLanguage":"pl-PL"},{"@type":"WebPage","@id":"https:\/\/leaderschool.pl\/gniezno\/biuro-tlumaczen\/#webpage","url":"https:\/\/leaderschool.pl\/gniezno\/biuro-tlumaczen\/","name":"Biuro t\u0142umacze\u0144 w Gnie\u017anie - Leader School","isPartOf":{"@id":"https:\/\/leaderschool.pl\/gniezno\/#website"},"datePublished":"2023-02-22T10:10:06+00:00","dateModified":"2023-02-22T10:13:47+00:00","description":"Potrzebujesz t\u0142umacza? Zg\u0142o\u015b si\u0119 do nas! T\u0142umaczenia zwyk\u0142e oraz przysi\u0119g\u0142e na wszystkie j\u0119zyki w Gnie\u017anie.","breadcrumb":{"@id":"https:\/\/leaderschool.pl\/gniezno\/biuro-tlumaczen\/#breadcrumb"},"inLanguage":"pl-PL","potentialAction":[{"@type":"ReadAction","target":["https:\/\/leaderschool.pl\/gniezno\/biuro-tlumaczen\/"]}]},{"@type":"BreadcrumbList","@id":"https:\/\/leaderschool.pl\/gniezno\/biuro-tlumaczen\/#breadcrumb","itemListElement":[{"@type":"ListItem","position":1,"name":"Home","item":"https:\/\/leaderschool.pl\/gniezno\/"},{"@type":"ListItem","position":2,"name":"Biuro t\u0142umacze\u0144 Gniezno"}]}]}},"_links":{"self":[{"href":"https:\/\/leaderschool.pl\/gniezno\/wp-json\/wp\/v2\/pages\/2660"}],"collection":[{"href":"https:\/\/leaderschool.pl\/gniezno\/wp-json\/wp\/v2\/pages"}],"about":[{"href":"https:\/\/leaderschool.pl\/gniezno\/wp-json\/wp\/v2\/types\/page"}],"author":[{"embeddable":true,"href":"https:\/\/leaderschool.pl\/gniezno\/wp-json\/wp\/v2\/users\/3"}],"replies":[{"embeddable":true,"href":"https:\/\/leaderschool.pl\/gniezno\/wp-json\/wp\/v2\/comments?post=2660"}],"version-history":[{"count":3,"href":"https:\/\/leaderschool.pl\/gniezno\/wp-json\/wp\/v2\/pages\/2660\/revisions"}],"predecessor-version":[{"id":2663,"href":"https:\/\/leaderschool.pl\/gniezno\/wp-json\/wp\/v2\/pages\/2660\/revisions\/2663"}],"wp:attachment":[{"href":"https:\/\/leaderschool.pl\/gniezno\/wp-json\/wp\/v2\/media?parent=2660"}],"curies":[{"name":"wp","href":"https:\/\/api.w.org\/{rel}","templated":true}]}}