{"id":3232,"date":"2025-10-28T10:46:33","date_gmt":"2025-10-28T09:46:33","guid":{"rendered":"https:\/\/leaderschool.pl\/bydgoszcz\/?page_id=3232"},"modified":"2025-10-28T10:46:34","modified_gmt":"2025-10-28T09:46:34","slug":"jezyk-francuski","status":"publish","type":"page","link":"https:\/\/leaderschool.pl\/bydgoszcz\/jezyk-francuski\/","title":{"rendered":"J\u0119zyk francuski"},"content":{"rendered":"\n<p><strong>Odkryj magi\u0119 j\u0119zyka francuskiego z metod\u0105 Direct!<\/strong><\/p>\n\n\n\n<p>Marzysz o tym, by m\u00f3wi\u0107 po francusku swobodnie i bez stresu?<br>Z nami to mo\u017cliwe! Dzi\u0119ki <strong>metodzie Direct<\/strong> uczysz si\u0119 m\u00f3wi\u0107 po francusku tak, jak dzieci ucz\u0105 si\u0119 swojego j\u0119zyka ojczystego \u2013 <strong>naturalnie, szybko i skutecznie<\/strong>.<\/p>\n\n\n\n<p>\ud83d\udd39 <strong>Co wyr\u00f3\u017cnia metod\u0119 Direct?<\/strong><\/p>\n\n\n\n<ul><li><strong>M\u00f3wisz od pierwszej lekcji!<\/strong> Nie czekasz z konwersacj\u0105 \u2013 ju\u017c od pocz\u0105tku uczysz si\u0119 praktycznego u\u017cycia j\u0119zyka.<\/li><li><strong>Zero nudy \u2013 maksimum komunikacji!<\/strong> Lekcje s\u0105 dynamiczne, oparte na dialogach i interakcji z lektorem.<\/li><li><strong>B\u0142yskawiczne efekty.<\/strong> Dzi\u0119ki powtarzaniu i aktywnemu uczestnictwu zapami\u0119tujesz s\u0142ownictwo i struktury gramatyczne bez wkuwania.<\/li><li><strong>Francuski, kt\u00f3ry \u017cyje.<\/strong> Poznasz prawdziwe, wsp\u00f3\u0142czesne zwroty i nauczysz si\u0119 m\u00f3wi\u0107 z pewno\u015bci\u0105 siebie.<\/li><\/ul>\n\n\n\n<p>\ud83d\udd39 <strong>Dla kogo?<\/strong><\/p>\n\n\n\n<p>Metoda Direct jest idealna dla:<\/p>\n\n\n\n<ul><li>os\u00f3b, kt\u00f3re <strong>chc\u0105 prze\u0142ama\u0107 barier\u0119 m\u00f3wienia<\/strong>,<\/li><li>uczni\u00f3w i doros\u0142ych <strong>z ka\u017cd\u0105 znajomo\u015bci\u0105 j\u0119zyka<\/strong>,<\/li><li>tych, kt\u00f3rzy <strong>potrzebuj\u0105 szybkich efekt\u00f3w<\/strong> w pracy, podr\u00f3\u017cy lub nauce.<\/li><\/ul>\n\n\n\n<p>\ud83d\udd39 <strong>Dlaczego warto?<\/strong><\/p>\n\n\n\n<p>Zaj\u0119cia prowadz\u0105 do\u015bwiadczeni lektorzy, kt\u00f3rzy z pasj\u0105 pomagaj\u0105 odkrywa\u0107 pi\u0119kno j\u0119zyka francuskiego \u2013 j\u0119zyka kultury, elegancji i pasji.<br>Przekonaj si\u0119, \u017ce nauka francuskiego mo\u017ce by\u0107 przyjemno\u015bci\u0105, a nie obowi\u0105zkiem!<\/p>\n","protected":false},"excerpt":{"rendered":"<p>Odkryj magi\u0119 j\u0119zyka francuskiego z metod\u0105 Direct! Marzysz o tym, by m\u00f3wi\u0107 po francusku swobodnie i bez stresu?Z nami to mo\u017cliwe! Dzi\u0119ki metodzie Direct uczysz si\u0119 m\u00f3wi\u0107 po francusku tak, jak dzieci ucz\u0105 si\u0119 swojego j\u0119zyka ojczystego \u2013 naturalnie, szybko i skutecznie. \ud83d\udd39 Co wyr\u00f3\u017cnia metod\u0119 Direct? M\u00f3wisz od pierwszej lekcji! Nie czekasz z konwersacj\u0105 [&hellip;]<\/p>\n","protected":false},"author":3,"featured_media":0,"parent":0,"menu_order":0,"comment_status":"closed","ping_status":"closed","template":"","meta":{"ngg_post_thumbnail":0},"acf":[],"yoast_head":"<!-- This site is optimized with the Yoast SEO plugin v18.9 - https:\/\/yoast.com\/wordpress\/plugins\/seo\/ -->\n<title>J\u0119zyk francuski Szko\u0142a j\u0119zykowa w Bydgoszczy - Leader School<\/title>\n<meta name=\"robots\" content=\"index, follow, max-snippet:-1, max-image-preview:large, max-video-preview:-1\" \/>\n<link rel=\"canonical\" href=\"https:\/\/leaderschool.pl\/bydgoszcz\/jezyk-francuski\/\" \/>\n<meta property=\"og:locale\" content=\"pl_PL\" \/>\n<meta property=\"og:type\" content=\"article\" \/>\n<meta property=\"og:title\" content=\"J\u0119zyk francuski Szko\u0142a j\u0119zykowa w Bydgoszczy - Leader School\" \/>\n<meta property=\"og:description\" content=\"Odkryj magi\u0119 j\u0119zyka francuskiego z metod\u0105 Direct! Marzysz o tym, by m\u00f3wi\u0107 po francusku swobodnie i bez stresu?Z nami to mo\u017cliwe! Dzi\u0119ki metodzie Direct uczysz si\u0119 m\u00f3wi\u0107 po francusku tak, jak dzieci ucz\u0105 si\u0119 swojego j\u0119zyka ojczystego \u2013 naturalnie, szybko i skutecznie. \ud83d\udd39 Co wyr\u00f3\u017cnia metod\u0119 Direct? M\u00f3wisz od pierwszej lekcji! Nie czekasz z konwersacj\u0105 [&hellip;]\" \/>\n<meta property=\"og:url\" content=\"https:\/\/leaderschool.pl\/bydgoszcz\/jezyk-francuski\/\" \/>\n<meta property=\"og:site_name\" content=\"Szko\u0142a j\u0119zykowa w Bydgoszczy - Leader School\" \/>\n<meta property=\"article:modified_time\" content=\"2025-10-28T09:46:34+00:00\" \/>\n<meta name=\"twitter:card\" content=\"summary_large_image\" \/>\n<meta name=\"twitter:label1\" content=\"Szacowany czas czytania\" \/>\n\t<meta name=\"twitter:data1\" content=\"2 minuty\" \/>\n<script type=\"application\/ld+json\" class=\"yoast-schema-graph\">{\"@context\":\"https:\/\/schema.org\",\"@graph\":[{\"@type\":\"Organization\",\"@id\":\"https:\/\/leaderschool.pl\/bydgoszcz\/#organization\",\"name\":\"Szko\u0142a j\u0119zykowa Leader School Bydgoszcz\",\"url\":\"https:\/\/leaderschool.pl\/bydgoszcz\/\",\"sameAs\":[],\"logo\":{\"@type\":\"ImageObject\",\"inLanguage\":\"pl-PL\",\"@id\":\"https:\/\/leaderschool.pl\/bydgoszcz\/#\/schema\/logo\/image\/\",\"url\":\"https:\/\/leaderschool.pl\/bydgoszcz\/wp-content\/uploads\/sites\/62\/2022\/06\/cropped-favicon-leader-school.png\",\"contentUrl\":\"https:\/\/leaderschool.pl\/bydgoszcz\/wp-content\/uploads\/sites\/62\/2022\/06\/cropped-favicon-leader-school.png\",\"width\":512,\"height\":512,\"caption\":\"Szko\u0142a j\u0119zykowa Leader School Bydgoszcz\"},\"image\":{\"@id\":\"https:\/\/leaderschool.pl\/bydgoszcz\/#\/schema\/logo\/image\/\"}},{\"@type\":\"WebSite\",\"@id\":\"https:\/\/leaderschool.pl\/bydgoszcz\/#website\",\"url\":\"https:\/\/leaderschool.pl\/bydgoszcz\/\",\"name\":\"Szko\u0142a j\u0119zykowa w Bydgoszczy - Leader School\",\"description\":\"\",\"publisher\":{\"@id\":\"https:\/\/leaderschool.pl\/bydgoszcz\/#organization\"},\"potentialAction\":[{\"@type\":\"SearchAction\",\"target\":{\"@type\":\"EntryPoint\",\"urlTemplate\":\"https:\/\/leaderschool.pl\/bydgoszcz\/?s={search_term_string}\"},\"query-input\":\"required name=search_term_string\"}],\"inLanguage\":\"pl-PL\"},{\"@type\":\"WebPage\",\"@id\":\"https:\/\/leaderschool.pl\/bydgoszcz\/jezyk-francuski\/#webpage\",\"url\":\"https:\/\/leaderschool.pl\/bydgoszcz\/jezyk-francuski\/\",\"name\":\"J\u0119zyk francuski Szko\u0142a j\u0119zykowa w Bydgoszczy - Leader School\",\"isPartOf\":{\"@id\":\"https:\/\/leaderschool.pl\/bydgoszcz\/#website\"},\"datePublished\":\"2025-10-28T09:46:33+00:00\",\"dateModified\":\"2025-10-28T09:46:34+00:00\",\"breadcrumb\":{\"@id\":\"https:\/\/leaderschool.pl\/bydgoszcz\/jezyk-francuski\/#breadcrumb\"},\"inLanguage\":\"pl-PL\",\"potentialAction\":[{\"@type\":\"ReadAction\",\"target\":[\"https:\/\/leaderschool.pl\/bydgoszcz\/jezyk-francuski\/\"]}]},{\"@type\":\"BreadcrumbList\",\"@id\":\"https:\/\/leaderschool.pl\/bydgoszcz\/jezyk-francuski\/#breadcrumb\",\"itemListElement\":[{\"@type\":\"ListItem\",\"position\":1,\"name\":\"Home\",\"item\":\"https:\/\/leaderschool.pl\/bydgoszcz\/\"},{\"@type\":\"ListItem\",\"position\":2,\"name\":\"J\u0119zyk francuski\"}]}]}<\/script>\n<!-- \/ Yoast SEO plugin. -->","yoast_head_json":{"title":"J\u0119zyk francuski Szko\u0142a j\u0119zykowa w Bydgoszczy - Leader School","robots":{"index":"index","follow":"follow","max-snippet":"max-snippet:-1","max-image-preview":"max-image-preview:large","max-video-preview":"max-video-preview:-1"},"canonical":"https:\/\/leaderschool.pl\/bydgoszcz\/jezyk-francuski\/","og_locale":"pl_PL","og_type":"article","og_title":"J\u0119zyk francuski Szko\u0142a j\u0119zykowa w Bydgoszczy - Leader School","og_description":"Odkryj magi\u0119 j\u0119zyka francuskiego z metod\u0105 Direct! Marzysz o tym, by m\u00f3wi\u0107 po francusku swobodnie i bez stresu?Z nami to mo\u017cliwe! Dzi\u0119ki metodzie Direct uczysz si\u0119 m\u00f3wi\u0107 po francusku tak, jak dzieci ucz\u0105 si\u0119 swojego j\u0119zyka ojczystego \u2013 naturalnie, szybko i skutecznie. \ud83d\udd39 Co wyr\u00f3\u017cnia metod\u0119 Direct? M\u00f3wisz od pierwszej lekcji! Nie czekasz z konwersacj\u0105 [&hellip;]","og_url":"https:\/\/leaderschool.pl\/bydgoszcz\/jezyk-francuski\/","og_site_name":"Szko\u0142a j\u0119zykowa w Bydgoszczy - Leader School","article_modified_time":"2025-10-28T09:46:34+00:00","twitter_card":"summary_large_image","twitter_misc":{"Szacowany czas czytania":"2 minuty"},"schema":{"@context":"https:\/\/schema.org","@graph":[{"@type":"Organization","@id":"https:\/\/leaderschool.pl\/bydgoszcz\/#organization","name":"Szko\u0142a j\u0119zykowa Leader School Bydgoszcz","url":"https:\/\/leaderschool.pl\/bydgoszcz\/","sameAs":[],"logo":{"@type":"ImageObject","inLanguage":"pl-PL","@id":"https:\/\/leaderschool.pl\/bydgoszcz\/#\/schema\/logo\/image\/","url":"https:\/\/leaderschool.pl\/bydgoszcz\/wp-content\/uploads\/sites\/62\/2022\/06\/cropped-favicon-leader-school.png","contentUrl":"https:\/\/leaderschool.pl\/bydgoszcz\/wp-content\/uploads\/sites\/62\/2022\/06\/cropped-favicon-leader-school.png","width":512,"height":512,"caption":"Szko\u0142a j\u0119zykowa Leader School Bydgoszcz"},"image":{"@id":"https:\/\/leaderschool.pl\/bydgoszcz\/#\/schema\/logo\/image\/"}},{"@type":"WebSite","@id":"https:\/\/leaderschool.pl\/bydgoszcz\/#website","url":"https:\/\/leaderschool.pl\/bydgoszcz\/","name":"Szko\u0142a j\u0119zykowa w Bydgoszczy - Leader School","description":"","publisher":{"@id":"https:\/\/leaderschool.pl\/bydgoszcz\/#organization"},"potentialAction":[{"@type":"SearchAction","target":{"@type":"EntryPoint","urlTemplate":"https:\/\/leaderschool.pl\/bydgoszcz\/?s={search_term_string}"},"query-input":"required name=search_term_string"}],"inLanguage":"pl-PL"},{"@type":"WebPage","@id":"https:\/\/leaderschool.pl\/bydgoszcz\/jezyk-francuski\/#webpage","url":"https:\/\/leaderschool.pl\/bydgoszcz\/jezyk-francuski\/","name":"J\u0119zyk francuski Szko\u0142a j\u0119zykowa w Bydgoszczy - Leader School","isPartOf":{"@id":"https:\/\/leaderschool.pl\/bydgoszcz\/#website"},"datePublished":"2025-10-28T09:46:33+00:00","dateModified":"2025-10-28T09:46:34+00:00","breadcrumb":{"@id":"https:\/\/leaderschool.pl\/bydgoszcz\/jezyk-francuski\/#breadcrumb"},"inLanguage":"pl-PL","potentialAction":[{"@type":"ReadAction","target":["https:\/\/leaderschool.pl\/bydgoszcz\/jezyk-francuski\/"]}]},{"@type":"BreadcrumbList","@id":"https:\/\/leaderschool.pl\/bydgoszcz\/jezyk-francuski\/#breadcrumb","itemListElement":[{"@type":"ListItem","position":1,"name":"Home","item":"https:\/\/leaderschool.pl\/bydgoszcz\/"},{"@type":"ListItem","position":2,"name":"J\u0119zyk francuski"}]}]}},"_links":{"self":[{"href":"https:\/\/leaderschool.pl\/bydgoszcz\/wp-json\/wp\/v2\/pages\/3232"}],"collection":[{"href":"https:\/\/leaderschool.pl\/bydgoszcz\/wp-json\/wp\/v2\/pages"}],"about":[{"href":"https:\/\/leaderschool.pl\/bydgoszcz\/wp-json\/wp\/v2\/types\/page"}],"author":[{"embeddable":true,"href":"https:\/\/leaderschool.pl\/bydgoszcz\/wp-json\/wp\/v2\/users\/3"}],"replies":[{"embeddable":true,"href":"https:\/\/leaderschool.pl\/bydgoszcz\/wp-json\/wp\/v2\/comments?post=3232"}],"version-history":[{"count":1,"href":"https:\/\/leaderschool.pl\/bydgoszcz\/wp-json\/wp\/v2\/pages\/3232\/revisions"}],"predecessor-version":[{"id":3233,"href":"https:\/\/leaderschool.pl\/bydgoszcz\/wp-json\/wp\/v2\/pages\/3232\/revisions\/3233"}],"wp:attachment":[{"href":"https:\/\/leaderschool.pl\/bydgoszcz\/wp-json\/wp\/v2\/media?parent=3232"}],"curies":[{"name":"wp","href":"https:\/\/api.w.org\/{rel}","templated":true}]}}