{"id":3006,"date":"2025-02-24T10:13:28","date_gmt":"2025-02-24T09:13:28","guid":{"rendered":"https:\/\/leaderschool.pl\/bydgoszcz\/?page_id=3006"},"modified":"2025-02-24T10:14:06","modified_gmt":"2025-02-24T09:14:06","slug":"lokalny-osrodek-egzaminacyjny-tgls","status":"publish","type":"page","link":"https:\/\/leaderschool.pl\/bydgoszcz\/lokalny-osrodek-egzaminacyjny-tgls\/","title":{"rendered":"LOKALNY O\u015aRODEK EGZAMINACYJNY TGLS"},"content":{"rendered":"\n<p>CERTYFIKOWANY EGZAMIN TGLS (angielski, niemiecki, francuski, polski jako obcy. A1, A2, B1, B2, C1, C2), to \u015bwietna okazja, aby potwierdzi\u0107 swoje umiej\u0119tno\u015bci i wiedz\u0119!!!!\u00a0<\/p>\n\n\n\n<p>Certyfikat TGLS jest uznawany przez pracodawc\u00f3w na rynku krajowym i mi\u0119dzynarodowym, To doskona\u0142a okazja, aby sprawdzi\u0107 swoje umiej\u0119tno\u015bci j\u0119zykowe i zdoby\u0107 cenne certyfikaty.<\/p>\n\n\n\n<p>Szko\u0142a Leader School Bydgoszcz jest Lokalnym O\u015brodkiem Egzaminacyjnym TGLS, co gwarantuje wysok\u0105 jako\u015b\u0107 nauczania i skuteczne przygotowanie do egzamin\u00f3w.<\/p>\n\n\n\n<p>Wszystkie materia\u0142y edukacyjne s\u0105 dost\u0119pne do zakupu w siedzibie szko\u0142y.<\/p>\n\n\n\n<p>Przyjmujemy nowych uczni\u00f3w<\/p>\n\n\n\n<p>Nab\u00f3r odbywa si\u0119 trzy razy w\u00a0roku:w\u00a0styczniu\/lutym, maju\/czerwcu oraz\u00a0we\u00a0wrze\u015bniu\/pa\u017adzierniku.<\/p>\n\n\n\n<p>W celu ustalenia szczeg\u00f3\u0142\u00f3w kontakt pod nr 789 100 505<\/p>\n\n\n\n<p>Serdecznie zapraszamy do zapisu!!!<\/p>\n","protected":false},"excerpt":{"rendered":"<p>CERTYFIKOWANY EGZAMIN TGLS (angielski, niemiecki, francuski, polski jako obcy. A1, A2, B1, B2, C1, C2), to \u015bwietna okazja, aby potwierdzi\u0107 swoje umiej\u0119tno\u015bci i wiedz\u0119!!!!\u00a0 Certyfikat TGLS jest uznawany przez pracodawc\u00f3w na rynku krajowym i mi\u0119dzynarodowym, To doskona\u0142a okazja, aby sprawdzi\u0107 swoje umiej\u0119tno\u015bci j\u0119zykowe i zdoby\u0107 cenne certyfikaty. Szko\u0142a Leader School Bydgoszcz jest Lokalnym O\u015brodkiem Egzaminacyjnym [&hellip;]<\/p>\n","protected":false},"author":3,"featured_media":0,"parent":0,"menu_order":0,"comment_status":"closed","ping_status":"closed","template":"","meta":{"ngg_post_thumbnail":0},"acf":[],"yoast_head":"<!-- This site is optimized with the Yoast SEO plugin v18.9 - https:\/\/yoast.com\/wordpress\/plugins\/seo\/ -->\n<title>LOKALNY O\u015aRODEK EGZAMINACYJNY TGLS Szko\u0142a j\u0119zykowa w Bydgoszczy - Leader School<\/title>\n<meta name=\"robots\" content=\"index, follow, max-snippet:-1, max-image-preview:large, max-video-preview:-1\" \/>\n<link rel=\"canonical\" href=\"https:\/\/leaderschool.pl\/bydgoszcz\/lokalny-osrodek-egzaminacyjny-tgls\/\" \/>\n<meta property=\"og:locale\" content=\"pl_PL\" \/>\n<meta property=\"og:type\" content=\"article\" \/>\n<meta property=\"og:title\" content=\"LOKALNY O\u015aRODEK EGZAMINACYJNY TGLS Szko\u0142a j\u0119zykowa w Bydgoszczy - Leader School\" \/>\n<meta property=\"og:description\" content=\"CERTYFIKOWANY EGZAMIN TGLS (angielski, niemiecki, francuski, polski jako obcy. A1, A2, B1, B2, C1, C2), to \u015bwietna okazja, aby potwierdzi\u0107 swoje umiej\u0119tno\u015bci i wiedz\u0119!!!!\u00a0 Certyfikat TGLS jest uznawany przez pracodawc\u00f3w na rynku krajowym i mi\u0119dzynarodowym, To doskona\u0142a okazja, aby sprawdzi\u0107 swoje umiej\u0119tno\u015bci j\u0119zykowe i zdoby\u0107 cenne certyfikaty. Szko\u0142a Leader School Bydgoszcz jest Lokalnym O\u015brodkiem Egzaminacyjnym [&hellip;]\" \/>\n<meta property=\"og:url\" content=\"https:\/\/leaderschool.pl\/bydgoszcz\/lokalny-osrodek-egzaminacyjny-tgls\/\" \/>\n<meta property=\"og:site_name\" content=\"Szko\u0142a j\u0119zykowa w Bydgoszczy - Leader School\" \/>\n<meta property=\"article:modified_time\" content=\"2025-02-24T09:14:06+00:00\" \/>\n<meta name=\"twitter:card\" content=\"summary_large_image\" \/>\n<meta name=\"twitter:label1\" content=\"Szacowany czas czytania\" \/>\n\t<meta name=\"twitter:data1\" content=\"1 minuta\" \/>\n<script type=\"application\/ld+json\" class=\"yoast-schema-graph\">{\"@context\":\"https:\/\/schema.org\",\"@graph\":[{\"@type\":\"Organization\",\"@id\":\"https:\/\/leaderschool.pl\/bydgoszcz\/#organization\",\"name\":\"Szko\u0142a j\u0119zykowa Leader School Bydgoszcz\",\"url\":\"https:\/\/leaderschool.pl\/bydgoszcz\/\",\"sameAs\":[],\"logo\":{\"@type\":\"ImageObject\",\"inLanguage\":\"pl-PL\",\"@id\":\"https:\/\/leaderschool.pl\/bydgoszcz\/#\/schema\/logo\/image\/\",\"url\":\"https:\/\/leaderschool.pl\/bydgoszcz\/wp-content\/uploads\/sites\/62\/2022\/06\/cropped-favicon-leader-school.png\",\"contentUrl\":\"https:\/\/leaderschool.pl\/bydgoszcz\/wp-content\/uploads\/sites\/62\/2022\/06\/cropped-favicon-leader-school.png\",\"width\":512,\"height\":512,\"caption\":\"Szko\u0142a j\u0119zykowa Leader School Bydgoszcz\"},\"image\":{\"@id\":\"https:\/\/leaderschool.pl\/bydgoszcz\/#\/schema\/logo\/image\/\"}},{\"@type\":\"WebSite\",\"@id\":\"https:\/\/leaderschool.pl\/bydgoszcz\/#website\",\"url\":\"https:\/\/leaderschool.pl\/bydgoszcz\/\",\"name\":\"Szko\u0142a j\u0119zykowa w Bydgoszczy - Leader School\",\"description\":\"\",\"publisher\":{\"@id\":\"https:\/\/leaderschool.pl\/bydgoszcz\/#organization\"},\"potentialAction\":[{\"@type\":\"SearchAction\",\"target\":{\"@type\":\"EntryPoint\",\"urlTemplate\":\"https:\/\/leaderschool.pl\/bydgoszcz\/?s={search_term_string}\"},\"query-input\":\"required name=search_term_string\"}],\"inLanguage\":\"pl-PL\"},{\"@type\":\"WebPage\",\"@id\":\"https:\/\/leaderschool.pl\/bydgoszcz\/lokalny-osrodek-egzaminacyjny-tgls\/#webpage\",\"url\":\"https:\/\/leaderschool.pl\/bydgoszcz\/lokalny-osrodek-egzaminacyjny-tgls\/\",\"name\":\"LOKALNY O\u015aRODEK EGZAMINACYJNY TGLS Szko\u0142a j\u0119zykowa w Bydgoszczy - Leader School\",\"isPartOf\":{\"@id\":\"https:\/\/leaderschool.pl\/bydgoszcz\/#website\"},\"datePublished\":\"2025-02-24T09:13:28+00:00\",\"dateModified\":\"2025-02-24T09:14:06+00:00\",\"breadcrumb\":{\"@id\":\"https:\/\/leaderschool.pl\/bydgoszcz\/lokalny-osrodek-egzaminacyjny-tgls\/#breadcrumb\"},\"inLanguage\":\"pl-PL\",\"potentialAction\":[{\"@type\":\"ReadAction\",\"target\":[\"https:\/\/leaderschool.pl\/bydgoszcz\/lokalny-osrodek-egzaminacyjny-tgls\/\"]}]},{\"@type\":\"BreadcrumbList\",\"@id\":\"https:\/\/leaderschool.pl\/bydgoszcz\/lokalny-osrodek-egzaminacyjny-tgls\/#breadcrumb\",\"itemListElement\":[{\"@type\":\"ListItem\",\"position\":1,\"name\":\"Home\",\"item\":\"https:\/\/leaderschool.pl\/bydgoszcz\/\"},{\"@type\":\"ListItem\",\"position\":2,\"name\":\"LOKALNY O\u015aRODEK EGZAMINACYJNY TGLS\"}]}]}<\/script>\n<!-- \/ Yoast SEO plugin. -->","yoast_head_json":{"title":"LOKALNY O\u015aRODEK EGZAMINACYJNY TGLS Szko\u0142a j\u0119zykowa w Bydgoszczy - Leader School","robots":{"index":"index","follow":"follow","max-snippet":"max-snippet:-1","max-image-preview":"max-image-preview:large","max-video-preview":"max-video-preview:-1"},"canonical":"https:\/\/leaderschool.pl\/bydgoszcz\/lokalny-osrodek-egzaminacyjny-tgls\/","og_locale":"pl_PL","og_type":"article","og_title":"LOKALNY O\u015aRODEK EGZAMINACYJNY TGLS Szko\u0142a j\u0119zykowa w Bydgoszczy - Leader School","og_description":"CERTYFIKOWANY EGZAMIN TGLS (angielski, niemiecki, francuski, polski jako obcy. A1, A2, B1, B2, C1, C2), to \u015bwietna okazja, aby potwierdzi\u0107 swoje umiej\u0119tno\u015bci i wiedz\u0119!!!!\u00a0 Certyfikat TGLS jest uznawany przez pracodawc\u00f3w na rynku krajowym i mi\u0119dzynarodowym, To doskona\u0142a okazja, aby sprawdzi\u0107 swoje umiej\u0119tno\u015bci j\u0119zykowe i zdoby\u0107 cenne certyfikaty. Szko\u0142a Leader School Bydgoszcz jest Lokalnym O\u015brodkiem Egzaminacyjnym [&hellip;]","og_url":"https:\/\/leaderschool.pl\/bydgoszcz\/lokalny-osrodek-egzaminacyjny-tgls\/","og_site_name":"Szko\u0142a j\u0119zykowa w Bydgoszczy - Leader School","article_modified_time":"2025-02-24T09:14:06+00:00","twitter_card":"summary_large_image","twitter_misc":{"Szacowany czas czytania":"1 minuta"},"schema":{"@context":"https:\/\/schema.org","@graph":[{"@type":"Organization","@id":"https:\/\/leaderschool.pl\/bydgoszcz\/#organization","name":"Szko\u0142a j\u0119zykowa Leader School Bydgoszcz","url":"https:\/\/leaderschool.pl\/bydgoszcz\/","sameAs":[],"logo":{"@type":"ImageObject","inLanguage":"pl-PL","@id":"https:\/\/leaderschool.pl\/bydgoszcz\/#\/schema\/logo\/image\/","url":"https:\/\/leaderschool.pl\/bydgoszcz\/wp-content\/uploads\/sites\/62\/2022\/06\/cropped-favicon-leader-school.png","contentUrl":"https:\/\/leaderschool.pl\/bydgoszcz\/wp-content\/uploads\/sites\/62\/2022\/06\/cropped-favicon-leader-school.png","width":512,"height":512,"caption":"Szko\u0142a j\u0119zykowa Leader School Bydgoszcz"},"image":{"@id":"https:\/\/leaderschool.pl\/bydgoszcz\/#\/schema\/logo\/image\/"}},{"@type":"WebSite","@id":"https:\/\/leaderschool.pl\/bydgoszcz\/#website","url":"https:\/\/leaderschool.pl\/bydgoszcz\/","name":"Szko\u0142a j\u0119zykowa w Bydgoszczy - Leader School","description":"","publisher":{"@id":"https:\/\/leaderschool.pl\/bydgoszcz\/#organization"},"potentialAction":[{"@type":"SearchAction","target":{"@type":"EntryPoint","urlTemplate":"https:\/\/leaderschool.pl\/bydgoszcz\/?s={search_term_string}"},"query-input":"required name=search_term_string"}],"inLanguage":"pl-PL"},{"@type":"WebPage","@id":"https:\/\/leaderschool.pl\/bydgoszcz\/lokalny-osrodek-egzaminacyjny-tgls\/#webpage","url":"https:\/\/leaderschool.pl\/bydgoszcz\/lokalny-osrodek-egzaminacyjny-tgls\/","name":"LOKALNY O\u015aRODEK EGZAMINACYJNY TGLS Szko\u0142a j\u0119zykowa w Bydgoszczy - Leader School","isPartOf":{"@id":"https:\/\/leaderschool.pl\/bydgoszcz\/#website"},"datePublished":"2025-02-24T09:13:28+00:00","dateModified":"2025-02-24T09:14:06+00:00","breadcrumb":{"@id":"https:\/\/leaderschool.pl\/bydgoszcz\/lokalny-osrodek-egzaminacyjny-tgls\/#breadcrumb"},"inLanguage":"pl-PL","potentialAction":[{"@type":"ReadAction","target":["https:\/\/leaderschool.pl\/bydgoszcz\/lokalny-osrodek-egzaminacyjny-tgls\/"]}]},{"@type":"BreadcrumbList","@id":"https:\/\/leaderschool.pl\/bydgoszcz\/lokalny-osrodek-egzaminacyjny-tgls\/#breadcrumb","itemListElement":[{"@type":"ListItem","position":1,"name":"Home","item":"https:\/\/leaderschool.pl\/bydgoszcz\/"},{"@type":"ListItem","position":2,"name":"LOKALNY O\u015aRODEK EGZAMINACYJNY TGLS"}]}]}},"_links":{"self":[{"href":"https:\/\/leaderschool.pl\/bydgoszcz\/wp-json\/wp\/v2\/pages\/3006"}],"collection":[{"href":"https:\/\/leaderschool.pl\/bydgoszcz\/wp-json\/wp\/v2\/pages"}],"about":[{"href":"https:\/\/leaderschool.pl\/bydgoszcz\/wp-json\/wp\/v2\/types\/page"}],"author":[{"embeddable":true,"href":"https:\/\/leaderschool.pl\/bydgoszcz\/wp-json\/wp\/v2\/users\/3"}],"replies":[{"embeddable":true,"href":"https:\/\/leaderschool.pl\/bydgoszcz\/wp-json\/wp\/v2\/comments?post=3006"}],"version-history":[{"count":2,"href":"https:\/\/leaderschool.pl\/bydgoszcz\/wp-json\/wp\/v2\/pages\/3006\/revisions"}],"predecessor-version":[{"id":3009,"href":"https:\/\/leaderschool.pl\/bydgoszcz\/wp-json\/wp\/v2\/pages\/3006\/revisions\/3009"}],"wp:attachment":[{"href":"https:\/\/leaderschool.pl\/bydgoszcz\/wp-json\/wp\/v2\/media?parent=3006"}],"curies":[{"name":"wp","href":"https:\/\/api.w.org\/{rel}","templated":true}]}}