{"id":2881,"date":"2024-12-18T17:15:41","date_gmt":"2024-12-18T16:15:41","guid":{"rendered":"https:\/\/leaderschool.pl\/bydgoszcz\/?page_id=2881"},"modified":"2024-12-18T17:15:42","modified_gmt":"2024-12-18T16:15:42","slug":"indywidualne-kursy-jezykow-obcych","status":"publish","type":"page","link":"https:\/\/leaderschool.pl\/bydgoszcz\/indywidualne-kursy-jezykow-obcych\/","title":{"rendered":"Indywidualne Kursy J\u0119zyk\u00f3w Obcych"},"content":{"rendered":"\n<p>Szukasz kursu dostosowanego do Twoich unikalnych potrzeb? Pragniesz elastyczno\u015bci w planowaniu zaj\u0119\u0107? A mo\u017ce Twoje godziny pracy uniemo\u017cliwiaj\u0105 Ci uczestnictwo w regularnych lekcjach? Je\u015bli tak, nasza oferta kurs\u00f3w indywidualnych w Leader School Bydgoszcz jest w\u0142a\u015bnie dla Ciebie!<\/p>\n\n\n\n<p>Oferujemy tak\u017ce mo\u017cliwo\u015b\u0107 nauki w ma\u0142ych grupach, sk\u0142adaj\u0105cych si\u0119 z 5 do 8 os\u00f3b, co stanowi doskona\u0142\u0105 alternatyw\u0119 dla os\u00f3b preferuj\u0105cych wsp\u00f3lne lekcje. Cennik zaj\u0119\u0107 znajduje si\u0119 w zak\u0142adce \u201eCennik\u201d oraz w sekretariacie szko\u0142y.<\/p>\n\n\n\n<p>Zapraszamy na lekcje z&nbsp;j\u0119zyk\u00f3w, w tym:<\/p>\n\n\n\n<ul><li>angielskiego,<\/li><li>niemieckiego,<\/li><li>polskiego,<\/li><li>hiszpa\u0144skiego,<\/li><\/ul>\n\n\n\n<p>Nasze zaj\u0119cia prowadz\u0105 wykwalifikowani lektorzy, kt\u00f3rzy dbaj\u0105 o stworzenie przyjaznej i sprzyjaj\u0105cej nauce atmosfery.<\/p>\n\n\n\n<p>Indywidualne kursy j\u0119zyk\u00f3w obcych w Bydgoszczy czekaj\u0105 na Ciebie!<\/p>\n","protected":false},"excerpt":{"rendered":"<p>Szukasz kursu dostosowanego do Twoich unikalnych potrzeb? Pragniesz elastyczno\u015bci w planowaniu zaj\u0119\u0107? A mo\u017ce Twoje godziny pracy uniemo\u017cliwiaj\u0105 Ci uczestnictwo w regularnych lekcjach? Je\u015bli tak, nasza oferta kurs\u00f3w indywidualnych w Leader School Bydgoszcz jest w\u0142a\u015bnie dla Ciebie! Oferujemy tak\u017ce mo\u017cliwo\u015b\u0107 nauki w ma\u0142ych grupach, sk\u0142adaj\u0105cych si\u0119 z 5 do 8 os\u00f3b, co stanowi doskona\u0142\u0105 alternatyw\u0119 [&hellip;]<\/p>\n","protected":false},"author":3,"featured_media":0,"parent":0,"menu_order":0,"comment_status":"closed","ping_status":"closed","template":"","meta":{"ngg_post_thumbnail":0},"acf":[],"yoast_head":"<!-- This site is optimized with the Yoast SEO plugin v18.9 - https:\/\/yoast.com\/wordpress\/plugins\/seo\/ -->\n<title>Indywidualne Kursy J\u0119zyk\u00f3w Obcych Szko\u0142a j\u0119zykowa w Bydgoszczy - Leader School<\/title>\n<meta name=\"robots\" content=\"index, follow, max-snippet:-1, max-image-preview:large, max-video-preview:-1\" \/>\n<link rel=\"canonical\" href=\"https:\/\/leaderschool.pl\/bydgoszcz\/indywidualne-kursy-jezykow-obcych\/\" \/>\n<meta property=\"og:locale\" content=\"pl_PL\" \/>\n<meta property=\"og:type\" content=\"article\" \/>\n<meta property=\"og:title\" content=\"Indywidualne Kursy J\u0119zyk\u00f3w Obcych Szko\u0142a j\u0119zykowa w Bydgoszczy - Leader School\" \/>\n<meta property=\"og:description\" content=\"Szukasz kursu dostosowanego do Twoich unikalnych potrzeb? Pragniesz elastyczno\u015bci w planowaniu zaj\u0119\u0107? A mo\u017ce Twoje godziny pracy uniemo\u017cliwiaj\u0105 Ci uczestnictwo w regularnych lekcjach? Je\u015bli tak, nasza oferta kurs\u00f3w indywidualnych w Leader School Bydgoszcz jest w\u0142a\u015bnie dla Ciebie! Oferujemy tak\u017ce mo\u017cliwo\u015b\u0107 nauki w ma\u0142ych grupach, sk\u0142adaj\u0105cych si\u0119 z 5 do 8 os\u00f3b, co stanowi doskona\u0142\u0105 alternatyw\u0119 [&hellip;]\" \/>\n<meta property=\"og:url\" content=\"https:\/\/leaderschool.pl\/bydgoszcz\/indywidualne-kursy-jezykow-obcych\/\" \/>\n<meta property=\"og:site_name\" content=\"Szko\u0142a j\u0119zykowa w Bydgoszczy - Leader School\" \/>\n<meta property=\"article:modified_time\" content=\"2024-12-18T16:15:42+00:00\" \/>\n<meta name=\"twitter:card\" content=\"summary_large_image\" \/>\n<meta name=\"twitter:label1\" content=\"Szacowany czas czytania\" \/>\n\t<meta name=\"twitter:data1\" content=\"1 minuta\" \/>\n<script type=\"application\/ld+json\" class=\"yoast-schema-graph\">{\"@context\":\"https:\/\/schema.org\",\"@graph\":[{\"@type\":\"Organization\",\"@id\":\"https:\/\/leaderschool.pl\/bydgoszcz\/#organization\",\"name\":\"Szko\u0142a j\u0119zykowa Leader School Bydgoszcz\",\"url\":\"https:\/\/leaderschool.pl\/bydgoszcz\/\",\"sameAs\":[],\"logo\":{\"@type\":\"ImageObject\",\"inLanguage\":\"pl-PL\",\"@id\":\"https:\/\/leaderschool.pl\/bydgoszcz\/#\/schema\/logo\/image\/\",\"url\":\"https:\/\/leaderschool.pl\/bydgoszcz\/wp-content\/uploads\/sites\/62\/2022\/06\/cropped-favicon-leader-school.png\",\"contentUrl\":\"https:\/\/leaderschool.pl\/bydgoszcz\/wp-content\/uploads\/sites\/62\/2022\/06\/cropped-favicon-leader-school.png\",\"width\":512,\"height\":512,\"caption\":\"Szko\u0142a j\u0119zykowa Leader School Bydgoszcz\"},\"image\":{\"@id\":\"https:\/\/leaderschool.pl\/bydgoszcz\/#\/schema\/logo\/image\/\"}},{\"@type\":\"WebSite\",\"@id\":\"https:\/\/leaderschool.pl\/bydgoszcz\/#website\",\"url\":\"https:\/\/leaderschool.pl\/bydgoszcz\/\",\"name\":\"Szko\u0142a j\u0119zykowa w Bydgoszczy - Leader School\",\"description\":\"\",\"publisher\":{\"@id\":\"https:\/\/leaderschool.pl\/bydgoszcz\/#organization\"},\"potentialAction\":[{\"@type\":\"SearchAction\",\"target\":{\"@type\":\"EntryPoint\",\"urlTemplate\":\"https:\/\/leaderschool.pl\/bydgoszcz\/?s={search_term_string}\"},\"query-input\":\"required name=search_term_string\"}],\"inLanguage\":\"pl-PL\"},{\"@type\":\"WebPage\",\"@id\":\"https:\/\/leaderschool.pl\/bydgoszcz\/indywidualne-kursy-jezykow-obcych\/#webpage\",\"url\":\"https:\/\/leaderschool.pl\/bydgoszcz\/indywidualne-kursy-jezykow-obcych\/\",\"name\":\"Indywidualne Kursy J\u0119zyk\u00f3w Obcych Szko\u0142a j\u0119zykowa w Bydgoszczy - Leader School\",\"isPartOf\":{\"@id\":\"https:\/\/leaderschool.pl\/bydgoszcz\/#website\"},\"datePublished\":\"2024-12-18T16:15:41+00:00\",\"dateModified\":\"2024-12-18T16:15:42+00:00\",\"breadcrumb\":{\"@id\":\"https:\/\/leaderschool.pl\/bydgoszcz\/indywidualne-kursy-jezykow-obcych\/#breadcrumb\"},\"inLanguage\":\"pl-PL\",\"potentialAction\":[{\"@type\":\"ReadAction\",\"target\":[\"https:\/\/leaderschool.pl\/bydgoszcz\/indywidualne-kursy-jezykow-obcych\/\"]}]},{\"@type\":\"BreadcrumbList\",\"@id\":\"https:\/\/leaderschool.pl\/bydgoszcz\/indywidualne-kursy-jezykow-obcych\/#breadcrumb\",\"itemListElement\":[{\"@type\":\"ListItem\",\"position\":1,\"name\":\"Home\",\"item\":\"https:\/\/leaderschool.pl\/bydgoszcz\/\"},{\"@type\":\"ListItem\",\"position\":2,\"name\":\"Indywidualne Kursy J\u0119zyk\u00f3w Obcych\"}]}]}<\/script>\n<!-- \/ Yoast SEO plugin. -->","yoast_head_json":{"title":"Indywidualne Kursy J\u0119zyk\u00f3w Obcych Szko\u0142a j\u0119zykowa w Bydgoszczy - Leader School","robots":{"index":"index","follow":"follow","max-snippet":"max-snippet:-1","max-image-preview":"max-image-preview:large","max-video-preview":"max-video-preview:-1"},"canonical":"https:\/\/leaderschool.pl\/bydgoszcz\/indywidualne-kursy-jezykow-obcych\/","og_locale":"pl_PL","og_type":"article","og_title":"Indywidualne Kursy J\u0119zyk\u00f3w Obcych Szko\u0142a j\u0119zykowa w Bydgoszczy - Leader School","og_description":"Szukasz kursu dostosowanego do Twoich unikalnych potrzeb? Pragniesz elastyczno\u015bci w planowaniu zaj\u0119\u0107? A mo\u017ce Twoje godziny pracy uniemo\u017cliwiaj\u0105 Ci uczestnictwo w regularnych lekcjach? Je\u015bli tak, nasza oferta kurs\u00f3w indywidualnych w Leader School Bydgoszcz jest w\u0142a\u015bnie dla Ciebie! Oferujemy tak\u017ce mo\u017cliwo\u015b\u0107 nauki w ma\u0142ych grupach, sk\u0142adaj\u0105cych si\u0119 z 5 do 8 os\u00f3b, co stanowi doskona\u0142\u0105 alternatyw\u0119 [&hellip;]","og_url":"https:\/\/leaderschool.pl\/bydgoszcz\/indywidualne-kursy-jezykow-obcych\/","og_site_name":"Szko\u0142a j\u0119zykowa w Bydgoszczy - Leader School","article_modified_time":"2024-12-18T16:15:42+00:00","twitter_card":"summary_large_image","twitter_misc":{"Szacowany czas czytania":"1 minuta"},"schema":{"@context":"https:\/\/schema.org","@graph":[{"@type":"Organization","@id":"https:\/\/leaderschool.pl\/bydgoszcz\/#organization","name":"Szko\u0142a j\u0119zykowa Leader School Bydgoszcz","url":"https:\/\/leaderschool.pl\/bydgoszcz\/","sameAs":[],"logo":{"@type":"ImageObject","inLanguage":"pl-PL","@id":"https:\/\/leaderschool.pl\/bydgoszcz\/#\/schema\/logo\/image\/","url":"https:\/\/leaderschool.pl\/bydgoszcz\/wp-content\/uploads\/sites\/62\/2022\/06\/cropped-favicon-leader-school.png","contentUrl":"https:\/\/leaderschool.pl\/bydgoszcz\/wp-content\/uploads\/sites\/62\/2022\/06\/cropped-favicon-leader-school.png","width":512,"height":512,"caption":"Szko\u0142a j\u0119zykowa Leader School Bydgoszcz"},"image":{"@id":"https:\/\/leaderschool.pl\/bydgoszcz\/#\/schema\/logo\/image\/"}},{"@type":"WebSite","@id":"https:\/\/leaderschool.pl\/bydgoszcz\/#website","url":"https:\/\/leaderschool.pl\/bydgoszcz\/","name":"Szko\u0142a j\u0119zykowa w Bydgoszczy - Leader School","description":"","publisher":{"@id":"https:\/\/leaderschool.pl\/bydgoszcz\/#organization"},"potentialAction":[{"@type":"SearchAction","target":{"@type":"EntryPoint","urlTemplate":"https:\/\/leaderschool.pl\/bydgoszcz\/?s={search_term_string}"},"query-input":"required name=search_term_string"}],"inLanguage":"pl-PL"},{"@type":"WebPage","@id":"https:\/\/leaderschool.pl\/bydgoszcz\/indywidualne-kursy-jezykow-obcych\/#webpage","url":"https:\/\/leaderschool.pl\/bydgoszcz\/indywidualne-kursy-jezykow-obcych\/","name":"Indywidualne Kursy J\u0119zyk\u00f3w Obcych Szko\u0142a j\u0119zykowa w Bydgoszczy - Leader School","isPartOf":{"@id":"https:\/\/leaderschool.pl\/bydgoszcz\/#website"},"datePublished":"2024-12-18T16:15:41+00:00","dateModified":"2024-12-18T16:15:42+00:00","breadcrumb":{"@id":"https:\/\/leaderschool.pl\/bydgoszcz\/indywidualne-kursy-jezykow-obcych\/#breadcrumb"},"inLanguage":"pl-PL","potentialAction":[{"@type":"ReadAction","target":["https:\/\/leaderschool.pl\/bydgoszcz\/indywidualne-kursy-jezykow-obcych\/"]}]},{"@type":"BreadcrumbList","@id":"https:\/\/leaderschool.pl\/bydgoszcz\/indywidualne-kursy-jezykow-obcych\/#breadcrumb","itemListElement":[{"@type":"ListItem","position":1,"name":"Home","item":"https:\/\/leaderschool.pl\/bydgoszcz\/"},{"@type":"ListItem","position":2,"name":"Indywidualne Kursy J\u0119zyk\u00f3w Obcych"}]}]}},"_links":{"self":[{"href":"https:\/\/leaderschool.pl\/bydgoszcz\/wp-json\/wp\/v2\/pages\/2881"}],"collection":[{"href":"https:\/\/leaderschool.pl\/bydgoszcz\/wp-json\/wp\/v2\/pages"}],"about":[{"href":"https:\/\/leaderschool.pl\/bydgoszcz\/wp-json\/wp\/v2\/types\/page"}],"author":[{"embeddable":true,"href":"https:\/\/leaderschool.pl\/bydgoszcz\/wp-json\/wp\/v2\/users\/3"}],"replies":[{"embeddable":true,"href":"https:\/\/leaderschool.pl\/bydgoszcz\/wp-json\/wp\/v2\/comments?post=2881"}],"version-history":[{"count":1,"href":"https:\/\/leaderschool.pl\/bydgoszcz\/wp-json\/wp\/v2\/pages\/2881\/revisions"}],"predecessor-version":[{"id":2882,"href":"https:\/\/leaderschool.pl\/bydgoszcz\/wp-json\/wp\/v2\/pages\/2881\/revisions\/2882"}],"wp:attachment":[{"href":"https:\/\/leaderschool.pl\/bydgoszcz\/wp-json\/wp\/v2\/media?parent=2881"}],"curies":[{"name":"wp","href":"https:\/\/api.w.org\/{rel}","templated":true}]}}