{"id":2876,"date":"2024-12-18T17:11:38","date_gmt":"2024-12-18T16:11:38","guid":{"rendered":"https:\/\/leaderschool.pl\/bydgoszcz\/?page_id=2876"},"modified":"2024-12-18T17:11:39","modified_gmt":"2024-12-18T16:11:39","slug":"przygotowanie-do-egzaminu-tgls-w-bydgoszczy","status":"publish","type":"page","link":"https:\/\/leaderschool.pl\/bydgoszcz\/przygotowanie-do-egzaminu-tgls-w-bydgoszczy\/","title":{"rendered":"Przygotowanie do egzaminu TGLS w Bydgoszczy"},"content":{"rendered":"\n<p>Zach\u0119camy do skorzystania z naszej profesjonalnej oferty przygotowa\u0144 do egzaminu TGLS w Bydgoszczy, obejmuj\u0105cej j\u0119zyki: angielski, niemiecki oraz hiszpa\u0144ski.<\/p>\n\n\n\n<p>TGLS to j\u0119zykowy egzamin, kt\u00f3ry ocenia umiej\u0119tno\u015bci na r\u00f3\u017cnych poziomach zaawansowania, szczeg\u00f3lnie akcentuj\u0105c zdolno\u015b\u0107 komunikacji. Certyfikaty TGLS s\u0105 uznawane w wielu krajach Unii Europejskiej oraz posiadaj\u0105 akredytacj\u0119 w polskiej administracji publicznej. Jeste\u015bmy jedynym o\u015brodkiem egzaminacyjnym TGLS w Bydgoszczy, kt\u00f3ry dysponuje w\u0142asnymi egzaminatorami i organizuje egzaminy kilka razy w roku na r\u00f3\u017cnych poziomach.<\/p>\n\n\n\n<p>Szko\u0142a Leader School oferuje dwie unikalne metody przygotowania do egzaminu TGLS:<\/p>\n\n\n\n<ul><li>Metoda tradycyjna<\/li><li>Metoda BLS (Bezpo\u015brednia), wzbogacona o zaj\u0119cia przygotowuj\u0105ce do egzaminu.<\/li><\/ul>\n\n\n\n<p>Jako wiod\u0105cy o\u015brodek egzaminacyjny TGLS, gwarantujemy kompleksowe przygotowanie do egzaminu z ka\u017cdego europejskiego j\u0119zyka. Materia\u0142y do nauki dost\u0119pne s\u0105 w siedzibie naszej szko\u0142y.<\/p>\n\n\n\n<p><strong>Rekrutacja:<\/strong>&nbsp;Nab\u00f3r odbywa si\u0119 trzy razy w roku: w styczniu\/lutym, maju\/czerwcu oraz we wrze\u015bniu\/pa\u017adzierniku.<\/p>\n\n\n\n<p><strong>ZALETY CERTIFIKATU TGLS:<\/strong><\/p>\n\n\n\n<ul><li>egzamin j\u0119zykowy zako\u0144czony uzyskaniem certyfikatu przeprowadzany jest w dowolnym momencie w O\u015brodkach Egzaminacyjnych TGLS w ca\u0142ej Polsce<\/li><li>certyfikat nie przedawnia si\u0119<\/li><li>mo\u017ce by\u0107 wykorzystywany do potwierdzenia umiej\u0119tno\u015bci j\u0119zykowych posiadacza zar\u00f3wno do pracy zawodowej jak i nauki<\/li><li>daje kandydatowi, jego pracodawcy lub uczelni do kt\u00f3rej aplikuje szczeg\u00f3\u0142ow\u0105 informacj\u0119 o poziomie znajomo\u015bci j\u0119zyka obcego kandydata wraz z interpretacj\u0105 graficzn\u0105 o wszystkich poszczeg\u00f3lnych umiej\u0119tno\u015bciach j\u0119zykowych<\/li><li>wynik okre\u015blany jest w postaci aktualnego poziomu widzy w skali CEFR<\/li><li>egzamin mo\u017cna zdawa\u0107 wielokrotnie aby w miar\u0119 nauki i podnoszenia poziomu znajomo\u015bci j\u0119zyka poprawia\u0107 wynik uzyskiwany na te\u015bcie<\/li><li>egzamin skupia si\u0119 na efektywnym wykorzystywaniu umiej\u0119tno\u015bci j\u0119zykowych do komunikacji<\/li><li>ze wzgl\u0119du na przyjazn\u0105 kandydatom formu\u0142e i typy \u0107wicze\u0144 test nie wymaga wcze\u015bniejszych szkole\u0144 ukierunkowanych na przygotownie do egzaminu<\/li><\/ul>\n\n\n\n<p><strong>UZNAWALNO\u015a\u0106:<\/strong><\/p>\n\n\n\n<p>Certyfikaty TGLS:<\/p>\n\n\n\n<ul><li>s\u0105 uznawane w krajac nale\u017c\u0105cych do Unii Europejskiej<\/li><li>zaliczone na okre\u015blon\u0105 liczb\u0119 punkt\u00f3w s\u0105 traktowane r\u00f3wnowa\u017cnie z zaliczeniem egzaminu z lektoratu przez niekt\u00f3re polskie i zagraniczne uczelnie<\/li><li>s\u0105 honorowane przez mi\u0119dzynarodowe korporacje jako skuteczne narz\u0119dzie do weryfikacji znajomo\u015bi j\u0119zyka obcego pracownik\u00f3w<\/li><\/ul>\n\n\n\n<p><strong>OFERUJEMY:<\/strong><\/p>\n\n\n\n<ul><li>Pomoc w doborze odpowiedniej strategii nauki, co u\u0142atwi Ci przygotowanie do zdania egzaminu TGLS.<\/li><li>Mo\u017cliwo\u015b\u0107 zdania egzaminu w siedzibie naszej szko\u0142y.<\/li><li>Opcj\u0119 p\u0142atno\u015bci za kurs w miesi\u0119cznych ratach.<\/li><li>Korzystny rabat przy p\u0142atno\u015bci za semestr z g\u00f3ry.<\/li><\/ul>\n\n\n\n<a href=\"https:\/\/www.tgls.pl\"><img alt=\"Fundacja The Global Language System Polska - Lokalny O\u015brodek Egzaminacyjny\" src=\"data:image\/gif;base64,R0lGODlhAQABAAAAACH5BAEKAAEALAAAAAABAAEAAAICTAEAOw==\" style=\"width: 300px;\" class=\"lazyload\" data-src=\"https:\/\/tgls.pl\/wp-content\/uploads\/2020\/08\/cropped-TGLS_logo-nowe-1024x458-1.jpg\"><\/a>\n","protected":false},"excerpt":{"rendered":"<p>Zach\u0119camy do skorzystania z naszej profesjonalnej oferty przygotowa\u0144 do egzaminu TGLS w Bydgoszczy, obejmuj\u0105cej j\u0119zyki: angielski, niemiecki oraz hiszpa\u0144ski. TGLS to j\u0119zykowy egzamin, kt\u00f3ry ocenia umiej\u0119tno\u015bci na r\u00f3\u017cnych poziomach zaawansowania, szczeg\u00f3lnie akcentuj\u0105c zdolno\u015b\u0107 komunikacji. Certyfikaty TGLS s\u0105 uznawane w wielu krajach Unii Europejskiej oraz posiadaj\u0105 akredytacj\u0119 w polskiej administracji publicznej. Jeste\u015bmy jedynym o\u015brodkiem egzaminacyjnym TGLS [&hellip;]<\/p>\n","protected":false},"author":3,"featured_media":0,"parent":0,"menu_order":0,"comment_status":"closed","ping_status":"closed","template":"","meta":{"ngg_post_thumbnail":0},"acf":[],"yoast_head":"<!-- This site is optimized with the Yoast SEO plugin v18.9 - https:\/\/yoast.com\/wordpress\/plugins\/seo\/ -->\n<title>Przygotowanie do egzaminu TGLS w Bydgoszczy Szko\u0142a j\u0119zykowa w Bydgoszczy - Leader School<\/title>\n<meta name=\"robots\" content=\"index, follow, max-snippet:-1, max-image-preview:large, max-video-preview:-1\" \/>\n<link rel=\"canonical\" href=\"https:\/\/leaderschool.pl\/bydgoszcz\/przygotowanie-do-egzaminu-tgls-w-bydgoszczy\/\" \/>\n<meta property=\"og:locale\" content=\"pl_PL\" \/>\n<meta property=\"og:type\" content=\"article\" \/>\n<meta property=\"og:title\" content=\"Przygotowanie do egzaminu TGLS w Bydgoszczy Szko\u0142a j\u0119zykowa w Bydgoszczy - Leader School\" \/>\n<meta property=\"og:description\" content=\"Zach\u0119camy do skorzystania z naszej profesjonalnej oferty przygotowa\u0144 do egzaminu TGLS w Bydgoszczy, obejmuj\u0105cej j\u0119zyki: angielski, niemiecki oraz hiszpa\u0144ski. TGLS to j\u0119zykowy egzamin, kt\u00f3ry ocenia umiej\u0119tno\u015bci na r\u00f3\u017cnych poziomach zaawansowania, szczeg\u00f3lnie akcentuj\u0105c zdolno\u015b\u0107 komunikacji. Certyfikaty TGLS s\u0105 uznawane w wielu krajach Unii Europejskiej oraz posiadaj\u0105 akredytacj\u0119 w polskiej administracji publicznej. Jeste\u015bmy jedynym o\u015brodkiem egzaminacyjnym TGLS [&hellip;]\" \/>\n<meta property=\"og:url\" content=\"https:\/\/leaderschool.pl\/bydgoszcz\/przygotowanie-do-egzaminu-tgls-w-bydgoszczy\/\" \/>\n<meta property=\"og:site_name\" content=\"Szko\u0142a j\u0119zykowa w Bydgoszczy - Leader School\" \/>\n<meta property=\"article:modified_time\" content=\"2024-12-18T16:11:39+00:00\" \/>\n<meta property=\"og:image\" content=\"https:\/\/tgls.pl\/wp-content\/uploads\/2020\/08\/cropped-TGLS_logo-nowe-1024x458-1.jpg\" \/>\n<meta name=\"twitter:card\" content=\"summary_large_image\" \/>\n<meta name=\"twitter:label1\" content=\"Szacowany czas czytania\" \/>\n\t<meta name=\"twitter:data1\" content=\"3 minuty\" \/>\n<script type=\"application\/ld+json\" class=\"yoast-schema-graph\">{\"@context\":\"https:\/\/schema.org\",\"@graph\":[{\"@type\":\"Organization\",\"@id\":\"https:\/\/leaderschool.pl\/bydgoszcz\/#organization\",\"name\":\"Szko\u0142a j\u0119zykowa Leader School Bydgoszcz\",\"url\":\"https:\/\/leaderschool.pl\/bydgoszcz\/\",\"sameAs\":[],\"logo\":{\"@type\":\"ImageObject\",\"inLanguage\":\"pl-PL\",\"@id\":\"https:\/\/leaderschool.pl\/bydgoszcz\/#\/schema\/logo\/image\/\",\"url\":\"https:\/\/leaderschool.pl\/bydgoszcz\/wp-content\/uploads\/sites\/62\/2022\/06\/cropped-favicon-leader-school.png\",\"contentUrl\":\"https:\/\/leaderschool.pl\/bydgoszcz\/wp-content\/uploads\/sites\/62\/2022\/06\/cropped-favicon-leader-school.png\",\"width\":512,\"height\":512,\"caption\":\"Szko\u0142a j\u0119zykowa Leader School Bydgoszcz\"},\"image\":{\"@id\":\"https:\/\/leaderschool.pl\/bydgoszcz\/#\/schema\/logo\/image\/\"}},{\"@type\":\"WebSite\",\"@id\":\"https:\/\/leaderschool.pl\/bydgoszcz\/#website\",\"url\":\"https:\/\/leaderschool.pl\/bydgoszcz\/\",\"name\":\"Szko\u0142a j\u0119zykowa w Bydgoszczy - Leader School\",\"description\":\"\",\"publisher\":{\"@id\":\"https:\/\/leaderschool.pl\/bydgoszcz\/#organization\"},\"potentialAction\":[{\"@type\":\"SearchAction\",\"target\":{\"@type\":\"EntryPoint\",\"urlTemplate\":\"https:\/\/leaderschool.pl\/bydgoszcz\/?s={search_term_string}\"},\"query-input\":\"required name=search_term_string\"}],\"inLanguage\":\"pl-PL\"},{\"@type\":\"ImageObject\",\"inLanguage\":\"pl-PL\",\"@id\":\"https:\/\/leaderschool.pl\/bydgoszcz\/przygotowanie-do-egzaminu-tgls-w-bydgoszczy\/#primaryimage\",\"url\":\"https:\/\/tgls.pl\/wp-content\/uploads\/2020\/08\/cropped-TGLS_logo-nowe-1024x458-1.jpg\",\"contentUrl\":\"https:\/\/tgls.pl\/wp-content\/uploads\/2020\/08\/cropped-TGLS_logo-nowe-1024x458-1.jpg\"},{\"@type\":\"WebPage\",\"@id\":\"https:\/\/leaderschool.pl\/bydgoszcz\/przygotowanie-do-egzaminu-tgls-w-bydgoszczy\/#webpage\",\"url\":\"https:\/\/leaderschool.pl\/bydgoszcz\/przygotowanie-do-egzaminu-tgls-w-bydgoszczy\/\",\"name\":\"Przygotowanie do egzaminu TGLS w Bydgoszczy Szko\u0142a j\u0119zykowa w Bydgoszczy - Leader School\",\"isPartOf\":{\"@id\":\"https:\/\/leaderschool.pl\/bydgoszcz\/#website\"},\"primaryImageOfPage\":{\"@id\":\"https:\/\/leaderschool.pl\/bydgoszcz\/przygotowanie-do-egzaminu-tgls-w-bydgoszczy\/#primaryimage\"},\"datePublished\":\"2024-12-18T16:11:38+00:00\",\"dateModified\":\"2024-12-18T16:11:39+00:00\",\"breadcrumb\":{\"@id\":\"https:\/\/leaderschool.pl\/bydgoszcz\/przygotowanie-do-egzaminu-tgls-w-bydgoszczy\/#breadcrumb\"},\"inLanguage\":\"pl-PL\",\"potentialAction\":[{\"@type\":\"ReadAction\",\"target\":[\"https:\/\/leaderschool.pl\/bydgoszcz\/przygotowanie-do-egzaminu-tgls-w-bydgoszczy\/\"]}]},{\"@type\":\"BreadcrumbList\",\"@id\":\"https:\/\/leaderschool.pl\/bydgoszcz\/przygotowanie-do-egzaminu-tgls-w-bydgoszczy\/#breadcrumb\",\"itemListElement\":[{\"@type\":\"ListItem\",\"position\":1,\"name\":\"Home\",\"item\":\"https:\/\/leaderschool.pl\/bydgoszcz\/\"},{\"@type\":\"ListItem\",\"position\":2,\"name\":\"Przygotowanie do egzaminu TGLS w Bydgoszczy\"}]}]}<\/script>\n<!-- \/ Yoast SEO plugin. -->","yoast_head_json":{"title":"Przygotowanie do egzaminu TGLS w Bydgoszczy Szko\u0142a j\u0119zykowa w Bydgoszczy - Leader School","robots":{"index":"index","follow":"follow","max-snippet":"max-snippet:-1","max-image-preview":"max-image-preview:large","max-video-preview":"max-video-preview:-1"},"canonical":"https:\/\/leaderschool.pl\/bydgoszcz\/przygotowanie-do-egzaminu-tgls-w-bydgoszczy\/","og_locale":"pl_PL","og_type":"article","og_title":"Przygotowanie do egzaminu TGLS w Bydgoszczy Szko\u0142a j\u0119zykowa w Bydgoszczy - Leader School","og_description":"Zach\u0119camy do skorzystania z naszej profesjonalnej oferty przygotowa\u0144 do egzaminu TGLS w Bydgoszczy, obejmuj\u0105cej j\u0119zyki: angielski, niemiecki oraz hiszpa\u0144ski. TGLS to j\u0119zykowy egzamin, kt\u00f3ry ocenia umiej\u0119tno\u015bci na r\u00f3\u017cnych poziomach zaawansowania, szczeg\u00f3lnie akcentuj\u0105c zdolno\u015b\u0107 komunikacji. Certyfikaty TGLS s\u0105 uznawane w wielu krajach Unii Europejskiej oraz posiadaj\u0105 akredytacj\u0119 w polskiej administracji publicznej. Jeste\u015bmy jedynym o\u015brodkiem egzaminacyjnym TGLS [&hellip;]","og_url":"https:\/\/leaderschool.pl\/bydgoszcz\/przygotowanie-do-egzaminu-tgls-w-bydgoszczy\/","og_site_name":"Szko\u0142a j\u0119zykowa w Bydgoszczy - Leader School","article_modified_time":"2024-12-18T16:11:39+00:00","og_image":[{"url":"https:\/\/tgls.pl\/wp-content\/uploads\/2020\/08\/cropped-TGLS_logo-nowe-1024x458-1.jpg"}],"twitter_card":"summary_large_image","twitter_misc":{"Szacowany czas czytania":"3 minuty"},"schema":{"@context":"https:\/\/schema.org","@graph":[{"@type":"Organization","@id":"https:\/\/leaderschool.pl\/bydgoszcz\/#organization","name":"Szko\u0142a j\u0119zykowa Leader School Bydgoszcz","url":"https:\/\/leaderschool.pl\/bydgoszcz\/","sameAs":[],"logo":{"@type":"ImageObject","inLanguage":"pl-PL","@id":"https:\/\/leaderschool.pl\/bydgoszcz\/#\/schema\/logo\/image\/","url":"https:\/\/leaderschool.pl\/bydgoszcz\/wp-content\/uploads\/sites\/62\/2022\/06\/cropped-favicon-leader-school.png","contentUrl":"https:\/\/leaderschool.pl\/bydgoszcz\/wp-content\/uploads\/sites\/62\/2022\/06\/cropped-favicon-leader-school.png","width":512,"height":512,"caption":"Szko\u0142a j\u0119zykowa Leader School Bydgoszcz"},"image":{"@id":"https:\/\/leaderschool.pl\/bydgoszcz\/#\/schema\/logo\/image\/"}},{"@type":"WebSite","@id":"https:\/\/leaderschool.pl\/bydgoszcz\/#website","url":"https:\/\/leaderschool.pl\/bydgoszcz\/","name":"Szko\u0142a j\u0119zykowa w Bydgoszczy - Leader School","description":"","publisher":{"@id":"https:\/\/leaderschool.pl\/bydgoszcz\/#organization"},"potentialAction":[{"@type":"SearchAction","target":{"@type":"EntryPoint","urlTemplate":"https:\/\/leaderschool.pl\/bydgoszcz\/?s={search_term_string}"},"query-input":"required name=search_term_string"}],"inLanguage":"pl-PL"},{"@type":"ImageObject","inLanguage":"pl-PL","@id":"https:\/\/leaderschool.pl\/bydgoszcz\/przygotowanie-do-egzaminu-tgls-w-bydgoszczy\/#primaryimage","url":"https:\/\/tgls.pl\/wp-content\/uploads\/2020\/08\/cropped-TGLS_logo-nowe-1024x458-1.jpg","contentUrl":"https:\/\/tgls.pl\/wp-content\/uploads\/2020\/08\/cropped-TGLS_logo-nowe-1024x458-1.jpg"},{"@type":"WebPage","@id":"https:\/\/leaderschool.pl\/bydgoszcz\/przygotowanie-do-egzaminu-tgls-w-bydgoszczy\/#webpage","url":"https:\/\/leaderschool.pl\/bydgoszcz\/przygotowanie-do-egzaminu-tgls-w-bydgoszczy\/","name":"Przygotowanie do egzaminu TGLS w Bydgoszczy Szko\u0142a j\u0119zykowa w Bydgoszczy - Leader School","isPartOf":{"@id":"https:\/\/leaderschool.pl\/bydgoszcz\/#website"},"primaryImageOfPage":{"@id":"https:\/\/leaderschool.pl\/bydgoszcz\/przygotowanie-do-egzaminu-tgls-w-bydgoszczy\/#primaryimage"},"datePublished":"2024-12-18T16:11:38+00:00","dateModified":"2024-12-18T16:11:39+00:00","breadcrumb":{"@id":"https:\/\/leaderschool.pl\/bydgoszcz\/przygotowanie-do-egzaminu-tgls-w-bydgoszczy\/#breadcrumb"},"inLanguage":"pl-PL","potentialAction":[{"@type":"ReadAction","target":["https:\/\/leaderschool.pl\/bydgoszcz\/przygotowanie-do-egzaminu-tgls-w-bydgoszczy\/"]}]},{"@type":"BreadcrumbList","@id":"https:\/\/leaderschool.pl\/bydgoszcz\/przygotowanie-do-egzaminu-tgls-w-bydgoszczy\/#breadcrumb","itemListElement":[{"@type":"ListItem","position":1,"name":"Home","item":"https:\/\/leaderschool.pl\/bydgoszcz\/"},{"@type":"ListItem","position":2,"name":"Przygotowanie do egzaminu TGLS w Bydgoszczy"}]}]}},"_links":{"self":[{"href":"https:\/\/leaderschool.pl\/bydgoszcz\/wp-json\/wp\/v2\/pages\/2876"}],"collection":[{"href":"https:\/\/leaderschool.pl\/bydgoszcz\/wp-json\/wp\/v2\/pages"}],"about":[{"href":"https:\/\/leaderschool.pl\/bydgoszcz\/wp-json\/wp\/v2\/types\/page"}],"author":[{"embeddable":true,"href":"https:\/\/leaderschool.pl\/bydgoszcz\/wp-json\/wp\/v2\/users\/3"}],"replies":[{"embeddable":true,"href":"https:\/\/leaderschool.pl\/bydgoszcz\/wp-json\/wp\/v2\/comments?post=2876"}],"version-history":[{"count":1,"href":"https:\/\/leaderschool.pl\/bydgoszcz\/wp-json\/wp\/v2\/pages\/2876\/revisions"}],"predecessor-version":[{"id":2877,"href":"https:\/\/leaderschool.pl\/bydgoszcz\/wp-json\/wp\/v2\/pages\/2876\/revisions\/2877"}],"wp:attachment":[{"href":"https:\/\/leaderschool.pl\/bydgoszcz\/wp-json\/wp\/v2\/media?parent=2876"}],"curies":[{"name":"wp","href":"https:\/\/api.w.org\/{rel}","templated":true}]}}