{"id":2849,"date":"2024-11-06T15:06:16","date_gmt":"2024-11-06T14:06:16","guid":{"rendered":"https:\/\/leaderschool.pl\/bydgoszcz\/?page_id=2849"},"modified":"2024-11-06T15:06:17","modified_gmt":"2024-11-06T14:06:17","slug":"egzamin-osmoklasisty","status":"publish","type":"page","link":"https:\/\/leaderschool.pl\/bydgoszcz\/egzamin-osmoklasisty\/","title":{"rendered":"EGZAMIN \u00d3SMOKLASISTY"},"content":{"rendered":"\n<p>Je\u015bli chcesz zda\u0107 egzamin \u00f3smoklasisty z j\u0119zyka obcego na najwy\u017cszym poziomie, zdecydowanie warto zainwestowa\u0107 w odpowiednie przygotowanie. Oto kilka krok\u00f3w, kt\u00f3re mog\u0105 pom\u00f3c Ci w osi\u0105gni\u0119ciu sukcesu:<\/p>\n\n\n\n<p>1. Wyb\u00f3r odpowiedniej metody nauczania: Zaj\u0119cia w metodzie Direct, kt\u00f3re oferuje Leader Schoo Bydgoszcz, skupiaj\u0105 si\u0119 na praktycznej komunikacji i rozwijaniu umiej\u0119tno\u015bci m\u00f3wienia. Uczestnictwo w takich kursach pozwoli Ci szybko poprawi\u0107 wymow\u0119 i zdoby\u0107 pewno\u015b\u0107 siebie w u\u017cywaniu j\u0119zyka.<\/p>\n\n\n\n<p>2. Intensywna praktyka: Regularne zaj\u0119cia i konwersacje w j\u0119zyku angielskim, niemieckim lub hiszpa\u0144skim pomog\u0105 Ci w opanowaniu s\u0142ownictwa oraz gramatyki.<\/p>\n\n\n\n<p>3. Rozw\u00f3j umiej\u0119tno\u015bci s\u0142uchania: To pomo\u017ce Ci w przyswajaniu naturalnego brzmienia j\u0119zyka oraz u\u0142atwi zrozumienie m\u00f3wionego tekstu.<\/p>\n\n\n\n<p>4. Regularne powt\u00f3rki: Nie zapominaj o systematycznym powtarzaniu materia\u0142u.<\/p>\n\n\n\n<p>5. Rozwi\u0105zywanie test\u00f3w i arkuszy egzaminacyjnych. Zapoznaj si\u0119 ze struktur\u0105 egzaminu \u00f3smoklasisty z j\u0119zyka obcego, wykonuj\u0105c pr\u00f3bne testy. Pomog\u0105 Ci one oswoi\u0107 si\u0119 z form\u0105 i typami zada\u0144, kt\u00f3re mog\u0105 si\u0119 pojawi\u0107.<\/p>\n\n\n\n<p>6. Wsparcie nauczycieli: Wykorzystaj czas na zaj\u0119ciach, aby zadawa\u0107 pytania i prosi\u0107 o dodatkowe wyja\u015bnienia. Nauczyciele mog\u0105 dostarczy\u0107 praktyczne wskaz\u00f3wki i pom\u00f3c w rozwijaniu konkretnych umiej\u0119tno\u015bci.<\/p>\n\n\n\n<p>Zdecydowany na kursy oferowane przez Leader School w Bydgoszczy?<\/p>\n\n\n\n<p><a><\/a>Mo\u017cesz w ten spos\u00f3b znacz\u0105co zwi\u0119kszy\u0107 swoje szanse na osi\u0105gni\u0119cie wymarzonego wyniku na egzaminie \u00f3smoklasisty!<\/p>\n","protected":false},"excerpt":{"rendered":"<p>Je\u015bli chcesz zda\u0107 egzamin \u00f3smoklasisty z j\u0119zyka obcego na najwy\u017cszym poziomie, zdecydowanie warto zainwestowa\u0107 w odpowiednie przygotowanie. Oto kilka krok\u00f3w, kt\u00f3re mog\u0105 pom\u00f3c Ci w osi\u0105gni\u0119ciu sukcesu: 1. Wyb\u00f3r odpowiedniej metody nauczania: Zaj\u0119cia w metodzie Direct, kt\u00f3re oferuje Leader Schoo Bydgoszcz, skupiaj\u0105 si\u0119 na praktycznej komunikacji i rozwijaniu umiej\u0119tno\u015bci m\u00f3wienia. Uczestnictwo w takich kursach pozwoli [&hellip;]<\/p>\n","protected":false},"author":3,"featured_media":0,"parent":0,"menu_order":0,"comment_status":"closed","ping_status":"closed","template":"","meta":{"ngg_post_thumbnail":0},"acf":[],"yoast_head":"<!-- This site is optimized with the Yoast SEO plugin v18.9 - https:\/\/yoast.com\/wordpress\/plugins\/seo\/ -->\n<title>EGZAMIN \u00d3SMOKLASISTY Szko\u0142a j\u0119zykowa w Bydgoszczy - Leader School<\/title>\n<meta name=\"robots\" content=\"index, follow, max-snippet:-1, max-image-preview:large, max-video-preview:-1\" \/>\n<link rel=\"canonical\" href=\"https:\/\/leaderschool.pl\/bydgoszcz\/egzamin-osmoklasisty\/\" \/>\n<meta property=\"og:locale\" content=\"pl_PL\" \/>\n<meta property=\"og:type\" content=\"article\" \/>\n<meta property=\"og:title\" content=\"EGZAMIN \u00d3SMOKLASISTY Szko\u0142a j\u0119zykowa w Bydgoszczy - Leader School\" \/>\n<meta property=\"og:description\" content=\"Je\u015bli chcesz zda\u0107 egzamin \u00f3smoklasisty z j\u0119zyka obcego na najwy\u017cszym poziomie, zdecydowanie warto zainwestowa\u0107 w odpowiednie przygotowanie. Oto kilka krok\u00f3w, kt\u00f3re mog\u0105 pom\u00f3c Ci w osi\u0105gni\u0119ciu sukcesu: 1. Wyb\u00f3r odpowiedniej metody nauczania: Zaj\u0119cia w metodzie Direct, kt\u00f3re oferuje Leader Schoo Bydgoszcz, skupiaj\u0105 si\u0119 na praktycznej komunikacji i rozwijaniu umiej\u0119tno\u015bci m\u00f3wienia. Uczestnictwo w takich kursach pozwoli [&hellip;]\" \/>\n<meta property=\"og:url\" content=\"https:\/\/leaderschool.pl\/bydgoszcz\/egzamin-osmoklasisty\/\" \/>\n<meta property=\"og:site_name\" content=\"Szko\u0142a j\u0119zykowa w Bydgoszczy - Leader School\" \/>\n<meta property=\"article:modified_time\" content=\"2024-11-06T14:06:17+00:00\" \/>\n<meta name=\"twitter:card\" content=\"summary_large_image\" \/>\n<meta name=\"twitter:label1\" content=\"Szacowany czas czytania\" \/>\n\t<meta name=\"twitter:data1\" content=\"2 minuty\" \/>\n<script type=\"application\/ld+json\" class=\"yoast-schema-graph\">{\"@context\":\"https:\/\/schema.org\",\"@graph\":[{\"@type\":\"Organization\",\"@id\":\"https:\/\/leaderschool.pl\/bydgoszcz\/#organization\",\"name\":\"Szko\u0142a j\u0119zykowa Leader School Bydgoszcz\",\"url\":\"https:\/\/leaderschool.pl\/bydgoszcz\/\",\"sameAs\":[],\"logo\":{\"@type\":\"ImageObject\",\"inLanguage\":\"pl-PL\",\"@id\":\"https:\/\/leaderschool.pl\/bydgoszcz\/#\/schema\/logo\/image\/\",\"url\":\"https:\/\/leaderschool.pl\/bydgoszcz\/wp-content\/uploads\/sites\/62\/2022\/06\/cropped-favicon-leader-school.png\",\"contentUrl\":\"https:\/\/leaderschool.pl\/bydgoszcz\/wp-content\/uploads\/sites\/62\/2022\/06\/cropped-favicon-leader-school.png\",\"width\":512,\"height\":512,\"caption\":\"Szko\u0142a j\u0119zykowa Leader School Bydgoszcz\"},\"image\":{\"@id\":\"https:\/\/leaderschool.pl\/bydgoszcz\/#\/schema\/logo\/image\/\"}},{\"@type\":\"WebSite\",\"@id\":\"https:\/\/leaderschool.pl\/bydgoszcz\/#website\",\"url\":\"https:\/\/leaderschool.pl\/bydgoszcz\/\",\"name\":\"Szko\u0142a j\u0119zykowa w Bydgoszczy - Leader School\",\"description\":\"\",\"publisher\":{\"@id\":\"https:\/\/leaderschool.pl\/bydgoszcz\/#organization\"},\"potentialAction\":[{\"@type\":\"SearchAction\",\"target\":{\"@type\":\"EntryPoint\",\"urlTemplate\":\"https:\/\/leaderschool.pl\/bydgoszcz\/?s={search_term_string}\"},\"query-input\":\"required name=search_term_string\"}],\"inLanguage\":\"pl-PL\"},{\"@type\":\"WebPage\",\"@id\":\"https:\/\/leaderschool.pl\/bydgoszcz\/egzamin-osmoklasisty\/#webpage\",\"url\":\"https:\/\/leaderschool.pl\/bydgoszcz\/egzamin-osmoklasisty\/\",\"name\":\"EGZAMIN \u00d3SMOKLASISTY Szko\u0142a j\u0119zykowa w Bydgoszczy - Leader School\",\"isPartOf\":{\"@id\":\"https:\/\/leaderschool.pl\/bydgoszcz\/#website\"},\"datePublished\":\"2024-11-06T14:06:16+00:00\",\"dateModified\":\"2024-11-06T14:06:17+00:00\",\"breadcrumb\":{\"@id\":\"https:\/\/leaderschool.pl\/bydgoszcz\/egzamin-osmoklasisty\/#breadcrumb\"},\"inLanguage\":\"pl-PL\",\"potentialAction\":[{\"@type\":\"ReadAction\",\"target\":[\"https:\/\/leaderschool.pl\/bydgoszcz\/egzamin-osmoklasisty\/\"]}]},{\"@type\":\"BreadcrumbList\",\"@id\":\"https:\/\/leaderschool.pl\/bydgoszcz\/egzamin-osmoklasisty\/#breadcrumb\",\"itemListElement\":[{\"@type\":\"ListItem\",\"position\":1,\"name\":\"Home\",\"item\":\"https:\/\/leaderschool.pl\/bydgoszcz\/\"},{\"@type\":\"ListItem\",\"position\":2,\"name\":\"EGZAMIN \u00d3SMOKLASISTY\"}]}]}<\/script>\n<!-- \/ Yoast SEO plugin. -->","yoast_head_json":{"title":"EGZAMIN \u00d3SMOKLASISTY Szko\u0142a j\u0119zykowa w Bydgoszczy - Leader School","robots":{"index":"index","follow":"follow","max-snippet":"max-snippet:-1","max-image-preview":"max-image-preview:large","max-video-preview":"max-video-preview:-1"},"canonical":"https:\/\/leaderschool.pl\/bydgoszcz\/egzamin-osmoklasisty\/","og_locale":"pl_PL","og_type":"article","og_title":"EGZAMIN \u00d3SMOKLASISTY Szko\u0142a j\u0119zykowa w Bydgoszczy - Leader School","og_description":"Je\u015bli chcesz zda\u0107 egzamin \u00f3smoklasisty z j\u0119zyka obcego na najwy\u017cszym poziomie, zdecydowanie warto zainwestowa\u0107 w odpowiednie przygotowanie. Oto kilka krok\u00f3w, kt\u00f3re mog\u0105 pom\u00f3c Ci w osi\u0105gni\u0119ciu sukcesu: 1. Wyb\u00f3r odpowiedniej metody nauczania: Zaj\u0119cia w metodzie Direct, kt\u00f3re oferuje Leader Schoo Bydgoszcz, skupiaj\u0105 si\u0119 na praktycznej komunikacji i rozwijaniu umiej\u0119tno\u015bci m\u00f3wienia. Uczestnictwo w takich kursach pozwoli [&hellip;]","og_url":"https:\/\/leaderschool.pl\/bydgoszcz\/egzamin-osmoklasisty\/","og_site_name":"Szko\u0142a j\u0119zykowa w Bydgoszczy - Leader School","article_modified_time":"2024-11-06T14:06:17+00:00","twitter_card":"summary_large_image","twitter_misc":{"Szacowany czas czytania":"2 minuty"},"schema":{"@context":"https:\/\/schema.org","@graph":[{"@type":"Organization","@id":"https:\/\/leaderschool.pl\/bydgoszcz\/#organization","name":"Szko\u0142a j\u0119zykowa Leader School Bydgoszcz","url":"https:\/\/leaderschool.pl\/bydgoszcz\/","sameAs":[],"logo":{"@type":"ImageObject","inLanguage":"pl-PL","@id":"https:\/\/leaderschool.pl\/bydgoszcz\/#\/schema\/logo\/image\/","url":"https:\/\/leaderschool.pl\/bydgoszcz\/wp-content\/uploads\/sites\/62\/2022\/06\/cropped-favicon-leader-school.png","contentUrl":"https:\/\/leaderschool.pl\/bydgoszcz\/wp-content\/uploads\/sites\/62\/2022\/06\/cropped-favicon-leader-school.png","width":512,"height":512,"caption":"Szko\u0142a j\u0119zykowa Leader School Bydgoszcz"},"image":{"@id":"https:\/\/leaderschool.pl\/bydgoszcz\/#\/schema\/logo\/image\/"}},{"@type":"WebSite","@id":"https:\/\/leaderschool.pl\/bydgoszcz\/#website","url":"https:\/\/leaderschool.pl\/bydgoszcz\/","name":"Szko\u0142a j\u0119zykowa w Bydgoszczy - Leader School","description":"","publisher":{"@id":"https:\/\/leaderschool.pl\/bydgoszcz\/#organization"},"potentialAction":[{"@type":"SearchAction","target":{"@type":"EntryPoint","urlTemplate":"https:\/\/leaderschool.pl\/bydgoszcz\/?s={search_term_string}"},"query-input":"required name=search_term_string"}],"inLanguage":"pl-PL"},{"@type":"WebPage","@id":"https:\/\/leaderschool.pl\/bydgoszcz\/egzamin-osmoklasisty\/#webpage","url":"https:\/\/leaderschool.pl\/bydgoszcz\/egzamin-osmoklasisty\/","name":"EGZAMIN \u00d3SMOKLASISTY Szko\u0142a j\u0119zykowa w Bydgoszczy - Leader School","isPartOf":{"@id":"https:\/\/leaderschool.pl\/bydgoszcz\/#website"},"datePublished":"2024-11-06T14:06:16+00:00","dateModified":"2024-11-06T14:06:17+00:00","breadcrumb":{"@id":"https:\/\/leaderschool.pl\/bydgoszcz\/egzamin-osmoklasisty\/#breadcrumb"},"inLanguage":"pl-PL","potentialAction":[{"@type":"ReadAction","target":["https:\/\/leaderschool.pl\/bydgoszcz\/egzamin-osmoklasisty\/"]}]},{"@type":"BreadcrumbList","@id":"https:\/\/leaderschool.pl\/bydgoszcz\/egzamin-osmoklasisty\/#breadcrumb","itemListElement":[{"@type":"ListItem","position":1,"name":"Home","item":"https:\/\/leaderschool.pl\/bydgoszcz\/"},{"@type":"ListItem","position":2,"name":"EGZAMIN \u00d3SMOKLASISTY"}]}]}},"_links":{"self":[{"href":"https:\/\/leaderschool.pl\/bydgoszcz\/wp-json\/wp\/v2\/pages\/2849"}],"collection":[{"href":"https:\/\/leaderschool.pl\/bydgoszcz\/wp-json\/wp\/v2\/pages"}],"about":[{"href":"https:\/\/leaderschool.pl\/bydgoszcz\/wp-json\/wp\/v2\/types\/page"}],"author":[{"embeddable":true,"href":"https:\/\/leaderschool.pl\/bydgoszcz\/wp-json\/wp\/v2\/users\/3"}],"replies":[{"embeddable":true,"href":"https:\/\/leaderschool.pl\/bydgoszcz\/wp-json\/wp\/v2\/comments?post=2849"}],"version-history":[{"count":2,"href":"https:\/\/leaderschool.pl\/bydgoszcz\/wp-json\/wp\/v2\/pages\/2849\/revisions"}],"predecessor-version":[{"id":2851,"href":"https:\/\/leaderschool.pl\/bydgoszcz\/wp-json\/wp\/v2\/pages\/2849\/revisions\/2851"}],"wp:attachment":[{"href":"https:\/\/leaderschool.pl\/bydgoszcz\/wp-json\/wp\/v2\/media?parent=2849"}],"curies":[{"name":"wp","href":"https:\/\/api.w.org\/{rel}","templated":true}]}}