{"id":2840,"date":"2024-09-23T12:43:55","date_gmt":"2024-09-23T10:43:55","guid":{"rendered":"https:\/\/leaderschool.pl\/bydgoszcz\/?page_id=2840"},"modified":"2024-09-23T13:16:58","modified_gmt":"2024-09-23T11:16:58","slug":"kursy-jezykowe-z-dofinansowaniem-dla-doroslych","status":"publish","type":"page","link":"https:\/\/leaderschool.pl\/bydgoszcz\/kursy-jezykowe-z-dofinansowaniem-dla-doroslych\/","title":{"rendered":"Kursy j\u0119zykowe z dofinansowaniem dla doros\u0142ych"},"content":{"rendered":"\n<h2>Szkolenia dofinansowane \u2013 BUR<\/h2>\n\n\n\n<p>Szukasz sposobu na popraw\u0119 swoich umiej\u0119tno\u015bci j\u0119zykowych? A mo\u017ce zale\u017cy Ci na kszta\u0142ceniu pracownik\u00f3w w tym zakresie? Skorzystaj z mo\u017cliwo\u015bci, jakie daje Baza Us\u0142ug Rozwojowych \u2013 to zar\u00f3wno szkolenia stacjonarne, online, jak i w formie e-learningowej, doradztwo w zakresie j\u0119zykowego rozwoju na p\u0142aszczy\u017anie zawodowej i prywatnej. Z ch\u0119ci\u0105 pomo\u017cemy Ci wybra\u0107 najlepsze rozwi\u0105zanie, dzi\u0119ki kt\u00f3remu podniesiesz swoje kompetencje! Sprawd\u017a, jak skorzysta\u0107 z tej us\u0142ugi.<\/p>\n\n\n\n<h3>Na jakie dofinansowanie mo\u017cna liczy\u0107?<\/h3>\n\n\n\n<p>Szkolenia dofinansowane s\u0105 oferowane zar\u00f3wno przedsi\u0119biorcom i pracownikom M\u015aP, jak i osobom indywidualnym.<br>Prowadzisz firm\u0119? Uzyskaj dofinansowanie na nauk\u0119 dowolnego j\u0119zyka obcego dla siebie lub zatrudnianych os\u00f3b! To nawet 50.000 z\u0142 dla firmy (nie wi\u0119cej ni\u017c 80% dla mikro, 70% dla ma\u0142ego i 50% dla \u015bredniego przedsi\u0119biorstwa). <br><em>Starasz si\u0119 o wsparcie jako osoba indywidualna? <\/em>Mo\u017cesz otrzyma\u0107 5.000 z\u0142 do wybranego kursu to stanowi 90% dofinansowania.<\/p>\n\n\n\n<h3>Dofinansowanie szkolenia \u2013 jak to dzia\u0142a w praktyce?<\/h3>\n\n\n\n<p>Baza Us\u0142ug Rozwojowych to platforma administrowana przez PARP (Polsk\u0105 Agencj\u0119 Rozwoju Przedsi\u0119biorczo\u015bci) \u2013 jej celem jest podniesienie dost\u0119pno\u015bci kurs\u00f3w i szkole\u0144, aby ka\u017cdy (pracodawca, pracownik oraz osoba indywidualna) mia\u0142 mo\u017cliwo\u015b\u0107 skorzysta\u0107 ze wsparcia finansowego na sw\u00f3j rozw\u00f3j. Wystarczy, \u017ce wybierzesz j\u0119zyk obcy, kt\u00f3rego chcesz si\u0119 uczy\u0107 i zwr\u00f3cisz si\u0119 do nas, a my stworzymy kart\u0119 us\u0142ugi w BUR i pomo\u017cemy Ci wype\u0142ni\u0107 formularz zg\u0142oszeniowy. Nast\u0119pnie Twoim zadaniem b\u0119dzie skompletowanie stosownych dokument\u00f3w i podpisanie umowy z Operatorem o dofinansowanie \u2013 po tym kroku pozostaje Ci cieszy\u0107 si\u0119 z nauki i jej efekt\u00f3w! Mo\u017cesz by\u0107 pewny, \u017ce po kursie j\u0119zykowym Twoje praktyczne umiej\u0119tno\u015bci w pos\u0142ugiwaniu si\u0119 j\u0119zyk\u00f3w obcych znacznie wzrosn\u0105.<br>Po uko\u0144czeniu nauki wype\u0142niasz formularz rozliczeniowy i otrzymujesz zwrot zagwarantowanej w umowie kwoty. To bardzo proste, a je\u015bli masz w\u0105tpliwo\u015bci, z ch\u0119ci\u0105 je rozwiejemy.<\/p>\n\n\n\n<h2>Dofinansowanie na szkolenia w Leader School Bydgoszcz<\/h2>\n\n\n\n<p>W naszej plac\u00f3wce dofinansowanie przeznaczone jest na:<\/p>\n\n\n\n<ul><li>kursy angielskiego i niemieckiego od podstaw do poziomu C1,<\/li><li>nauk\u0119 hiszpa\u0144skiego, polskiego od podstaw do poziomu B2,<\/li><li>egzaminy TELC z angielskiego i niemieckiego na poziomie A1 do B2.<\/li><\/ul>\n\n\n\n<h3>10 krok\u00f3w do refundacji Twojego szkolenia<\/h3>\n\n\n\n<ol><li>Wyszukaj w Bazie Us\u0142ug Rozwojowych \u2013 BUR ( https:\/\/uslugirozwojowe.parp.gov.pl) odpowiednie szkolenie i\/lub us\u0142ug\u0119 doradcz\u0105 dostosowane do potrzeb rozwoju firmy.<\/li><li>Wype\u0142nij Formularz zg\u0142oszeniowy oraz z\u0142\u00f3\u017c go do Operatora regionalnego (zgodnie z miejscem rejestracji firmy lub rejestracji filii lub oddzia\u0142u firmy), dla subregionu koni\u0144skiego jest to Agencja Rozwoju Regionalnego Konin.<\/li><li>Podpisz z Operatorem umow\u0119 na refundacj\u0119 koszt\u00f3w wybranej us\u0142ugi rozwojowej.<\/li><li>Zarejestruj si\u0119 w Bazie Us\u0142ug Rozwojowych \u2013 BUR.<\/li><li>Zapisz si\u0119 na us\u0142ug\u0119 za po\u015brednictwem BUR.<\/li><li>Skorzystaj z us\u0142ugi rozwojowej.<\/li><li>Zap\u0142a\u0107 z w\u0142asnych \u015brodk\u00f3w za us\u0142ug\u0119 rozwojow\u0105.<\/li><li>Oce\u0144 us\u0142ug\u0119 rozwojow\u0105 w BUR.<\/li><li>Wype\u0142nij Formularz rozliczeniowy i z\u0142\u00f3\u017c go do Operatora.<\/li><li>Otrzymaj refundacj\u0119 poniesionych koszt\u00f3w us\u0142ugi rozwojowej.<\/li><\/ol>\n\n\n\n<h2>Szkolenia dofinansowane \u2013 KFS<\/h2>\n\n\n\n<p>Chcesz uczy\u0107 si\u0119 j\u0119zyka obcego, jednak ograniczaj\u0105 Ci\u0119 finanse? Szukasz wsparcia, dzi\u0119ki kt\u00f3remu poszerzysz swoje kompetencje, ugruntujesz pozycj\u0119 na rynku pracy i zyskasz swobod\u0119 m\u00f3wienia w wybranym przez siebie j\u0119zyku obcym? Skorzystaj z oferty dofinansowania KFS \u2013 Krajowy Fundusz Szkoleniowy pokrywa nawet 100% koszt\u00f3w kursu! Sprawd\u017a, do kogo dedykowana jest ta oferta i postaw na sw\u00f3j rozw\u00f3j! W razie jakichkolwiek pyta\u0144 ch\u0119tnie s\u0142u\u017cymy pomoc\u0105.<\/p>\n\n\n\n<h3>Jak skorzysta\u0107 z dofinansowania?<\/h3>\n\n\n\n<p>KFS to rozwi\u0105zanie systemowe dedykowane pracodawcom chc\u0105cym inwestowa\u0107 w poszerzanie kompetencji swoich oraz zatrudnianych os\u00f3b. Oferta dofinansowania jest kierowana zar\u00f3wno do pracownik\u00f3w chc\u0105cych wzi\u0105\u0107 udzia\u0142 w kursach indywidualnych, jak i do pracodawc\u00f3w, kt\u00f3rzy planuj\u0105 zorganizowa\u0107 grupowe szkolenie j\u0119zykowe dla os\u00f3b zatrudnianych w swojej firmie. Wystarczy wype\u0142ni\u0107 wniosek i z\u0142o\u017cy\u0107 go do Powiatowego Urz\u0119du Pracy w\u0142a\u015bciwego dla siedziby pracodawcy i miejsca prowadzenia dzia\u0142alno\u015bci. Masz w\u0105tpliwo\u015bci? Zg\u0142o\u015b si\u0119 do nas \u2013 z ch\u0119ci\u0105 je rozwiejemy i pomo\u017cemy Ci w pozyskaniu pieni\u0119dzy na szkolenie!<\/p>\n\n\n\n<h3>Dlaczego warto?<\/h3>\n\n\n\n<p>Decyduj\u0105c si\u0119 na skorzystanie z oferowanego przez KFS dofinansowania, mo\u017cesz zyska\u0107 pokrycie nawet do 100% koszt\u00f3w kursu w przypadku mikroprzedsi\u0119biorstw, nie wi\u0119cej jednak ni\u017c 300% przeci\u0119tnego wynagrodzenia w danym roku na jednego uczestnika. W przypadku pozosta\u0142ych pracodawc\u00f3w \u2013 80% koszt\u00f3w kszta\u0142cenia ustawicznego nie wi\u0119cej jednak ni\u017c 300% przeci\u0119tnego wynagrodzenia w danym roku na jednego uczestnika. Zacznij ju\u017c dzi\u015b nowoczesny kurs j\u0119zykowy bez ogranicze\u0144 finansowych i postaw na rozw\u00f3j sw\u00f3j i swojej firmy!<\/p>\n\n\n\n<p>To jednak nie wszystko \u2013 zapisz si\u0119 na szkolenie j\u0119zykowe w Leader School Bydgoszcz, a otrzymasz:<\/p>\n\n\n\n<ul><li>pe\u0142nowarto\u015bciowy kurs j\u0119zykowy \u2013 100% intensywnej nauki sprawdzonymi metodami: BLS Communication i Metod\u0105 Bezpo\u015bredni\u0105,<\/li><li>kompleksowe wyposa\u017cenie w pomoce naukowe \u2013 podr\u0119czniki, audiobooki, ksi\u0105\u017cki i fiszki dostosowane do wybranego poziomu nauczania,<\/li><li>dost\u0119p do rozbudowanej platformy e-learningowej,<\/li><li>za\u015bwiadczenie o uko\u0144czeniu kursu j\u0119zyka na okre\u015blonym poziomie,<\/li><li>mi\u0119dzynarodowy certyfikat j\u0119zykowy \u2013 po uko\u0144czeniu naszych kurs\u00f3w mo\u017cesz przyst\u0105pi\u0107 do egzaminu TELC, kt\u00f3rego zwie\u0144czeniem jest certyfikat honorowany przez pracodawc\u00f3w we wszystkich krajach europejskich!<\/li><\/ul>\n\n\n\n<h2>Poznaj Krajowy Fundusz Szkoleniowy<\/h2>\n\n\n\n<p>Efektem udzia\u0142u w naszych szkoleniach j\u0119zykowych jest osi\u0105gni\u0119cie pe\u0142nej swobody komunikacyjnej w wybranym j\u0119zyku. Stawiamy na elastyczno\u015b\u0107 \u2013 dostosowujemy harmonogram zaj\u0119\u0107 do indywidualnych preferencji kursant\u00f3w. W ramach dofinansowania KFS mo\u017cesz skorzysta\u0107 ze szkolenia na dowolnym stopniu nauczania. Uczymy j\u0119zyk\u00f3w: angielskiego, niemieckiego i hiszpa\u0144skiego na wszystkich poziomach \u2013 od podstaw dla pocz\u0105tkuj\u0105cych po bardziej zaawansowane. Ich zakres jest dostosowany do Twoich preferencji. W ramach tego wsparcia wybierasz kurs indywidualny lub grupowy, kt\u00f3ry rozpoczynasz w dowolnym momencie.<br>Po uko\u0144czeniu kursu bez trudu porozumiesz si\u0119 z kontrahentami, klientami biznesowymi i znajomymi z zagranicy. Zyskaj praktyczn\u0105 umiej\u0119tno\u015b\u0107, poszerz swoje kompetencje j\u0119zykowe i postaw na sw\u00f3j rozw\u00f3j z Leader School w Bydgoszczy.<\/p>\n\n\n\n<h2>Przygotowanie do egzaminu TELC<\/h2>\n\n\n\n<p>Profesjonalna oferta przygotowa\u0144 do egzaminu TELC w Bydgoszczy z j\u0119zyk\u00f3w: angielskiego, niemieckiego, polskiego.<\/p>\n\n\n\n<p>TELC (The European Language Certificates) to egzamin j\u0119zykowy, uwzgl\u0119dniaj\u0105cy r\u00f3\u017cne poziomy zaawansowania, k\u0142ad\u0105cy szczeg\u00f3lny nacisk na umiej\u0119tno\u015b\u0107 porozumiewania si\u0119. Certyfikaty TELC s\u0105 znane i honorowane w wielu krajach Unii Europejskiej. W Polsce uzyska\u0142y akredytacj\u0119 w administracji publicznej.<\/p>\n","protected":false},"excerpt":{"rendered":"<p>Szkolenia dofinansowane \u2013 BUR Szukasz sposobu na popraw\u0119 swoich umiej\u0119tno\u015bci j\u0119zykowych? A mo\u017ce zale\u017cy Ci na kszta\u0142ceniu pracownik\u00f3w w tym zakresie? Skorzystaj z mo\u017cliwo\u015bci, jakie daje Baza Us\u0142ug Rozwojowych \u2013 to zar\u00f3wno szkolenia stacjonarne, online, jak i w formie e-learningowej, doradztwo w zakresie j\u0119zykowego rozwoju na p\u0142aszczy\u017anie zawodowej i prywatnej. Z ch\u0119ci\u0105 pomo\u017cemy Ci wybra\u0107 [&hellip;]<\/p>\n","protected":false},"author":3,"featured_media":0,"parent":0,"menu_order":0,"comment_status":"closed","ping_status":"closed","template":"","meta":{"ngg_post_thumbnail":0},"acf":[],"yoast_head":"<!-- This site is optimized with the Yoast SEO plugin v18.9 - https:\/\/yoast.com\/wordpress\/plugins\/seo\/ -->\n<title>Kursy j\u0119zykowe z dofinansowaniem dla doros\u0142ych Szko\u0142a j\u0119zykowa w Bydgoszczy - Leader School<\/title>\n<meta name=\"robots\" content=\"index, follow, max-snippet:-1, max-image-preview:large, max-video-preview:-1\" \/>\n<link rel=\"canonical\" href=\"https:\/\/leaderschool.pl\/bydgoszcz\/kursy-jezykowe-z-dofinansowaniem-dla-doroslych\/\" \/>\n<meta property=\"og:locale\" content=\"pl_PL\" \/>\n<meta property=\"og:type\" content=\"article\" \/>\n<meta property=\"og:title\" content=\"Kursy j\u0119zykowe z dofinansowaniem dla doros\u0142ych Szko\u0142a j\u0119zykowa w Bydgoszczy - Leader School\" \/>\n<meta property=\"og:description\" content=\"Szkolenia dofinansowane \u2013 BUR Szukasz sposobu na popraw\u0119 swoich umiej\u0119tno\u015bci j\u0119zykowych? A mo\u017ce zale\u017cy Ci na kszta\u0142ceniu pracownik\u00f3w w tym zakresie? Skorzystaj z mo\u017cliwo\u015bci, jakie daje Baza Us\u0142ug Rozwojowych \u2013 to zar\u00f3wno szkolenia stacjonarne, online, jak i w formie e-learningowej, doradztwo w zakresie j\u0119zykowego rozwoju na p\u0142aszczy\u017anie zawodowej i prywatnej. Z ch\u0119ci\u0105 pomo\u017cemy Ci wybra\u0107 [&hellip;]\" \/>\n<meta property=\"og:url\" content=\"https:\/\/leaderschool.pl\/bydgoszcz\/kursy-jezykowe-z-dofinansowaniem-dla-doroslych\/\" \/>\n<meta property=\"og:site_name\" content=\"Szko\u0142a j\u0119zykowa w Bydgoszczy - Leader School\" \/>\n<meta property=\"article:modified_time\" content=\"2024-09-23T11:16:58+00:00\" \/>\n<meta name=\"twitter:card\" content=\"summary_large_image\" \/>\n<meta name=\"twitter:label1\" content=\"Szacowany czas czytania\" \/>\n\t<meta name=\"twitter:data1\" content=\"6 minut\" \/>\n<script type=\"application\/ld+json\" class=\"yoast-schema-graph\">{\"@context\":\"https:\/\/schema.org\",\"@graph\":[{\"@type\":\"Organization\",\"@id\":\"https:\/\/leaderschool.pl\/bydgoszcz\/#organization\",\"name\":\"Szko\u0142a j\u0119zykowa Leader School Bydgoszcz\",\"url\":\"https:\/\/leaderschool.pl\/bydgoszcz\/\",\"sameAs\":[],\"logo\":{\"@type\":\"ImageObject\",\"inLanguage\":\"pl-PL\",\"@id\":\"https:\/\/leaderschool.pl\/bydgoszcz\/#\/schema\/logo\/image\/\",\"url\":\"https:\/\/leaderschool.pl\/bydgoszcz\/wp-content\/uploads\/sites\/62\/2022\/06\/cropped-favicon-leader-school.png\",\"contentUrl\":\"https:\/\/leaderschool.pl\/bydgoszcz\/wp-content\/uploads\/sites\/62\/2022\/06\/cropped-favicon-leader-school.png\",\"width\":512,\"height\":512,\"caption\":\"Szko\u0142a j\u0119zykowa Leader School Bydgoszcz\"},\"image\":{\"@id\":\"https:\/\/leaderschool.pl\/bydgoszcz\/#\/schema\/logo\/image\/\"}},{\"@type\":\"WebSite\",\"@id\":\"https:\/\/leaderschool.pl\/bydgoszcz\/#website\",\"url\":\"https:\/\/leaderschool.pl\/bydgoszcz\/\",\"name\":\"Szko\u0142a j\u0119zykowa w Bydgoszczy - Leader School\",\"description\":\"\",\"publisher\":{\"@id\":\"https:\/\/leaderschool.pl\/bydgoszcz\/#organization\"},\"potentialAction\":[{\"@type\":\"SearchAction\",\"target\":{\"@type\":\"EntryPoint\",\"urlTemplate\":\"https:\/\/leaderschool.pl\/bydgoszcz\/?s={search_term_string}\"},\"query-input\":\"required name=search_term_string\"}],\"inLanguage\":\"pl-PL\"},{\"@type\":\"WebPage\",\"@id\":\"https:\/\/leaderschool.pl\/bydgoszcz\/kursy-jezykowe-z-dofinansowaniem-dla-doroslych\/#webpage\",\"url\":\"https:\/\/leaderschool.pl\/bydgoszcz\/kursy-jezykowe-z-dofinansowaniem-dla-doroslych\/\",\"name\":\"Kursy j\u0119zykowe z dofinansowaniem dla doros\u0142ych Szko\u0142a j\u0119zykowa w Bydgoszczy - Leader School\",\"isPartOf\":{\"@id\":\"https:\/\/leaderschool.pl\/bydgoszcz\/#website\"},\"datePublished\":\"2024-09-23T10:43:55+00:00\",\"dateModified\":\"2024-09-23T11:16:58+00:00\",\"breadcrumb\":{\"@id\":\"https:\/\/leaderschool.pl\/bydgoszcz\/kursy-jezykowe-z-dofinansowaniem-dla-doroslych\/#breadcrumb\"},\"inLanguage\":\"pl-PL\",\"potentialAction\":[{\"@type\":\"ReadAction\",\"target\":[\"https:\/\/leaderschool.pl\/bydgoszcz\/kursy-jezykowe-z-dofinansowaniem-dla-doroslych\/\"]}]},{\"@type\":\"BreadcrumbList\",\"@id\":\"https:\/\/leaderschool.pl\/bydgoszcz\/kursy-jezykowe-z-dofinansowaniem-dla-doroslych\/#breadcrumb\",\"itemListElement\":[{\"@type\":\"ListItem\",\"position\":1,\"name\":\"Home\",\"item\":\"https:\/\/leaderschool.pl\/bydgoszcz\/\"},{\"@type\":\"ListItem\",\"position\":2,\"name\":\"Kursy j\u0119zykowe z dofinansowaniem dla doros\u0142ych\"}]}]}<\/script>\n<!-- \/ Yoast SEO plugin. -->","yoast_head_json":{"title":"Kursy j\u0119zykowe z dofinansowaniem dla doros\u0142ych Szko\u0142a j\u0119zykowa w Bydgoszczy - Leader School","robots":{"index":"index","follow":"follow","max-snippet":"max-snippet:-1","max-image-preview":"max-image-preview:large","max-video-preview":"max-video-preview:-1"},"canonical":"https:\/\/leaderschool.pl\/bydgoszcz\/kursy-jezykowe-z-dofinansowaniem-dla-doroslych\/","og_locale":"pl_PL","og_type":"article","og_title":"Kursy j\u0119zykowe z dofinansowaniem dla doros\u0142ych Szko\u0142a j\u0119zykowa w Bydgoszczy - Leader School","og_description":"Szkolenia dofinansowane \u2013 BUR Szukasz sposobu na popraw\u0119 swoich umiej\u0119tno\u015bci j\u0119zykowych? A mo\u017ce zale\u017cy Ci na kszta\u0142ceniu pracownik\u00f3w w tym zakresie? Skorzystaj z mo\u017cliwo\u015bci, jakie daje Baza Us\u0142ug Rozwojowych \u2013 to zar\u00f3wno szkolenia stacjonarne, online, jak i w formie e-learningowej, doradztwo w zakresie j\u0119zykowego rozwoju na p\u0142aszczy\u017anie zawodowej i prywatnej. Z ch\u0119ci\u0105 pomo\u017cemy Ci wybra\u0107 [&hellip;]","og_url":"https:\/\/leaderschool.pl\/bydgoszcz\/kursy-jezykowe-z-dofinansowaniem-dla-doroslych\/","og_site_name":"Szko\u0142a j\u0119zykowa w Bydgoszczy - Leader School","article_modified_time":"2024-09-23T11:16:58+00:00","twitter_card":"summary_large_image","twitter_misc":{"Szacowany czas czytania":"6 minut"},"schema":{"@context":"https:\/\/schema.org","@graph":[{"@type":"Organization","@id":"https:\/\/leaderschool.pl\/bydgoszcz\/#organization","name":"Szko\u0142a j\u0119zykowa Leader School Bydgoszcz","url":"https:\/\/leaderschool.pl\/bydgoszcz\/","sameAs":[],"logo":{"@type":"ImageObject","inLanguage":"pl-PL","@id":"https:\/\/leaderschool.pl\/bydgoszcz\/#\/schema\/logo\/image\/","url":"https:\/\/leaderschool.pl\/bydgoszcz\/wp-content\/uploads\/sites\/62\/2022\/06\/cropped-favicon-leader-school.png","contentUrl":"https:\/\/leaderschool.pl\/bydgoszcz\/wp-content\/uploads\/sites\/62\/2022\/06\/cropped-favicon-leader-school.png","width":512,"height":512,"caption":"Szko\u0142a j\u0119zykowa Leader School Bydgoszcz"},"image":{"@id":"https:\/\/leaderschool.pl\/bydgoszcz\/#\/schema\/logo\/image\/"}},{"@type":"WebSite","@id":"https:\/\/leaderschool.pl\/bydgoszcz\/#website","url":"https:\/\/leaderschool.pl\/bydgoszcz\/","name":"Szko\u0142a j\u0119zykowa w Bydgoszczy - Leader School","description":"","publisher":{"@id":"https:\/\/leaderschool.pl\/bydgoszcz\/#organization"},"potentialAction":[{"@type":"SearchAction","target":{"@type":"EntryPoint","urlTemplate":"https:\/\/leaderschool.pl\/bydgoszcz\/?s={search_term_string}"},"query-input":"required name=search_term_string"}],"inLanguage":"pl-PL"},{"@type":"WebPage","@id":"https:\/\/leaderschool.pl\/bydgoszcz\/kursy-jezykowe-z-dofinansowaniem-dla-doroslych\/#webpage","url":"https:\/\/leaderschool.pl\/bydgoszcz\/kursy-jezykowe-z-dofinansowaniem-dla-doroslych\/","name":"Kursy j\u0119zykowe z dofinansowaniem dla doros\u0142ych Szko\u0142a j\u0119zykowa w Bydgoszczy - Leader School","isPartOf":{"@id":"https:\/\/leaderschool.pl\/bydgoszcz\/#website"},"datePublished":"2024-09-23T10:43:55+00:00","dateModified":"2024-09-23T11:16:58+00:00","breadcrumb":{"@id":"https:\/\/leaderschool.pl\/bydgoszcz\/kursy-jezykowe-z-dofinansowaniem-dla-doroslych\/#breadcrumb"},"inLanguage":"pl-PL","potentialAction":[{"@type":"ReadAction","target":["https:\/\/leaderschool.pl\/bydgoszcz\/kursy-jezykowe-z-dofinansowaniem-dla-doroslych\/"]}]},{"@type":"BreadcrumbList","@id":"https:\/\/leaderschool.pl\/bydgoszcz\/kursy-jezykowe-z-dofinansowaniem-dla-doroslych\/#breadcrumb","itemListElement":[{"@type":"ListItem","position":1,"name":"Home","item":"https:\/\/leaderschool.pl\/bydgoszcz\/"},{"@type":"ListItem","position":2,"name":"Kursy j\u0119zykowe z dofinansowaniem dla doros\u0142ych"}]}]}},"_links":{"self":[{"href":"https:\/\/leaderschool.pl\/bydgoszcz\/wp-json\/wp\/v2\/pages\/2840"}],"collection":[{"href":"https:\/\/leaderschool.pl\/bydgoszcz\/wp-json\/wp\/v2\/pages"}],"about":[{"href":"https:\/\/leaderschool.pl\/bydgoszcz\/wp-json\/wp\/v2\/types\/page"}],"author":[{"embeddable":true,"href":"https:\/\/leaderschool.pl\/bydgoszcz\/wp-json\/wp\/v2\/users\/3"}],"replies":[{"embeddable":true,"href":"https:\/\/leaderschool.pl\/bydgoszcz\/wp-json\/wp\/v2\/comments?post=2840"}],"version-history":[{"count":2,"href":"https:\/\/leaderschool.pl\/bydgoszcz\/wp-json\/wp\/v2\/pages\/2840\/revisions"}],"predecessor-version":[{"id":2847,"href":"https:\/\/leaderschool.pl\/bydgoszcz\/wp-json\/wp\/v2\/pages\/2840\/revisions\/2847"}],"wp:attachment":[{"href":"https:\/\/leaderschool.pl\/bydgoszcz\/wp-json\/wp\/v2\/media?parent=2840"}],"curies":[{"name":"wp","href":"https:\/\/api.w.org\/{rel}","templated":true}]}}