{"id":2836,"date":"2024-09-23T12:35:40","date_gmt":"2024-09-23T10:35:40","guid":{"rendered":"https:\/\/leaderschool.pl\/bydgoszcz\/?page_id=2836"},"modified":"2024-09-23T12:37:59","modified_gmt":"2024-09-23T10:37:59","slug":"przygotowanie-do-matury-z-angielskiego","status":"publish","type":"page","link":"https:\/\/leaderschool.pl\/bydgoszcz\/przygotowanie-do-matury-z-angielskiego\/","title":{"rendered":"Przygotowanie do matury z angielskiego"},"content":{"rendered":"\n<p>Chcesz mie\u0107 pewno\u015b\u0107, \u017ce zdasz matur\u0119 j\u0119zykow\u0105 na wysokim poziomie? Od uzyskanego wyniku zale\u017cy Twoja przysz\u0142o\u015b\u0107 \u2013 studia, na jakie si\u0119 dostaniesz oraz potencjalna praca, jak\u0105 b\u0119dziesz mie\u0107 szans\u0119 dosta\u0107. Wsp\u00f3\u0142cze\u015bnie znajomo\u015b\u0107 j\u0119zyka obcego to istotna kompetencja realnie podnosz\u0105ca og\u00f3lne kwalifikacje na rynku pracy \u2013 niezale\u017cnie od zawodu, jaki planujesz wykonywa\u0107. Dlatego ocena z matury z j\u0119zyka jest jedn\u0105 z najwa\u017cniejszych. Sprawd\u017a, jak mo\u017cemy Ci pom\u00f3c zda\u0107 ten egzamin z zadowalaj\u0105cym rezultatem!<\/p>\n\n\n\n<h2>Zdajesz angielski? Przygotowanie do egzaminu powierz nam!<\/h2>\n\n\n\n<p>Egzamin maturalny to jeden z najwa\u017cniejszych w Twoim \u017cyciu \u2013 sk\u0142ada si\u0119 z cz\u0119\u015bci ustnej i pisemnej, a jego trudno\u015b\u0107 jest uzale\u017cniona od poziomu, jaki wybierzesz. Nasza szko\u0142a j\u0119zykowa prowadzi <strong>kursy maturalne w Bydgoszczy<\/strong> zar\u00f3wno dla uczni\u00f3w zdaj\u0105cych poziom podstawowy, jak i rozszerzony z j\u0119zyka angielskiego, niemieckiego i innych. Znamy najnowsze wytyczne Centralnej Komisji Egzaminacyjnej i ka\u017cdego roku optymalizujemy zgodnie z nimi program nauczania. Dzi\u0119ki temu masz pewno\u015b\u0107, \u017ce zaj\u0119cia przygotuj\u0105 Ci\u0119 do testu pisemnego i ustnego oraz odpowiedz\u0105 na aktualne kryteria oceniania.<\/p>\n\n\n\n<p>Co mo\u017cemy Ci zaoferowa\u0107? Uczymy j\u0119zyka angielskiego i niemieckiego metod\u0105 BLS Communication \u2013 to sprawdzony spos\u00f3b, aby w kr\u00f3tkim czasie biegle m\u00f3wi\u0107 i prowadzi\u0107 swobodne konwersacje. Zapraszamy na nasze lekcje ka\u017cdego ucznia, niezale\u017cnie od tego, na jakim poziomie nauczania si\u0119 znajduje \u2013 im wcze\u015bniej rozpoczniesz <strong>przygotowanie do matury z angielskiego<\/strong>, tym \u0142atwiej b\u0119dzie Ci opanowa\u0107 potrzebny materia\u0142 i zda\u0107 egzamin z wysok\u0105 ocen\u0105!<\/p>\n\n\n\n<h3>Jak przygotowa\u0107 si\u0119 do matury z j\u0119zyka obcego? Zrobisz to skutecznie w Leader School Bydgoszcz<\/h3>\n\n\n\n<p>Interesuje Ci\u0119 <strong>przygotowanie do matury z angielskiego<\/strong>? Podstawa to opanowanie szerokiego zakresu s\u0142ownictwa oraz osi\u0105gni\u0119cie p\u0142ynno\u015bci w m\u00f3wieniu. Nie bez znaczenia jest te\u017c znajomo\u015b\u0107 zasad gramatycznych, r\u00f3wnie\u017c podlegaj\u0105ca ocenie komisji egzaminacyjnej. Nauczymy Ci\u0119 tego szybko i skutecznie. Jak to mo\u017cliwe? Metoda BLS Communication, kt\u00f3r\u0105 wykorzystujemy podczas naszych zaj\u0119\u0107, k\u0142adzie nacisk na osi\u0105gni\u0119cie p\u0142ynno\u015bci w m\u00f3wieniu, aby\u015b m\u00f3g\u0142 zyska\u0107 swobod\u0119 komunikacyjn\u0105. To zdecydowanie u\u0142atwi Ci rozmow\u0119 podczas egzaminu ustnego i zminimalizuje stres. Jednak nasz spos\u00f3b nauczania sprawdzi si\u0119 tak\u017ce do nauki gramatyki \u2013 os\u0142uchanie z poprawnymi wypowiedziami lektora pomaga Ci budowa\u0107 w\u0142asne, pozbawione b\u0142\u0119d\u00f3w wypowiedzi oraz rozwija umiej\u0119tno\u015b\u0107 s\u0142uchania ze zrozumieniem.<\/p>\n\n\n\n<p>Oferujemy r\u00f3wnie\u017c <strong> przygotowanie do matury z angielskiego rozszerzonego<\/strong>. To wy\u017cszy poziom wymagaj\u0105cy znajomo\u015bci szerszego s\u0142ownictwa oraz jeszcze wi\u0119kszej bieg\u0142o\u015bci w m\u00f3wieniu i pisaniu, jednak z nami bez trudu sobie z tym poradzisz.<\/p>\n\n\n\n<h3>Zbli\u017ca si\u0119 Twoja matura? Zapraszamy na przygotowuj\u0105ce kursy j\u0119zykowe<\/h3>\n\n\n\n<p>Niezale\u017cnie od tego, z jakiego j\u0119zyka zdajesz egzamin \u2013 z ch\u0119ci\u0105 pomo\u017cemy. Prowadzimy przygotowanie do matury z angielskiego i niemieckiego. Wykorzystujemy metod\u0119 BLS Communication oraz bezpo\u015bredni\u0105 komunikatywn\u0105 \u2013 to gwarancja Twojego sukcesu i efektywnej nauki!<\/p>\n","protected":false},"excerpt":{"rendered":"<p>Chcesz mie\u0107 pewno\u015b\u0107, \u017ce zdasz matur\u0119 j\u0119zykow\u0105 na wysokim poziomie? Od uzyskanego wyniku zale\u017cy Twoja przysz\u0142o\u015b\u0107 \u2013 studia, na jakie si\u0119 dostaniesz oraz potencjalna praca, jak\u0105 b\u0119dziesz mie\u0107 szans\u0119 dosta\u0107. Wsp\u00f3\u0142cze\u015bnie znajomo\u015b\u0107 j\u0119zyka obcego to istotna kompetencja realnie podnosz\u0105ca og\u00f3lne kwalifikacje na rynku pracy \u2013 niezale\u017cnie od zawodu, jaki planujesz wykonywa\u0107. Dlatego ocena z matury [&hellip;]<\/p>\n","protected":false},"author":3,"featured_media":0,"parent":0,"menu_order":0,"comment_status":"closed","ping_status":"closed","template":"","meta":{"ngg_post_thumbnail":0},"acf":[],"yoast_head":"<!-- This site is optimized with the Yoast SEO plugin v18.9 - https:\/\/yoast.com\/wordpress\/plugins\/seo\/ -->\n<title>Przygotowanie do matury z angielskiego Szko\u0142a j\u0119zykowa w Bydgoszczy - Leader School<\/title>\n<meta name=\"robots\" content=\"index, follow, max-snippet:-1, max-image-preview:large, max-video-preview:-1\" \/>\n<link rel=\"canonical\" href=\"https:\/\/leaderschool.pl\/bydgoszcz\/przygotowanie-do-matury-z-angielskiego\/\" \/>\n<meta property=\"og:locale\" content=\"pl_PL\" \/>\n<meta property=\"og:type\" content=\"article\" \/>\n<meta property=\"og:title\" content=\"Przygotowanie do matury z angielskiego Szko\u0142a j\u0119zykowa w Bydgoszczy - Leader School\" \/>\n<meta property=\"og:description\" content=\"Chcesz mie\u0107 pewno\u015b\u0107, \u017ce zdasz matur\u0119 j\u0119zykow\u0105 na wysokim poziomie? Od uzyskanego wyniku zale\u017cy Twoja przysz\u0142o\u015b\u0107 \u2013 studia, na jakie si\u0119 dostaniesz oraz potencjalna praca, jak\u0105 b\u0119dziesz mie\u0107 szans\u0119 dosta\u0107. Wsp\u00f3\u0142cze\u015bnie znajomo\u015b\u0107 j\u0119zyka obcego to istotna kompetencja realnie podnosz\u0105ca og\u00f3lne kwalifikacje na rynku pracy \u2013 niezale\u017cnie od zawodu, jaki planujesz wykonywa\u0107. Dlatego ocena z matury [&hellip;]\" \/>\n<meta property=\"og:url\" content=\"https:\/\/leaderschool.pl\/bydgoszcz\/przygotowanie-do-matury-z-angielskiego\/\" \/>\n<meta property=\"og:site_name\" content=\"Szko\u0142a j\u0119zykowa w Bydgoszczy - Leader School\" \/>\n<meta property=\"article:modified_time\" content=\"2024-09-23T10:37:59+00:00\" \/>\n<meta name=\"twitter:card\" content=\"summary_large_image\" \/>\n<meta name=\"twitter:label1\" content=\"Szacowany czas czytania\" \/>\n\t<meta name=\"twitter:data1\" content=\"3 minuty\" \/>\n<script type=\"application\/ld+json\" class=\"yoast-schema-graph\">{\"@context\":\"https:\/\/schema.org\",\"@graph\":[{\"@type\":\"Organization\",\"@id\":\"https:\/\/leaderschool.pl\/bydgoszcz\/#organization\",\"name\":\"Szko\u0142a j\u0119zykowa Leader School Bydgoszcz\",\"url\":\"https:\/\/leaderschool.pl\/bydgoszcz\/\",\"sameAs\":[],\"logo\":{\"@type\":\"ImageObject\",\"inLanguage\":\"pl-PL\",\"@id\":\"https:\/\/leaderschool.pl\/bydgoszcz\/#\/schema\/logo\/image\/\",\"url\":\"https:\/\/leaderschool.pl\/bydgoszcz\/wp-content\/uploads\/sites\/62\/2022\/06\/cropped-favicon-leader-school.png\",\"contentUrl\":\"https:\/\/leaderschool.pl\/bydgoszcz\/wp-content\/uploads\/sites\/62\/2022\/06\/cropped-favicon-leader-school.png\",\"width\":512,\"height\":512,\"caption\":\"Szko\u0142a j\u0119zykowa Leader School Bydgoszcz\"},\"image\":{\"@id\":\"https:\/\/leaderschool.pl\/bydgoszcz\/#\/schema\/logo\/image\/\"}},{\"@type\":\"WebSite\",\"@id\":\"https:\/\/leaderschool.pl\/bydgoszcz\/#website\",\"url\":\"https:\/\/leaderschool.pl\/bydgoszcz\/\",\"name\":\"Szko\u0142a j\u0119zykowa w Bydgoszczy - Leader School\",\"description\":\"\",\"publisher\":{\"@id\":\"https:\/\/leaderschool.pl\/bydgoszcz\/#organization\"},\"potentialAction\":[{\"@type\":\"SearchAction\",\"target\":{\"@type\":\"EntryPoint\",\"urlTemplate\":\"https:\/\/leaderschool.pl\/bydgoszcz\/?s={search_term_string}\"},\"query-input\":\"required name=search_term_string\"}],\"inLanguage\":\"pl-PL\"},{\"@type\":\"WebPage\",\"@id\":\"https:\/\/leaderschool.pl\/bydgoszcz\/przygotowanie-do-matury-z-angielskiego\/#webpage\",\"url\":\"https:\/\/leaderschool.pl\/bydgoszcz\/przygotowanie-do-matury-z-angielskiego\/\",\"name\":\"Przygotowanie do matury z angielskiego Szko\u0142a j\u0119zykowa w Bydgoszczy - Leader School\",\"isPartOf\":{\"@id\":\"https:\/\/leaderschool.pl\/bydgoszcz\/#website\"},\"datePublished\":\"2024-09-23T10:35:40+00:00\",\"dateModified\":\"2024-09-23T10:37:59+00:00\",\"breadcrumb\":{\"@id\":\"https:\/\/leaderschool.pl\/bydgoszcz\/przygotowanie-do-matury-z-angielskiego\/#breadcrumb\"},\"inLanguage\":\"pl-PL\",\"potentialAction\":[{\"@type\":\"ReadAction\",\"target\":[\"https:\/\/leaderschool.pl\/bydgoszcz\/przygotowanie-do-matury-z-angielskiego\/\"]}]},{\"@type\":\"BreadcrumbList\",\"@id\":\"https:\/\/leaderschool.pl\/bydgoszcz\/przygotowanie-do-matury-z-angielskiego\/#breadcrumb\",\"itemListElement\":[{\"@type\":\"ListItem\",\"position\":1,\"name\":\"Home\",\"item\":\"https:\/\/leaderschool.pl\/bydgoszcz\/\"},{\"@type\":\"ListItem\",\"position\":2,\"name\":\"Przygotowanie do matury z angielskiego\"}]}]}<\/script>\n<!-- \/ Yoast SEO plugin. -->","yoast_head_json":{"title":"Przygotowanie do matury z angielskiego Szko\u0142a j\u0119zykowa w Bydgoszczy - Leader School","robots":{"index":"index","follow":"follow","max-snippet":"max-snippet:-1","max-image-preview":"max-image-preview:large","max-video-preview":"max-video-preview:-1"},"canonical":"https:\/\/leaderschool.pl\/bydgoszcz\/przygotowanie-do-matury-z-angielskiego\/","og_locale":"pl_PL","og_type":"article","og_title":"Przygotowanie do matury z angielskiego Szko\u0142a j\u0119zykowa w Bydgoszczy - Leader School","og_description":"Chcesz mie\u0107 pewno\u015b\u0107, \u017ce zdasz matur\u0119 j\u0119zykow\u0105 na wysokim poziomie? Od uzyskanego wyniku zale\u017cy Twoja przysz\u0142o\u015b\u0107 \u2013 studia, na jakie si\u0119 dostaniesz oraz potencjalna praca, jak\u0105 b\u0119dziesz mie\u0107 szans\u0119 dosta\u0107. Wsp\u00f3\u0142cze\u015bnie znajomo\u015b\u0107 j\u0119zyka obcego to istotna kompetencja realnie podnosz\u0105ca og\u00f3lne kwalifikacje na rynku pracy \u2013 niezale\u017cnie od zawodu, jaki planujesz wykonywa\u0107. Dlatego ocena z matury [&hellip;]","og_url":"https:\/\/leaderschool.pl\/bydgoszcz\/przygotowanie-do-matury-z-angielskiego\/","og_site_name":"Szko\u0142a j\u0119zykowa w Bydgoszczy - Leader School","article_modified_time":"2024-09-23T10:37:59+00:00","twitter_card":"summary_large_image","twitter_misc":{"Szacowany czas czytania":"3 minuty"},"schema":{"@context":"https:\/\/schema.org","@graph":[{"@type":"Organization","@id":"https:\/\/leaderschool.pl\/bydgoszcz\/#organization","name":"Szko\u0142a j\u0119zykowa Leader School Bydgoszcz","url":"https:\/\/leaderschool.pl\/bydgoszcz\/","sameAs":[],"logo":{"@type":"ImageObject","inLanguage":"pl-PL","@id":"https:\/\/leaderschool.pl\/bydgoszcz\/#\/schema\/logo\/image\/","url":"https:\/\/leaderschool.pl\/bydgoszcz\/wp-content\/uploads\/sites\/62\/2022\/06\/cropped-favicon-leader-school.png","contentUrl":"https:\/\/leaderschool.pl\/bydgoszcz\/wp-content\/uploads\/sites\/62\/2022\/06\/cropped-favicon-leader-school.png","width":512,"height":512,"caption":"Szko\u0142a j\u0119zykowa Leader School Bydgoszcz"},"image":{"@id":"https:\/\/leaderschool.pl\/bydgoszcz\/#\/schema\/logo\/image\/"}},{"@type":"WebSite","@id":"https:\/\/leaderschool.pl\/bydgoszcz\/#website","url":"https:\/\/leaderschool.pl\/bydgoszcz\/","name":"Szko\u0142a j\u0119zykowa w Bydgoszczy - Leader School","description":"","publisher":{"@id":"https:\/\/leaderschool.pl\/bydgoszcz\/#organization"},"potentialAction":[{"@type":"SearchAction","target":{"@type":"EntryPoint","urlTemplate":"https:\/\/leaderschool.pl\/bydgoszcz\/?s={search_term_string}"},"query-input":"required name=search_term_string"}],"inLanguage":"pl-PL"},{"@type":"WebPage","@id":"https:\/\/leaderschool.pl\/bydgoszcz\/przygotowanie-do-matury-z-angielskiego\/#webpage","url":"https:\/\/leaderschool.pl\/bydgoszcz\/przygotowanie-do-matury-z-angielskiego\/","name":"Przygotowanie do matury z angielskiego Szko\u0142a j\u0119zykowa w Bydgoszczy - Leader School","isPartOf":{"@id":"https:\/\/leaderschool.pl\/bydgoszcz\/#website"},"datePublished":"2024-09-23T10:35:40+00:00","dateModified":"2024-09-23T10:37:59+00:00","breadcrumb":{"@id":"https:\/\/leaderschool.pl\/bydgoszcz\/przygotowanie-do-matury-z-angielskiego\/#breadcrumb"},"inLanguage":"pl-PL","potentialAction":[{"@type":"ReadAction","target":["https:\/\/leaderschool.pl\/bydgoszcz\/przygotowanie-do-matury-z-angielskiego\/"]}]},{"@type":"BreadcrumbList","@id":"https:\/\/leaderschool.pl\/bydgoszcz\/przygotowanie-do-matury-z-angielskiego\/#breadcrumb","itemListElement":[{"@type":"ListItem","position":1,"name":"Home","item":"https:\/\/leaderschool.pl\/bydgoszcz\/"},{"@type":"ListItem","position":2,"name":"Przygotowanie do matury z angielskiego"}]}]}},"_links":{"self":[{"href":"https:\/\/leaderschool.pl\/bydgoszcz\/wp-json\/wp\/v2\/pages\/2836"}],"collection":[{"href":"https:\/\/leaderschool.pl\/bydgoszcz\/wp-json\/wp\/v2\/pages"}],"about":[{"href":"https:\/\/leaderschool.pl\/bydgoszcz\/wp-json\/wp\/v2\/types\/page"}],"author":[{"embeddable":true,"href":"https:\/\/leaderschool.pl\/bydgoszcz\/wp-json\/wp\/v2\/users\/3"}],"replies":[{"embeddable":true,"href":"https:\/\/leaderschool.pl\/bydgoszcz\/wp-json\/wp\/v2\/comments?post=2836"}],"version-history":[{"count":2,"href":"https:\/\/leaderschool.pl\/bydgoszcz\/wp-json\/wp\/v2\/pages\/2836\/revisions"}],"predecessor-version":[{"id":2839,"href":"https:\/\/leaderschool.pl\/bydgoszcz\/wp-json\/wp\/v2\/pages\/2836\/revisions\/2839"}],"wp:attachment":[{"href":"https:\/\/leaderschool.pl\/bydgoszcz\/wp-json\/wp\/v2\/media?parent=2836"}],"curies":[{"name":"wp","href":"https:\/\/api.w.org\/{rel}","templated":true}]}}