{"id":2765,"date":"2024-08-06T09:34:44","date_gmt":"2024-08-06T07:34:44","guid":{"rendered":"https:\/\/leaderschool.pl\/bydgoszcz\/?page_id=2765"},"modified":"2024-08-06T09:34:45","modified_gmt":"2024-08-06T07:34:45","slug":"jezyk-hiszpanski","status":"publish","type":"page","link":"https:\/\/leaderschool.pl\/bydgoszcz\/jezyk-hiszpanski\/","title":{"rendered":"J\u0119zyk hiszpa\u0144ski"},"content":{"rendered":"\n<h2>J\u0119zyk hiszpa\u0144ski Bydgoszcz \u2013 kursy j\u0119zyka hiszpa\u0144skiego w\u00a0Bydgoszczy<\/h2>\n\n\n\n<p>Leader School w\u00a0Bydgoszczy oferuje swoim klientom mo\u017cliwo\u015b\u0107 nauki j\u0119zyk\u00f3w europejskich na\u00a0najwy\u017cszym poziomie. Nasi lektorzy to\u00a0osoby z\u00a0 studiami j\u0119zykowymi w\u00a0kraju i\u00a0za\u00a0granic\u0105 oraz pedagodzy. Zatrudniamy pasjonat\u00f3w \u2013 osoby, kt\u00f3re nie\u00a0tylko\u00a0ucz\u0105 j\u0119zyka danego kraju ale\u00a0s\u0105\u00a0w\u00a0nim zakochani, znaj\u0105 jego kultur\u0119 i\u00a0zwyczaje. Przekazuj\u0105 naszym uczniom swoj\u0105 wiedz\u0119 i\u00a0pasj\u0119.<\/p>\n\n\n\n<p>Poznajcie nasz\u0105 ofert\u0119, nauka j\u0119zyka hiszpa\u0144skiego w\u00a0Bydgoszczy \u2013 metod\u0105 bezpo\u015bredni\u0105. Metoda gwarantuje, \u017ce\u00a0uczniowie szybko zaczynaj\u0105 m\u00f3wi\u0107 i\u00a0rozumie\u0107 po\u00a0hiszpa\u0144sku. Zaj\u0119cia s\u0105\u00a0bardzo dynamiczne, a\u00a0efektem ka\u017cdego spotkania z\u00a0lektorem jest poznanie i\u00a0utrwalenie szeregu nowych zwrot\u00f3w i\u00a0s\u0142\u00f3wek.<br>Kursy j\u0119zyka hiszpa\u0144skiego w\u00a0Bydgoszczy prowadzone s\u0105\u00a0w\u00a0Leader School Bydgoszcz ul.\u00a0Kraszewskiego 1 Biznes Park<\/p>\n\n\n\n<p>J\u0119zykiem hiszpa\u0144skim porozumiewa si\u0119 oko\u0142o 328 milion\u00f3w os\u00f3b w 44 krajach.<br>Dlatego warto uczy\u0107 si\u0119 hiszpa\u0144skiego!<\/p>\n","protected":false},"excerpt":{"rendered":"<p>J\u0119zyk hiszpa\u0144ski Bydgoszcz \u2013 kursy j\u0119zyka hiszpa\u0144skiego w\u00a0Bydgoszczy Leader School w\u00a0Bydgoszczy oferuje swoim klientom mo\u017cliwo\u015b\u0107 nauki j\u0119zyk\u00f3w europejskich na\u00a0najwy\u017cszym poziomie. Nasi lektorzy to\u00a0osoby z\u00a0 studiami j\u0119zykowymi w\u00a0kraju i\u00a0za\u00a0granic\u0105 oraz pedagodzy. Zatrudniamy pasjonat\u00f3w \u2013 osoby, kt\u00f3re nie\u00a0tylko\u00a0ucz\u0105 j\u0119zyka danego kraju ale\u00a0s\u0105\u00a0w\u00a0nim zakochani, znaj\u0105 jego kultur\u0119 i\u00a0zwyczaje. Przekazuj\u0105 naszym uczniom swoj\u0105 wiedz\u0119 i\u00a0pasj\u0119. Poznajcie nasz\u0105 ofert\u0119, nauka [&hellip;]<\/p>\n","protected":false},"author":3,"featured_media":0,"parent":0,"menu_order":0,"comment_status":"closed","ping_status":"closed","template":"","meta":{"ngg_post_thumbnail":0},"acf":[],"yoast_head":"<!-- This site is optimized with the Yoast SEO plugin v18.9 - https:\/\/yoast.com\/wordpress\/plugins\/seo\/ -->\n<title>J\u0119zyk hiszpa\u0144ski Szko\u0142a j\u0119zykowa w Bydgoszczy - Leader School<\/title>\n<meta name=\"robots\" content=\"index, follow, max-snippet:-1, max-image-preview:large, max-video-preview:-1\" \/>\n<link rel=\"canonical\" href=\"https:\/\/leaderschool.pl\/bydgoszcz\/jezyk-hiszpanski\/\" \/>\n<meta property=\"og:locale\" content=\"pl_PL\" \/>\n<meta property=\"og:type\" content=\"article\" \/>\n<meta property=\"og:title\" content=\"J\u0119zyk hiszpa\u0144ski Szko\u0142a j\u0119zykowa w Bydgoszczy - Leader School\" \/>\n<meta property=\"og:description\" content=\"J\u0119zyk hiszpa\u0144ski Bydgoszcz \u2013 kursy j\u0119zyka hiszpa\u0144skiego w\u00a0Bydgoszczy Leader School w\u00a0Bydgoszczy oferuje swoim klientom mo\u017cliwo\u015b\u0107 nauki j\u0119zyk\u00f3w europejskich na\u00a0najwy\u017cszym poziomie. Nasi lektorzy to\u00a0osoby z\u00a0 studiami j\u0119zykowymi w\u00a0kraju i\u00a0za\u00a0granic\u0105 oraz pedagodzy. Zatrudniamy pasjonat\u00f3w \u2013 osoby, kt\u00f3re nie\u00a0tylko\u00a0ucz\u0105 j\u0119zyka danego kraju ale\u00a0s\u0105\u00a0w\u00a0nim zakochani, znaj\u0105 jego kultur\u0119 i\u00a0zwyczaje. Przekazuj\u0105 naszym uczniom swoj\u0105 wiedz\u0119 i\u00a0pasj\u0119. Poznajcie nasz\u0105 ofert\u0119, nauka [&hellip;]\" \/>\n<meta property=\"og:url\" content=\"https:\/\/leaderschool.pl\/bydgoszcz\/jezyk-hiszpanski\/\" \/>\n<meta property=\"og:site_name\" content=\"Szko\u0142a j\u0119zykowa w Bydgoszczy - Leader School\" \/>\n<meta property=\"article:modified_time\" content=\"2024-08-06T07:34:45+00:00\" \/>\n<meta name=\"twitter:card\" content=\"summary_large_image\" \/>\n<meta name=\"twitter:label1\" content=\"Szacowany czas czytania\" \/>\n\t<meta name=\"twitter:data1\" content=\"1 minuta\" \/>\n<script type=\"application\/ld+json\" class=\"yoast-schema-graph\">{\"@context\":\"https:\/\/schema.org\",\"@graph\":[{\"@type\":\"Organization\",\"@id\":\"https:\/\/leaderschool.pl\/bydgoszcz\/#organization\",\"name\":\"Szko\u0142a j\u0119zykowa Leader School Bydgoszcz\",\"url\":\"https:\/\/leaderschool.pl\/bydgoszcz\/\",\"sameAs\":[],\"logo\":{\"@type\":\"ImageObject\",\"inLanguage\":\"pl-PL\",\"@id\":\"https:\/\/leaderschool.pl\/bydgoszcz\/#\/schema\/logo\/image\/\",\"url\":\"https:\/\/leaderschool.pl\/bydgoszcz\/wp-content\/uploads\/sites\/62\/2022\/06\/cropped-favicon-leader-school.png\",\"contentUrl\":\"https:\/\/leaderschool.pl\/bydgoszcz\/wp-content\/uploads\/sites\/62\/2022\/06\/cropped-favicon-leader-school.png\",\"width\":512,\"height\":512,\"caption\":\"Szko\u0142a j\u0119zykowa Leader School Bydgoszcz\"},\"image\":{\"@id\":\"https:\/\/leaderschool.pl\/bydgoszcz\/#\/schema\/logo\/image\/\"}},{\"@type\":\"WebSite\",\"@id\":\"https:\/\/leaderschool.pl\/bydgoszcz\/#website\",\"url\":\"https:\/\/leaderschool.pl\/bydgoszcz\/\",\"name\":\"Szko\u0142a j\u0119zykowa w Bydgoszczy - Leader School\",\"description\":\"\",\"publisher\":{\"@id\":\"https:\/\/leaderschool.pl\/bydgoszcz\/#organization\"},\"potentialAction\":[{\"@type\":\"SearchAction\",\"target\":{\"@type\":\"EntryPoint\",\"urlTemplate\":\"https:\/\/leaderschool.pl\/bydgoszcz\/?s={search_term_string}\"},\"query-input\":\"required name=search_term_string\"}],\"inLanguage\":\"pl-PL\"},{\"@type\":\"WebPage\",\"@id\":\"https:\/\/leaderschool.pl\/bydgoszcz\/jezyk-hiszpanski\/#webpage\",\"url\":\"https:\/\/leaderschool.pl\/bydgoszcz\/jezyk-hiszpanski\/\",\"name\":\"J\u0119zyk hiszpa\u0144ski Szko\u0142a j\u0119zykowa w Bydgoszczy - Leader School\",\"isPartOf\":{\"@id\":\"https:\/\/leaderschool.pl\/bydgoszcz\/#website\"},\"datePublished\":\"2024-08-06T07:34:44+00:00\",\"dateModified\":\"2024-08-06T07:34:45+00:00\",\"breadcrumb\":{\"@id\":\"https:\/\/leaderschool.pl\/bydgoszcz\/jezyk-hiszpanski\/#breadcrumb\"},\"inLanguage\":\"pl-PL\",\"potentialAction\":[{\"@type\":\"ReadAction\",\"target\":[\"https:\/\/leaderschool.pl\/bydgoszcz\/jezyk-hiszpanski\/\"]}]},{\"@type\":\"BreadcrumbList\",\"@id\":\"https:\/\/leaderschool.pl\/bydgoszcz\/jezyk-hiszpanski\/#breadcrumb\",\"itemListElement\":[{\"@type\":\"ListItem\",\"position\":1,\"name\":\"Home\",\"item\":\"https:\/\/leaderschool.pl\/bydgoszcz\/\"},{\"@type\":\"ListItem\",\"position\":2,\"name\":\"J\u0119zyk hiszpa\u0144ski\"}]}]}<\/script>\n<!-- \/ Yoast SEO plugin. -->","yoast_head_json":{"title":"J\u0119zyk hiszpa\u0144ski Szko\u0142a j\u0119zykowa w Bydgoszczy - Leader School","robots":{"index":"index","follow":"follow","max-snippet":"max-snippet:-1","max-image-preview":"max-image-preview:large","max-video-preview":"max-video-preview:-1"},"canonical":"https:\/\/leaderschool.pl\/bydgoszcz\/jezyk-hiszpanski\/","og_locale":"pl_PL","og_type":"article","og_title":"J\u0119zyk hiszpa\u0144ski Szko\u0142a j\u0119zykowa w Bydgoszczy - Leader School","og_description":"J\u0119zyk hiszpa\u0144ski Bydgoszcz \u2013 kursy j\u0119zyka hiszpa\u0144skiego w\u00a0Bydgoszczy Leader School w\u00a0Bydgoszczy oferuje swoim klientom mo\u017cliwo\u015b\u0107 nauki j\u0119zyk\u00f3w europejskich na\u00a0najwy\u017cszym poziomie. Nasi lektorzy to\u00a0osoby z\u00a0 studiami j\u0119zykowymi w\u00a0kraju i\u00a0za\u00a0granic\u0105 oraz pedagodzy. Zatrudniamy pasjonat\u00f3w \u2013 osoby, kt\u00f3re nie\u00a0tylko\u00a0ucz\u0105 j\u0119zyka danego kraju ale\u00a0s\u0105\u00a0w\u00a0nim zakochani, znaj\u0105 jego kultur\u0119 i\u00a0zwyczaje. Przekazuj\u0105 naszym uczniom swoj\u0105 wiedz\u0119 i\u00a0pasj\u0119. Poznajcie nasz\u0105 ofert\u0119, nauka [&hellip;]","og_url":"https:\/\/leaderschool.pl\/bydgoszcz\/jezyk-hiszpanski\/","og_site_name":"Szko\u0142a j\u0119zykowa w Bydgoszczy - Leader School","article_modified_time":"2024-08-06T07:34:45+00:00","twitter_card":"summary_large_image","twitter_misc":{"Szacowany czas czytania":"1 minuta"},"schema":{"@context":"https:\/\/schema.org","@graph":[{"@type":"Organization","@id":"https:\/\/leaderschool.pl\/bydgoszcz\/#organization","name":"Szko\u0142a j\u0119zykowa Leader School Bydgoszcz","url":"https:\/\/leaderschool.pl\/bydgoszcz\/","sameAs":[],"logo":{"@type":"ImageObject","inLanguage":"pl-PL","@id":"https:\/\/leaderschool.pl\/bydgoszcz\/#\/schema\/logo\/image\/","url":"https:\/\/leaderschool.pl\/bydgoszcz\/wp-content\/uploads\/sites\/62\/2022\/06\/cropped-favicon-leader-school.png","contentUrl":"https:\/\/leaderschool.pl\/bydgoszcz\/wp-content\/uploads\/sites\/62\/2022\/06\/cropped-favicon-leader-school.png","width":512,"height":512,"caption":"Szko\u0142a j\u0119zykowa Leader School Bydgoszcz"},"image":{"@id":"https:\/\/leaderschool.pl\/bydgoszcz\/#\/schema\/logo\/image\/"}},{"@type":"WebSite","@id":"https:\/\/leaderschool.pl\/bydgoszcz\/#website","url":"https:\/\/leaderschool.pl\/bydgoszcz\/","name":"Szko\u0142a j\u0119zykowa w Bydgoszczy - Leader School","description":"","publisher":{"@id":"https:\/\/leaderschool.pl\/bydgoszcz\/#organization"},"potentialAction":[{"@type":"SearchAction","target":{"@type":"EntryPoint","urlTemplate":"https:\/\/leaderschool.pl\/bydgoszcz\/?s={search_term_string}"},"query-input":"required name=search_term_string"}],"inLanguage":"pl-PL"},{"@type":"WebPage","@id":"https:\/\/leaderschool.pl\/bydgoszcz\/jezyk-hiszpanski\/#webpage","url":"https:\/\/leaderschool.pl\/bydgoszcz\/jezyk-hiszpanski\/","name":"J\u0119zyk hiszpa\u0144ski Szko\u0142a j\u0119zykowa w Bydgoszczy - Leader School","isPartOf":{"@id":"https:\/\/leaderschool.pl\/bydgoszcz\/#website"},"datePublished":"2024-08-06T07:34:44+00:00","dateModified":"2024-08-06T07:34:45+00:00","breadcrumb":{"@id":"https:\/\/leaderschool.pl\/bydgoszcz\/jezyk-hiszpanski\/#breadcrumb"},"inLanguage":"pl-PL","potentialAction":[{"@type":"ReadAction","target":["https:\/\/leaderschool.pl\/bydgoszcz\/jezyk-hiszpanski\/"]}]},{"@type":"BreadcrumbList","@id":"https:\/\/leaderschool.pl\/bydgoszcz\/jezyk-hiszpanski\/#breadcrumb","itemListElement":[{"@type":"ListItem","position":1,"name":"Home","item":"https:\/\/leaderschool.pl\/bydgoszcz\/"},{"@type":"ListItem","position":2,"name":"J\u0119zyk hiszpa\u0144ski"}]}]}},"_links":{"self":[{"href":"https:\/\/leaderschool.pl\/bydgoszcz\/wp-json\/wp\/v2\/pages\/2765"}],"collection":[{"href":"https:\/\/leaderschool.pl\/bydgoszcz\/wp-json\/wp\/v2\/pages"}],"about":[{"href":"https:\/\/leaderschool.pl\/bydgoszcz\/wp-json\/wp\/v2\/types\/page"}],"author":[{"embeddable":true,"href":"https:\/\/leaderschool.pl\/bydgoszcz\/wp-json\/wp\/v2\/users\/3"}],"replies":[{"embeddable":true,"href":"https:\/\/leaderschool.pl\/bydgoszcz\/wp-json\/wp\/v2\/comments?post=2765"}],"version-history":[{"count":1,"href":"https:\/\/leaderschool.pl\/bydgoszcz\/wp-json\/wp\/v2\/pages\/2765\/revisions"}],"predecessor-version":[{"id":2766,"href":"https:\/\/leaderschool.pl\/bydgoszcz\/wp-json\/wp\/v2\/pages\/2765\/revisions\/2766"}],"wp:attachment":[{"href":"https:\/\/leaderschool.pl\/bydgoszcz\/wp-json\/wp\/v2\/media?parent=2765"}],"curies":[{"name":"wp","href":"https:\/\/api.w.org\/{rel}","templated":true}]}}