{"id":2708,"date":"2024-04-22T22:07:12","date_gmt":"2024-04-22T20:07:12","guid":{"rendered":"https:\/\/leaderschool.pl\/bydgoszcz\/?page_id=2708"},"modified":"2024-04-22T22:14:17","modified_gmt":"2024-04-22T20:14:17","slug":"polski-jako-jezyk-obcy-dla-doroslych","status":"publish","type":"page","link":"https:\/\/leaderschool.pl\/bydgoszcz\/polski-jako-jezyk-obcy-dla-doroslych\/","title":{"rendered":"Polski jako j\u0119zyk obcy dla doros\u0142ych"},"content":{"rendered":"\n<p>Chcesz sprawnie nauczy\u0107 si\u0119 polskiego i p\u0142ynnie si\u0119 nim pos\u0142ugiwa\u0107? Doskonale trafi\u0142e\u015b! Nasi lektorzy pomog\u0105 Ci opanowa\u0107 meandry tego j\u0119zyka i wprowadz\u0105 Ci\u0119 w \u015bwiat nowego s\u0142ownictwa, gramatyki i ortografii. W Leader School stawiamy na skuteczn\u0105 komunikacj\u0119 i dynamiczne lekcje, dzi\u0119ki czemu ju\u017c od pierwszego spotkania zanurzasz si\u0119 w j\u0119zyku polskim, masz mo\u017cliwo\u015b\u0107 oswajania akcentu, poprawnej wymowy i rozbudowujesz sw\u00f3j s\u0142ownik, jednocze\u015bnie pr\u00f3buj\u0105c samodzielnie tworzy\u0107 w\u0142asne wypowiedzi. Sprawd\u017a, jak uczymy polskiego w Leader School w Bydgoszczy!<\/p>\n\n\n\n<h2><strong><strong>J\u0119zyk polski dla obcokrajowc\u00f3w \u2013 tylko w Leader School Bydgoszcz!<\/strong><\/strong><\/h2>\n\n\n\n<p>Aby nauka j\u0119zyka obcego by\u0142a efektywna, trzeba spe\u0142ni\u0107 kilka warunk\u00f3w \u2013 u nas masz zapewnione:<\/p>\n\n\n\n<ul><li>ma\u0142e grupy, dzi\u0119ki czemu lekcje odbywaj\u0105 si\u0119 w kameralnym gronie i swobodnej atmosferze, a lektorzy maj\u0105 szans\u0119 pozna\u0107 indywidualne mo\u017cliwo\u015bci ka\u017cdego z kursant\u00f3w,<\/li><li>dostosowanie zaj\u0119\u0107 do Twoich umiej\u0119tno\u015bci j\u0119zykowych \u2013 kurs mo\u017cesz rozpocz\u0105\u0107 od podstaw lub od poziomu \u015bredniozaawansowanego i zaawansowanego,<\/li><li>atrakcyjne lekcje, podczas kt\u00f3rych aktywnie uczestniczysz w konwersacji i rozwijasz swobod\u0119 m\u00f3wienia,<\/li><li>dost\u0119p do multimedialnej platformy, na kt\u00f3rej znajdziesz wiele interaktywnych \u0107wicze\u0144 i plik\u00f3w audio \u2013 korzystaj z nich, kiedy chcesz, szlifuj sw\u00f3j polski w zaciszu domowym i utrwalaj opanowany materia\u0142,<\/li><li>przygotowanie do egzaminu, na kt\u00f3rym uzyskasz certyfikat uprawniaj\u0105cy do ubiegania si\u0119 o kart\u0119 sta\u0142ego pobytu \u2013 wiemy, jak uczy\u0107, \u017ceby\u015b zda\u0142!<\/li><\/ul>\n\n\n\n<h2><strong>Ucz si\u0119 polskiego metod\u0105 BLS<\/strong><\/h2>\n\n\n\n<p>To sprawdzony i starannie opracowany system, kt\u00f3ry uwzgl\u0119dnia indywidualne style uczenia, zapewnia bogactwo atrakcyjnych materia\u0142\u00f3w dydaktycznych i pomocy umo\u017cliwiaj\u0105cych Ci systematyczne powtarzanie opanowanych tre\u015bci. Metoda BLS koncentruje si\u0119 na praktycznych aspektach nauki j\u0119zyka \u2013 ju\u017c od pierwszych zaj\u0119\u0107 zaczynasz m\u00f3wi\u0107 i rozumie\u0107 po polsku, poznajesz zwroty niezb\u0119dne w sytuacjach \u017cycia codziennego i stopniowo rozbudowujesz sw\u00f3j s\u0142ownik, poszerzaj\u0105c zakres s\u0142\u00f3w i poznaj\u0105c nowe struktury gramatyczne.<\/p>\n\n\n\n<h2><strong>Zapraszamy do zapis\u00f3w!<\/strong><\/h2>\n\n\n\n<p>Ju\u017c dzi\u015b zapisz si\u0119 na bezp\u0142atn\u0105 lekcj\u0119 pokazow\u0105 i sprawd\u017a, jak wygl\u0105daj\u0105 nasze zaj\u0119cia. Zacznij kurs polskiego i ucz si\u0119 z nami tego j\u0119zyka w przyjemnej, radosnej atmosferze, a przede wszystkim \u2013 skutecznie! Wiemy, jak uczy\u0107, \u017ceby\u015b szybko pozna\u0142 nowe s\u0142ownictwo, rozumia\u0142 kierowane do Ciebie wypowiedzi i sprawnie radzi\u0142 sobie w rozmowie. Przygotujemy Ci\u0119 te\u017c do egzaminu \u2013 z nami otrzymasz certyfikat niezb\u0119dny do uzyskania karty sta\u0142ego pobytu w Polsce!<\/p>\n","protected":false},"excerpt":{"rendered":"<p>Chcesz sprawnie nauczy\u0107 si\u0119 polskiego i p\u0142ynnie si\u0119 nim pos\u0142ugiwa\u0107? Doskonale trafi\u0142e\u015b! Nasi lektorzy pomog\u0105 Ci opanowa\u0107 meandry tego j\u0119zyka i wprowadz\u0105 Ci\u0119 w \u015bwiat nowego s\u0142ownictwa, gramatyki i ortografii. W Leader School stawiamy na skuteczn\u0105 komunikacj\u0119 i dynamiczne lekcje, dzi\u0119ki czemu ju\u017c od pierwszego spotkania zanurzasz si\u0119 w j\u0119zyku polskim, masz mo\u017cliwo\u015b\u0107 oswajania akcentu, [&hellip;]<\/p>\n","protected":false},"author":3,"featured_media":0,"parent":0,"menu_order":0,"comment_status":"closed","ping_status":"closed","template":"","meta":{"ngg_post_thumbnail":0},"acf":[],"yoast_head":"<!-- This site is optimized with the Yoast SEO plugin v18.9 - https:\/\/yoast.com\/wordpress\/plugins\/seo\/ -->\n<title>Polski jako j\u0119zyk obcy dla doros\u0142ych Szko\u0142a j\u0119zykowa w Bydgoszczy - Leader School<\/title>\n<meta name=\"robots\" content=\"index, follow, max-snippet:-1, max-image-preview:large, max-video-preview:-1\" \/>\n<link rel=\"canonical\" href=\"https:\/\/leaderschool.pl\/bydgoszcz\/polski-jako-jezyk-obcy-dla-doroslych\/\" \/>\n<meta property=\"og:locale\" content=\"pl_PL\" \/>\n<meta property=\"og:type\" content=\"article\" \/>\n<meta property=\"og:title\" content=\"Polski jako j\u0119zyk obcy dla doros\u0142ych Szko\u0142a j\u0119zykowa w Bydgoszczy - Leader School\" \/>\n<meta property=\"og:description\" content=\"Chcesz sprawnie nauczy\u0107 si\u0119 polskiego i p\u0142ynnie si\u0119 nim pos\u0142ugiwa\u0107? Doskonale trafi\u0142e\u015b! Nasi lektorzy pomog\u0105 Ci opanowa\u0107 meandry tego j\u0119zyka i wprowadz\u0105 Ci\u0119 w \u015bwiat nowego s\u0142ownictwa, gramatyki i ortografii. W Leader School stawiamy na skuteczn\u0105 komunikacj\u0119 i dynamiczne lekcje, dzi\u0119ki czemu ju\u017c od pierwszego spotkania zanurzasz si\u0119 w j\u0119zyku polskim, masz mo\u017cliwo\u015b\u0107 oswajania akcentu, [&hellip;]\" \/>\n<meta property=\"og:url\" content=\"https:\/\/leaderschool.pl\/bydgoszcz\/polski-jako-jezyk-obcy-dla-doroslych\/\" \/>\n<meta property=\"og:site_name\" content=\"Szko\u0142a j\u0119zykowa w Bydgoszczy - Leader School\" \/>\n<meta property=\"article:modified_time\" content=\"2024-04-22T20:14:17+00:00\" \/>\n<meta name=\"twitter:card\" content=\"summary_large_image\" \/>\n<meta name=\"twitter:label1\" content=\"Szacowany czas czytania\" \/>\n\t<meta name=\"twitter:data1\" content=\"3 minuty\" \/>\n<script type=\"application\/ld+json\" class=\"yoast-schema-graph\">{\"@context\":\"https:\/\/schema.org\",\"@graph\":[{\"@type\":\"Organization\",\"@id\":\"https:\/\/leaderschool.pl\/bydgoszcz\/#organization\",\"name\":\"Szko\u0142a j\u0119zykowa Leader School Bydgoszcz\",\"url\":\"https:\/\/leaderschool.pl\/bydgoszcz\/\",\"sameAs\":[],\"logo\":{\"@type\":\"ImageObject\",\"inLanguage\":\"pl-PL\",\"@id\":\"https:\/\/leaderschool.pl\/bydgoszcz\/#\/schema\/logo\/image\/\",\"url\":\"https:\/\/leaderschool.pl\/bydgoszcz\/wp-content\/uploads\/sites\/62\/2022\/06\/cropped-favicon-leader-school.png\",\"contentUrl\":\"https:\/\/leaderschool.pl\/bydgoszcz\/wp-content\/uploads\/sites\/62\/2022\/06\/cropped-favicon-leader-school.png\",\"width\":512,\"height\":512,\"caption\":\"Szko\u0142a j\u0119zykowa Leader School Bydgoszcz\"},\"image\":{\"@id\":\"https:\/\/leaderschool.pl\/bydgoszcz\/#\/schema\/logo\/image\/\"}},{\"@type\":\"WebSite\",\"@id\":\"https:\/\/leaderschool.pl\/bydgoszcz\/#website\",\"url\":\"https:\/\/leaderschool.pl\/bydgoszcz\/\",\"name\":\"Szko\u0142a j\u0119zykowa w Bydgoszczy - Leader School\",\"description\":\"\",\"publisher\":{\"@id\":\"https:\/\/leaderschool.pl\/bydgoszcz\/#organization\"},\"potentialAction\":[{\"@type\":\"SearchAction\",\"target\":{\"@type\":\"EntryPoint\",\"urlTemplate\":\"https:\/\/leaderschool.pl\/bydgoszcz\/?s={search_term_string}\"},\"query-input\":\"required name=search_term_string\"}],\"inLanguage\":\"pl-PL\"},{\"@type\":\"WebPage\",\"@id\":\"https:\/\/leaderschool.pl\/bydgoszcz\/polski-jako-jezyk-obcy-dla-doroslych\/#webpage\",\"url\":\"https:\/\/leaderschool.pl\/bydgoszcz\/polski-jako-jezyk-obcy-dla-doroslych\/\",\"name\":\"Polski jako j\u0119zyk obcy dla doros\u0142ych Szko\u0142a j\u0119zykowa w Bydgoszczy - Leader School\",\"isPartOf\":{\"@id\":\"https:\/\/leaderschool.pl\/bydgoszcz\/#website\"},\"datePublished\":\"2024-04-22T20:07:12+00:00\",\"dateModified\":\"2024-04-22T20:14:17+00:00\",\"breadcrumb\":{\"@id\":\"https:\/\/leaderschool.pl\/bydgoszcz\/polski-jako-jezyk-obcy-dla-doroslych\/#breadcrumb\"},\"inLanguage\":\"pl-PL\",\"potentialAction\":[{\"@type\":\"ReadAction\",\"target\":[\"https:\/\/leaderschool.pl\/bydgoszcz\/polski-jako-jezyk-obcy-dla-doroslych\/\"]}]},{\"@type\":\"BreadcrumbList\",\"@id\":\"https:\/\/leaderschool.pl\/bydgoszcz\/polski-jako-jezyk-obcy-dla-doroslych\/#breadcrumb\",\"itemListElement\":[{\"@type\":\"ListItem\",\"position\":1,\"name\":\"Home\",\"item\":\"https:\/\/leaderschool.pl\/bydgoszcz\/\"},{\"@type\":\"ListItem\",\"position\":2,\"name\":\"Polski jako j\u0119zyk obcy dla doros\u0142ych\"}]}]}<\/script>\n<!-- \/ Yoast SEO plugin. -->","yoast_head_json":{"title":"Polski jako j\u0119zyk obcy dla doros\u0142ych Szko\u0142a j\u0119zykowa w Bydgoszczy - Leader School","robots":{"index":"index","follow":"follow","max-snippet":"max-snippet:-1","max-image-preview":"max-image-preview:large","max-video-preview":"max-video-preview:-1"},"canonical":"https:\/\/leaderschool.pl\/bydgoszcz\/polski-jako-jezyk-obcy-dla-doroslych\/","og_locale":"pl_PL","og_type":"article","og_title":"Polski jako j\u0119zyk obcy dla doros\u0142ych Szko\u0142a j\u0119zykowa w Bydgoszczy - Leader School","og_description":"Chcesz sprawnie nauczy\u0107 si\u0119 polskiego i p\u0142ynnie si\u0119 nim pos\u0142ugiwa\u0107? Doskonale trafi\u0142e\u015b! Nasi lektorzy pomog\u0105 Ci opanowa\u0107 meandry tego j\u0119zyka i wprowadz\u0105 Ci\u0119 w \u015bwiat nowego s\u0142ownictwa, gramatyki i ortografii. W Leader School stawiamy na skuteczn\u0105 komunikacj\u0119 i dynamiczne lekcje, dzi\u0119ki czemu ju\u017c od pierwszego spotkania zanurzasz si\u0119 w j\u0119zyku polskim, masz mo\u017cliwo\u015b\u0107 oswajania akcentu, [&hellip;]","og_url":"https:\/\/leaderschool.pl\/bydgoszcz\/polski-jako-jezyk-obcy-dla-doroslych\/","og_site_name":"Szko\u0142a j\u0119zykowa w Bydgoszczy - Leader School","article_modified_time":"2024-04-22T20:14:17+00:00","twitter_card":"summary_large_image","twitter_misc":{"Szacowany czas czytania":"3 minuty"},"schema":{"@context":"https:\/\/schema.org","@graph":[{"@type":"Organization","@id":"https:\/\/leaderschool.pl\/bydgoszcz\/#organization","name":"Szko\u0142a j\u0119zykowa Leader School Bydgoszcz","url":"https:\/\/leaderschool.pl\/bydgoszcz\/","sameAs":[],"logo":{"@type":"ImageObject","inLanguage":"pl-PL","@id":"https:\/\/leaderschool.pl\/bydgoszcz\/#\/schema\/logo\/image\/","url":"https:\/\/leaderschool.pl\/bydgoszcz\/wp-content\/uploads\/sites\/62\/2022\/06\/cropped-favicon-leader-school.png","contentUrl":"https:\/\/leaderschool.pl\/bydgoszcz\/wp-content\/uploads\/sites\/62\/2022\/06\/cropped-favicon-leader-school.png","width":512,"height":512,"caption":"Szko\u0142a j\u0119zykowa Leader School Bydgoszcz"},"image":{"@id":"https:\/\/leaderschool.pl\/bydgoszcz\/#\/schema\/logo\/image\/"}},{"@type":"WebSite","@id":"https:\/\/leaderschool.pl\/bydgoszcz\/#website","url":"https:\/\/leaderschool.pl\/bydgoszcz\/","name":"Szko\u0142a j\u0119zykowa w Bydgoszczy - Leader School","description":"","publisher":{"@id":"https:\/\/leaderschool.pl\/bydgoszcz\/#organization"},"potentialAction":[{"@type":"SearchAction","target":{"@type":"EntryPoint","urlTemplate":"https:\/\/leaderschool.pl\/bydgoszcz\/?s={search_term_string}"},"query-input":"required name=search_term_string"}],"inLanguage":"pl-PL"},{"@type":"WebPage","@id":"https:\/\/leaderschool.pl\/bydgoszcz\/polski-jako-jezyk-obcy-dla-doroslych\/#webpage","url":"https:\/\/leaderschool.pl\/bydgoszcz\/polski-jako-jezyk-obcy-dla-doroslych\/","name":"Polski jako j\u0119zyk obcy dla doros\u0142ych Szko\u0142a j\u0119zykowa w Bydgoszczy - Leader School","isPartOf":{"@id":"https:\/\/leaderschool.pl\/bydgoszcz\/#website"},"datePublished":"2024-04-22T20:07:12+00:00","dateModified":"2024-04-22T20:14:17+00:00","breadcrumb":{"@id":"https:\/\/leaderschool.pl\/bydgoszcz\/polski-jako-jezyk-obcy-dla-doroslych\/#breadcrumb"},"inLanguage":"pl-PL","potentialAction":[{"@type":"ReadAction","target":["https:\/\/leaderschool.pl\/bydgoszcz\/polski-jako-jezyk-obcy-dla-doroslych\/"]}]},{"@type":"BreadcrumbList","@id":"https:\/\/leaderschool.pl\/bydgoszcz\/polski-jako-jezyk-obcy-dla-doroslych\/#breadcrumb","itemListElement":[{"@type":"ListItem","position":1,"name":"Home","item":"https:\/\/leaderschool.pl\/bydgoszcz\/"},{"@type":"ListItem","position":2,"name":"Polski jako j\u0119zyk obcy dla doros\u0142ych"}]}]}},"_links":{"self":[{"href":"https:\/\/leaderschool.pl\/bydgoszcz\/wp-json\/wp\/v2\/pages\/2708"}],"collection":[{"href":"https:\/\/leaderschool.pl\/bydgoszcz\/wp-json\/wp\/v2\/pages"}],"about":[{"href":"https:\/\/leaderschool.pl\/bydgoszcz\/wp-json\/wp\/v2\/types\/page"}],"author":[{"embeddable":true,"href":"https:\/\/leaderschool.pl\/bydgoszcz\/wp-json\/wp\/v2\/users\/3"}],"replies":[{"embeddable":true,"href":"https:\/\/leaderschool.pl\/bydgoszcz\/wp-json\/wp\/v2\/comments?post=2708"}],"version-history":[{"count":2,"href":"https:\/\/leaderschool.pl\/bydgoszcz\/wp-json\/wp\/v2\/pages\/2708\/revisions"}],"predecessor-version":[{"id":2763,"href":"https:\/\/leaderschool.pl\/bydgoszcz\/wp-json\/wp\/v2\/pages\/2708\/revisions\/2763"}],"wp:attachment":[{"href":"https:\/\/leaderschool.pl\/bydgoszcz\/wp-json\/wp\/v2\/media?parent=2708"}],"curies":[{"name":"wp","href":"https:\/\/api.w.org\/{rel}","templated":true}]}}