{"id":2632,"date":"2022-07-29T18:23:52","date_gmt":"2022-07-29T16:23:52","guid":{"rendered":"https:\/\/leaderschool.sellision.dev\/biala-podlaska\/?page_id=2632"},"modified":"2025-08-11T13:05:15","modified_gmt":"2025-08-11T11:05:15","slug":"angielski-dla-mlodziezy","status":"publish","type":"page","link":"https:\/\/leaderschool.pl\/biala-podlaska\/angielski-dla-mlodziezy\/","title":{"rendered":"Angielski dla m\u0142odzie\u017cy"},"content":{"rendered":"\n<p><strong>Kursy angielskiego dla m\u0142odzie\u017cy <\/strong>to mo\u017cliwo\u015b\u0107 szybkiego rozwoju umiej\u0119tno\u015bci j\u0119zykowej. Dobre poznanie angielskiego ma ogromny wp\u0142yw na dalsz\u0105 edukacj\u0119, umo\u017cliwiaj\u0105c studiowanie za granic\u0105 i udzia\u0142 w wielu ciekawych programach. Otwiera nowe mo\u017cliwo\u015bci zar\u00f3wno w \u017cyciu prywatnym, jak i zawodowym, daj\u0105c mo\u017cliwo\u015b\u0107 zdobycia lepszej pracy w przysz\u0142o\u015bci. W dzisiejszym \u015bwiecie dobra znajomo\u015b\u0107 angielskiego to podstawa, o kt\u00f3r\u0105 najlepiej zadba\u0107 jak najwcze\u015bniej.<\/p>\n\n\n\n<h2>Skuteczna nauka angielskiego<\/h2>\n\n\n\n<p><strong>Leader School w Bia\u0142ej Podlaskiej <\/strong>oferuje niezwykle efektywn\u0105 <strong>nauk\u0119 angielskiego. <\/strong>Wykorzystujemy r\u00f3\u017cne techniki nauczania, a zaj\u0119cia prowadzimy tylko w j\u0119zyku angielskim, co przek\u0142ada si\u0119 na szybsze i lepsze efekty. W przeciwie\u0144stwo do innych szk\u00f3\u0142 oferujemy zaj\u0119cia, trwaj\u0105ce 100 minut, a dzi\u0119ki dobrze zaplanowanej metodyce zaj\u0119\u0107, czas ten jest dok\u0142adnie wykorzystany.<\/p>\n\n\n\n<h3>Praktyczna nauka j\u0119zyka<\/h3>\n\n\n\n<p>Podczas <strong>nauki j\u0119zyka angielskiego <\/strong>stawiamy nacisk na m\u00f3wienie, umo\u017cliwiaj\u0105c kursantom prze\u0142amanie bariery j\u0119zykowej. Dzi\u0119ki temu m\u0142odzie\u017c szybko czyni post\u0119py i potrafi si\u0119 p\u0142ynnie komunikowa\u0107.<\/p>\n\n\n\n<h3>Wykwalifikowana kadra<\/h3>\n\n\n\n<p>Nasi lektorzy posiadaj\u0105 odpowiednie kwalifikacje do nauczania, jednak ich najwi\u0119ksz\u0105 zalet\u0105 jest pasja i umiej\u0119tno\u015b\u0107 przekazywania wiedzy. Zaanga\u017cowani nauczyciele zapewniaj\u0105 ciekawe zaj\u0119cia, kt\u00f3re przek\u0142adaj\u0105 si\u0119 na lepsze wyniki.<\/p>\n\n\n\n<h3>R\u00f3\u017cnorodne materia\u0142y dydaktyczne<\/h3>\n\n\n\n<p>W trakcie zaj\u0119\u0107 z <strong>j\u0119zyka angielskiego <\/strong>wykorzystujemy r\u00f3\u017cnorodne materia\u0142y, kt\u00f3re u\u0142atwiaj\u0105 zapami\u0119tywanie nowych poj\u0119\u0107 i nauk\u0119 gramatyk\u0119. Dodatkowo dok\u0142adnie planujemy ca\u0142y proces nauczania, uwzgl\u0119dniaj\u0105c w nim niezb\u0119dne powt\u00f3rki. Nasze sale s\u0105 wyposa\u017cone w nowoczesny sprz\u0119t, kt\u00f3ry umo\u017cliwia wykorzystanie nowoczesnych technologii do zapewnienia interesuj\u0105cych i warto\u015bciowych materia\u0142\u00f3w. W ka\u017cdej Sali znajduje si\u0119 ekran multimedialny Samsung Flip.<\/p>\n\n\n\n<h2>Przygotowanie do egzamin\u00f3w<\/h2>\n\n\n\n<p>Nasza <strong>szko\u0142a j\u0119zykowa w Bia\u0142ej Podlaskiej <\/strong>oferuje r\u00f3wnie\u017c <strong>przygotowanie do egzamin\u00f3w z angielskiego. <\/strong>Pomagamy przezwyci\u0119\u017cy\u0107 trudno\u015bci w nauce, pomagamy prze\u0142ama\u0107 barier\u0119 j\u0119zykow\u0105 i zapewniamy szybki rozw\u00f3j umiej\u0119tno\u015bci j\u0119zykowe. Oferujemy przygotowanie do:<\/p>\n\n\n\n<ul><li>egzaminu \u00f3smoklasisty;<\/li><li><strong>matury z angielskiego;<\/strong><\/li><li><strong>egzamin\u00f3w na certyfikaty j\u0119zykowe.<\/strong><\/li><\/ul>\n\n\n\n<h2>Co otrzymujesz?<\/h2>\n\n\n\n<h3>100 minut zaj\u0119\u0107<\/h3>\n\n\n\n<p><strong>Leader School w Bia\u0142ej Podlaskiej <\/strong>to a\u017c 100 minut zaj\u0119\u0107, kt\u00f3re s\u0105 dok\u0142adnie zaplanowane, co umo\u017cliwia najlepsze wykorzystanie czasu.<\/p>\n\n\n\n<h3>Efektywna nauka<\/h3>\n\n\n\n<p>Nowoczesne metody nauczania i wykwalifikowana kadra to pewno\u015b\u0107 szybkich i du\u017cych post\u0119p\u00f3w.<\/p>\n\n\n\n<h3>Nacisk na komunikacj\u0119<\/h3>\n\n\n\n<p>Przygotowujemy do egzamin\u00f3w, uczymy angielskiego na r\u00f3\u017cnych poziomach, ale przede wszystkim uczymy m\u00f3wi\u0107. Pomagamy prze\u0142ama\u0107 barier\u0119 j\u0119zykow\u0105, u\u0142atwiaj\u0105c p\u0142ynn\u0105 komunikacj\u0119.<\/p>\n\n\n\n<h2>Dla kogo kursy angielskiego?<\/h2>\n\n\n\n<h3>Dla \u00f3smoklasist\u00f3w<\/h3>\n\n\n\n<p>Przygotowujemy m\u0142odzie\u017c do <strong>egzaminu \u00f3smoklasisty, <\/strong>zapewniaj\u0105c szybki rozw\u00f3j umiej\u0119tno\u015bci i dobry wynik.<\/p>\n\n\n\n<h3>Dla maturzyst\u00f3w<\/h3>\n\n\n\n<p><strong>Przygotowanie do matury z angielskiego <\/strong>pomaga uzyska\u0107 wysoki wynik i zapewnia praktyczn\u0105 nauk\u0119, pomagaj\u0105c prze\u0142ama\u0107 barier\u0119 j\u0119zykow\u0105.<\/p>\n\n\n\n<h3>Dla ambitnych<\/h3>\n\n\n\n<p>Og\u00f3lne <strong>kursy angielskiego dla m\u0142odzie\u017cy <\/strong>to mo\u017cliwo\u015b\u0107 dobrego poznania j\u0119zyka. U\u0142atwia komunikacj\u0119, niweluje problemy j\u0119zykowe i zapewnia szybkie efekty.<\/p>\n","protected":false},"excerpt":{"rendered":"<p>Kursy angielskiego dla m\u0142odzie\u017cy to mo\u017cliwo\u015b\u0107 szybkiego rozwoju umiej\u0119tno\u015bci j\u0119zykowej. Dobre poznanie angielskiego ma ogromny wp\u0142yw na dalsz\u0105 edukacj\u0119, umo\u017cliwiaj\u0105c studiowanie za granic\u0105 i udzia\u0142 w wielu ciekawych programach. Otwiera nowe mo\u017cliwo\u015bci zar\u00f3wno w \u017cyciu prywatnym, jak i zawodowym, daj\u0105c mo\u017cliwo\u015b\u0107 zdobycia lepszej pracy w przysz\u0142o\u015bci. W dzisiejszym \u015bwiecie dobra znajomo\u015b\u0107 angielskiego to podstawa, o [&hellip;]<\/p>\n","protected":false},"author":3,"featured_media":0,"parent":0,"menu_order":0,"comment_status":"closed","ping_status":"closed","template":"","meta":{"ngg_post_thumbnail":0},"acf":[],"yoast_head":"<!-- This site is optimized with the Yoast SEO plugin v18.9 - https:\/\/yoast.com\/wordpress\/plugins\/seo\/ -->\n<title>Angielski dla m\u0142odzie\u017cy w Bia\u0142ej Podlaskiej - Leader School<\/title>\n<meta name=\"description\" content=\"angielski, kursy angielskiego, szko\u0142a j\u0119zykowa, angielski dla dzieci, angielski dla m\u0142odzie\u017cy, angielski dla doros\u0142ych\" \/>\n<meta name=\"robots\" content=\"index, follow, max-snippet:-1, max-image-preview:large, max-video-preview:-1\" \/>\n<link rel=\"canonical\" href=\"https:\/\/leaderschool.pl\/biala-podlaska\/angielski-dla-mlodziezy\/\" \/>\n<meta property=\"og:locale\" content=\"pl_PL\" \/>\n<meta property=\"og:type\" content=\"article\" \/>\n<meta property=\"og:title\" content=\"Angielski dla m\u0142odzie\u017cy w Bia\u0142ej Podlaskiej - Leader School\" \/>\n<meta property=\"og:description\" content=\"angielski, kursy angielskiego, szko\u0142a j\u0119zykowa, angielski dla dzieci, angielski dla m\u0142odzie\u017cy, angielski dla doros\u0142ych\" \/>\n<meta property=\"og:url\" content=\"https:\/\/leaderschool.pl\/biala-podlaska\/angielski-dla-mlodziezy\/\" \/>\n<meta property=\"og:site_name\" content=\"w Bia\u0142ej Podlaskiej - Leader School\" \/>\n<meta property=\"article:modified_time\" content=\"2025-08-11T11:05:15+00:00\" \/>\n<meta name=\"twitter:card\" content=\"summary_large_image\" \/>\n<meta name=\"twitter:label1\" content=\"Szacowany czas czytania\" \/>\n\t<meta name=\"twitter:data1\" content=\"3 minuty\" \/>\n<script type=\"application\/ld+json\" class=\"yoast-schema-graph\">{\"@context\":\"https:\/\/schema.org\",\"@graph\":[{\"@type\":\"WebSite\",\"@id\":\"https:\/\/leaderschool.pl\/biala-podlaska\/#website\",\"url\":\"https:\/\/leaderschool.pl\/biala-podlaska\/\",\"name\":\"w Bia\u0142ej Podlaskiej - Leader School\",\"description\":\"\",\"potentialAction\":[{\"@type\":\"SearchAction\",\"target\":{\"@type\":\"EntryPoint\",\"urlTemplate\":\"https:\/\/leaderschool.pl\/biala-podlaska\/?s={search_term_string}\"},\"query-input\":\"required name=search_term_string\"}],\"inLanguage\":\"pl-PL\"},{\"@type\":\"WebPage\",\"@id\":\"https:\/\/leaderschool.pl\/biala-podlaska\/angielski-dla-mlodziezy\/#webpage\",\"url\":\"https:\/\/leaderschool.pl\/biala-podlaska\/angielski-dla-mlodziezy\/\",\"name\":\"Angielski dla m\u0142odzie\u017cy w Bia\u0142ej Podlaskiej - Leader School\",\"isPartOf\":{\"@id\":\"https:\/\/leaderschool.pl\/biala-podlaska\/#website\"},\"datePublished\":\"2022-07-29T16:23:52+00:00\",\"dateModified\":\"2025-08-11T11:05:15+00:00\",\"description\":\"angielski, kursy angielskiego, szko\u0142a j\u0119zykowa, angielski dla dzieci, angielski dla m\u0142odzie\u017cy, angielski dla doros\u0142ych\",\"breadcrumb\":{\"@id\":\"https:\/\/leaderschool.pl\/biala-podlaska\/angielski-dla-mlodziezy\/#breadcrumb\"},\"inLanguage\":\"pl-PL\",\"potentialAction\":[{\"@type\":\"ReadAction\",\"target\":[\"https:\/\/leaderschool.pl\/biala-podlaska\/angielski-dla-mlodziezy\/\"]}]},{\"@type\":\"BreadcrumbList\",\"@id\":\"https:\/\/leaderschool.pl\/biala-podlaska\/angielski-dla-mlodziezy\/#breadcrumb\",\"itemListElement\":[{\"@type\":\"ListItem\",\"position\":1,\"name\":\"Home\",\"item\":\"https:\/\/leaderschool.pl\/biala-podlaska\/\"},{\"@type\":\"ListItem\",\"position\":2,\"name\":\"Angielski dla m\u0142odzie\u017cy\"}]}]}<\/script>\n<!-- \/ Yoast SEO plugin. -->","yoast_head_json":{"title":"Angielski dla m\u0142odzie\u017cy w Bia\u0142ej Podlaskiej - Leader School","description":"angielski, kursy angielskiego, szko\u0142a j\u0119zykowa, angielski dla dzieci, angielski dla m\u0142odzie\u017cy, angielski dla doros\u0142ych","robots":{"index":"index","follow":"follow","max-snippet":"max-snippet:-1","max-image-preview":"max-image-preview:large","max-video-preview":"max-video-preview:-1"},"canonical":"https:\/\/leaderschool.pl\/biala-podlaska\/angielski-dla-mlodziezy\/","og_locale":"pl_PL","og_type":"article","og_title":"Angielski dla m\u0142odzie\u017cy w Bia\u0142ej Podlaskiej - Leader School","og_description":"angielski, kursy angielskiego, szko\u0142a j\u0119zykowa, angielski dla dzieci, angielski dla m\u0142odzie\u017cy, angielski dla doros\u0142ych","og_url":"https:\/\/leaderschool.pl\/biala-podlaska\/angielski-dla-mlodziezy\/","og_site_name":"w Bia\u0142ej Podlaskiej - Leader School","article_modified_time":"2025-08-11T11:05:15+00:00","twitter_card":"summary_large_image","twitter_misc":{"Szacowany czas czytania":"3 minuty"},"schema":{"@context":"https:\/\/schema.org","@graph":[{"@type":"WebSite","@id":"https:\/\/leaderschool.pl\/biala-podlaska\/#website","url":"https:\/\/leaderschool.pl\/biala-podlaska\/","name":"w Bia\u0142ej Podlaskiej - Leader School","description":"","potentialAction":[{"@type":"SearchAction","target":{"@type":"EntryPoint","urlTemplate":"https:\/\/leaderschool.pl\/biala-podlaska\/?s={search_term_string}"},"query-input":"required name=search_term_string"}],"inLanguage":"pl-PL"},{"@type":"WebPage","@id":"https:\/\/leaderschool.pl\/biala-podlaska\/angielski-dla-mlodziezy\/#webpage","url":"https:\/\/leaderschool.pl\/biala-podlaska\/angielski-dla-mlodziezy\/","name":"Angielski dla m\u0142odzie\u017cy w Bia\u0142ej Podlaskiej - Leader School","isPartOf":{"@id":"https:\/\/leaderschool.pl\/biala-podlaska\/#website"},"datePublished":"2022-07-29T16:23:52+00:00","dateModified":"2025-08-11T11:05:15+00:00","description":"angielski, kursy angielskiego, szko\u0142a j\u0119zykowa, angielski dla dzieci, angielski dla m\u0142odzie\u017cy, angielski dla doros\u0142ych","breadcrumb":{"@id":"https:\/\/leaderschool.pl\/biala-podlaska\/angielski-dla-mlodziezy\/#breadcrumb"},"inLanguage":"pl-PL","potentialAction":[{"@type":"ReadAction","target":["https:\/\/leaderschool.pl\/biala-podlaska\/angielski-dla-mlodziezy\/"]}]},{"@type":"BreadcrumbList","@id":"https:\/\/leaderschool.pl\/biala-podlaska\/angielski-dla-mlodziezy\/#breadcrumb","itemListElement":[{"@type":"ListItem","position":1,"name":"Home","item":"https:\/\/leaderschool.pl\/biala-podlaska\/"},{"@type":"ListItem","position":2,"name":"Angielski dla m\u0142odzie\u017cy"}]}]}},"_links":{"self":[{"href":"https:\/\/leaderschool.pl\/biala-podlaska\/wp-json\/wp\/v2\/pages\/2632"}],"collection":[{"href":"https:\/\/leaderschool.pl\/biala-podlaska\/wp-json\/wp\/v2\/pages"}],"about":[{"href":"https:\/\/leaderschool.pl\/biala-podlaska\/wp-json\/wp\/v2\/types\/page"}],"author":[{"embeddable":true,"href":"https:\/\/leaderschool.pl\/biala-podlaska\/wp-json\/wp\/v2\/users\/3"}],"replies":[{"embeddable":true,"href":"https:\/\/leaderschool.pl\/biala-podlaska\/wp-json\/wp\/v2\/comments?post=2632"}],"version-history":[{"count":1,"href":"https:\/\/leaderschool.pl\/biala-podlaska\/wp-json\/wp\/v2\/pages\/2632\/revisions"}],"predecessor-version":[{"id":2633,"href":"https:\/\/leaderschool.pl\/biala-podlaska\/wp-json\/wp\/v2\/pages\/2632\/revisions\/2633"}],"wp:attachment":[{"href":"https:\/\/leaderschool.pl\/biala-podlaska\/wp-json\/wp\/v2\/media?parent=2632"}],"curies":[{"name":"wp","href":"https:\/\/api.w.org\/{rel}","templated":true}]}}