{"id":2609,"date":"2022-07-23T18:17:38","date_gmt":"2022-07-23T16:17:38","guid":{"rendered":"https:\/\/leaderschool.sellision.dev\/biala-podlaska\/?page_id=2609"},"modified":"2025-08-31T07:34:21","modified_gmt":"2025-08-31T05:34:21","slug":"kursy-maturalne","status":"publish","type":"page","link":"https:\/\/leaderschool.pl\/biala-podlaska\/kursy-maturalne\/","title":{"rendered":"Kursy maturalne"},"content":{"rendered":"\n<figure class=\"wp-block-image size-large\"><img loading=\"lazy\" width=\"1024\" height=\"1024\" src=\"data:image\/gif;base64,R0lGODlhAQABAAAAACH5BAEKAAEALAAAAAABAAEAAAICTAEAOw==\" alt=\"\" class=\"wp-image-2604 lazyload\" sizes=\"(max-width: 1024px) 100vw, 1024px\" data-src=\"https:\/\/leaderschool.sellision.dev\/biala-podlaska\/wp-content\/uploads\/sites\/35\/2022\/07\/KURSY-MATURALNE-20212022-1024x1024.png\" data-srcset=\"https:\/\/leaderschool.pl\/biala-podlaska\/wp-content\/uploads\/sites\/35\/2022\/07\/KURSY-MATURALNE-20212022-1024x1024.png 1024w, https:\/\/leaderschool.pl\/biala-podlaska\/wp-content\/uploads\/sites\/35\/2022\/07\/KURSY-MATURALNE-20212022-300x300.png 300w, https:\/\/leaderschool.pl\/biala-podlaska\/wp-content\/uploads\/sites\/35\/2022\/07\/KURSY-MATURALNE-20212022-150x150.png 150w, https:\/\/leaderschool.pl\/biala-podlaska\/wp-content\/uploads\/sites\/35\/2022\/07\/KURSY-MATURALNE-20212022-768x768.png 768w, https:\/\/leaderschool.pl\/biala-podlaska\/wp-content\/uploads\/sites\/35\/2022\/07\/KURSY-MATURALNE-20212022.png 1080w\"><\/figure>\n\n\n\n<p>Leader School prowadzi kursy maturalne, na kt\u00f3rych przygotujesz si\u0119 solidnie do egzaminu maturalnego na poziomie podstawowym lub rozszerzonym. <\/p>\n\n\n\n<p>Zaj\u0119cia prowadz\u0105 nauczyciele z co najmniej kilkuletnim do\u015bwiadczeniem w nauczaniu i przygotowaniu do egzaminu dojrza\u0142o\u015bci, posiadaj\u0105cy uprawnienia egzaminator\u00f3w maturalnych.<\/p>\n\n\n\n<h2>J\u0118ZYK ANGIELSKI<\/h2>\n\n\n\n<p>\u2022 Przed rozpocz\u0119ciem kursu spotkasz si\u0119 z konsultantem j\u0119zykowym, kt\u00f3ry oceni Tw\u00f3j poziom wiedzy oraz dobierze najodpowiedniejsz\u0105 strategi\u0119 przygotowania do egzaminu.<br>\u2022 Na bie\u017c\u0105co b\u0119dziesz uzyskiwa\u0107 informacje o efektach swojej pracy.<br>\u2022 Masz mo\u017cliwo\u015b\u0107 skorzystania z dodatkowych, bezp\u0142atnych konsultacji z lektorem.<br>\u2022 Wyj\u0105tkowa organizacja kursu pozwoli Ci zintensyfikowa\u0107 nauk\u0119 przed egzaminem.<br>Program kursu maturalnego z j\u0119zyka angielskiego obejmuje powt\u00f3rzenie materia\u0142u obowi\u0105zuj\u0105cego na egzaminie. Z nami poznasz i powt\u00f3rzysz:<br>\u2022 s\u0142ownictwo zebrane w 15 dzia\u0142\u00f3w tematycznych.<br>\u2022 techniki usprawniaj\u0105ce rozumienie tekstu s\u0142uchanego i czytanego (rozwi\u0105zywanie zada\u0144 typu prawda\/fa\u0142sz, test\u00f3w wielokrotnego wyboru, dobieranie nag\u0142\u00f3wk\u00f3w lub os\u00f3b do wypowiedzi)<br>\u2022 wszystkie formy pisemne wymagane na maturze<br>Przestaniesz w ko\u0144cu ba\u0107 si\u0119 cz\u0119\u015bci ustnej, poniewa\u017c nauczymy Ci\u0119:<br>\u2022 panowa\u0107 nad sp\u00f3jno\u015bci\u0105 wypowiedzi<br>\u2022 skupia\u0107 uwag\u0119 na najwa\u017cniejszych aspektach opisu zdj\u0119cia<br>\u2022 reagowa\u0107 poprawnie na pytania<br>\u2022 radzi\u0107 sobie z przekazem informacji w ka\u017cdym z trzech typ\u00f3w rozm\u00f3w sterowanych<\/p>\n\n\n\n<ul><li>Szczeg\u00f3\u0142owych informacji udzielamy pod numerem telefonu 517 870 434<\/li><\/ul>\n","protected":false},"excerpt":{"rendered":"<p>Leader School prowadzi kursy maturalne, na kt\u00f3rych przygotujesz si\u0119 solidnie do egzaminu maturalnego na poziomie podstawowym lub rozszerzonym. Zaj\u0119cia prowadz\u0105 nauczyciele z co najmniej kilkuletnim do\u015bwiadczeniem w nauczaniu i przygotowaniu do egzaminu dojrza\u0142o\u015bci, posiadaj\u0105cy uprawnienia egzaminator\u00f3w maturalnych. J\u0118ZYK ANGIELSKI \u2022 Przed rozpocz\u0119ciem kursu spotkasz si\u0119 z konsultantem j\u0119zykowym, kt\u00f3ry oceni Tw\u00f3j poziom wiedzy oraz dobierze [&hellip;]<\/p>\n","protected":false},"author":3,"featured_media":0,"parent":0,"menu_order":0,"comment_status":"closed","ping_status":"closed","template":"","meta":{"ngg_post_thumbnail":0},"acf":[],"yoast_head":"<!-- This site is optimized with the Yoast SEO plugin v18.9 - https:\/\/yoast.com\/wordpress\/plugins\/seo\/ -->\n<title>Kursy maturalne w Bia\u0142ej Podlaskiej - Leader School<\/title>\n<meta name=\"robots\" content=\"index, follow, max-snippet:-1, max-image-preview:large, max-video-preview:-1\" \/>\n<link rel=\"canonical\" href=\"https:\/\/leaderschool.pl\/biala-podlaska\/kursy-maturalne\/\" \/>\n<meta property=\"og:locale\" content=\"pl_PL\" \/>\n<meta property=\"og:type\" content=\"article\" \/>\n<meta property=\"og:title\" content=\"Kursy maturalne w Bia\u0142ej Podlaskiej - Leader School\" \/>\n<meta property=\"og:description\" content=\"Leader School prowadzi kursy maturalne, na kt\u00f3rych przygotujesz si\u0119 solidnie do egzaminu maturalnego na poziomie podstawowym lub rozszerzonym. Zaj\u0119cia prowadz\u0105 nauczyciele z co najmniej kilkuletnim do\u015bwiadczeniem w nauczaniu i przygotowaniu do egzaminu dojrza\u0142o\u015bci, posiadaj\u0105cy uprawnienia egzaminator\u00f3w maturalnych. J\u0118ZYK ANGIELSKI \u2022 Przed rozpocz\u0119ciem kursu spotkasz si\u0119 z konsultantem j\u0119zykowym, kt\u00f3ry oceni Tw\u00f3j poziom wiedzy oraz dobierze [&hellip;]\" \/>\n<meta property=\"og:url\" content=\"https:\/\/leaderschool.pl\/biala-podlaska\/kursy-maturalne\/\" \/>\n<meta property=\"og:site_name\" content=\"w Bia\u0142ej Podlaskiej - Leader School\" \/>\n<meta property=\"article:modified_time\" content=\"2025-08-31T05:34:21+00:00\" \/>\n<meta property=\"og:image\" content=\"https:\/\/leaderschool.sellision.dev\/biala-podlaska\/wp-content\/uploads\/sites\/35\/2022\/07\/KURSY-MATURALNE-20212022-1024x1024.png\" \/>\n<meta name=\"twitter:card\" content=\"summary_large_image\" \/>\n<meta name=\"twitter:label1\" content=\"Szacowany czas czytania\" \/>\n\t<meta name=\"twitter:data1\" content=\"2 minuty\" \/>\n<script type=\"application\/ld+json\" class=\"yoast-schema-graph\">{\"@context\":\"https:\/\/schema.org\",\"@graph\":[{\"@type\":\"WebSite\",\"@id\":\"https:\/\/leaderschool.pl\/biala-podlaska\/#website\",\"url\":\"https:\/\/leaderschool.pl\/biala-podlaska\/\",\"name\":\"w Bia\u0142ej Podlaskiej - Leader School\",\"description\":\"\",\"potentialAction\":[{\"@type\":\"SearchAction\",\"target\":{\"@type\":\"EntryPoint\",\"urlTemplate\":\"https:\/\/leaderschool.pl\/biala-podlaska\/?s={search_term_string}\"},\"query-input\":\"required name=search_term_string\"}],\"inLanguage\":\"pl-PL\"},{\"@type\":\"ImageObject\",\"inLanguage\":\"pl-PL\",\"@id\":\"https:\/\/leaderschool.pl\/biala-podlaska\/kursy-maturalne\/#primaryimage\",\"url\":\"https:\/\/leaderschool.sellision.dev\/biala-podlaska\/wp-content\/uploads\/sites\/35\/2022\/07\/KURSY-MATURALNE-20212022-1024x1024.png\",\"contentUrl\":\"https:\/\/leaderschool.sellision.dev\/biala-podlaska\/wp-content\/uploads\/sites\/35\/2022\/07\/KURSY-MATURALNE-20212022-1024x1024.png\"},{\"@type\":\"WebPage\",\"@id\":\"https:\/\/leaderschool.pl\/biala-podlaska\/kursy-maturalne\/#webpage\",\"url\":\"https:\/\/leaderschool.pl\/biala-podlaska\/kursy-maturalne\/\",\"name\":\"Kursy maturalne w Bia\u0142ej Podlaskiej - Leader School\",\"isPartOf\":{\"@id\":\"https:\/\/leaderschool.pl\/biala-podlaska\/#website\"},\"primaryImageOfPage\":{\"@id\":\"https:\/\/leaderschool.pl\/biala-podlaska\/kursy-maturalne\/#primaryimage\"},\"datePublished\":\"2022-07-23T16:17:38+00:00\",\"dateModified\":\"2025-08-31T05:34:21+00:00\",\"breadcrumb\":{\"@id\":\"https:\/\/leaderschool.pl\/biala-podlaska\/kursy-maturalne\/#breadcrumb\"},\"inLanguage\":\"pl-PL\",\"potentialAction\":[{\"@type\":\"ReadAction\",\"target\":[\"https:\/\/leaderschool.pl\/biala-podlaska\/kursy-maturalne\/\"]}]},{\"@type\":\"BreadcrumbList\",\"@id\":\"https:\/\/leaderschool.pl\/biala-podlaska\/kursy-maturalne\/#breadcrumb\",\"itemListElement\":[{\"@type\":\"ListItem\",\"position\":1,\"name\":\"Home\",\"item\":\"https:\/\/leaderschool.pl\/biala-podlaska\/\"},{\"@type\":\"ListItem\",\"position\":2,\"name\":\"Kursy maturalne\"}]}]}<\/script>\n<!-- \/ Yoast SEO plugin. -->","yoast_head_json":{"title":"Kursy maturalne w Bia\u0142ej Podlaskiej - Leader School","robots":{"index":"index","follow":"follow","max-snippet":"max-snippet:-1","max-image-preview":"max-image-preview:large","max-video-preview":"max-video-preview:-1"},"canonical":"https:\/\/leaderschool.pl\/biala-podlaska\/kursy-maturalne\/","og_locale":"pl_PL","og_type":"article","og_title":"Kursy maturalne w Bia\u0142ej Podlaskiej - Leader School","og_description":"Leader School prowadzi kursy maturalne, na kt\u00f3rych przygotujesz si\u0119 solidnie do egzaminu maturalnego na poziomie podstawowym lub rozszerzonym. Zaj\u0119cia prowadz\u0105 nauczyciele z co najmniej kilkuletnim do\u015bwiadczeniem w nauczaniu i przygotowaniu do egzaminu dojrza\u0142o\u015bci, posiadaj\u0105cy uprawnienia egzaminator\u00f3w maturalnych. J\u0118ZYK ANGIELSKI \u2022 Przed rozpocz\u0119ciem kursu spotkasz si\u0119 z konsultantem j\u0119zykowym, kt\u00f3ry oceni Tw\u00f3j poziom wiedzy oraz dobierze [&hellip;]","og_url":"https:\/\/leaderschool.pl\/biala-podlaska\/kursy-maturalne\/","og_site_name":"w Bia\u0142ej Podlaskiej - Leader School","article_modified_time":"2025-08-31T05:34:21+00:00","og_image":[{"url":"https:\/\/leaderschool.sellision.dev\/biala-podlaska\/wp-content\/uploads\/sites\/35\/2022\/07\/KURSY-MATURALNE-20212022-1024x1024.png"}],"twitter_card":"summary_large_image","twitter_misc":{"Szacowany czas czytania":"2 minuty"},"schema":{"@context":"https:\/\/schema.org","@graph":[{"@type":"WebSite","@id":"https:\/\/leaderschool.pl\/biala-podlaska\/#website","url":"https:\/\/leaderschool.pl\/biala-podlaska\/","name":"w Bia\u0142ej Podlaskiej - Leader School","description":"","potentialAction":[{"@type":"SearchAction","target":{"@type":"EntryPoint","urlTemplate":"https:\/\/leaderschool.pl\/biala-podlaska\/?s={search_term_string}"},"query-input":"required name=search_term_string"}],"inLanguage":"pl-PL"},{"@type":"ImageObject","inLanguage":"pl-PL","@id":"https:\/\/leaderschool.pl\/biala-podlaska\/kursy-maturalne\/#primaryimage","url":"https:\/\/leaderschool.sellision.dev\/biala-podlaska\/wp-content\/uploads\/sites\/35\/2022\/07\/KURSY-MATURALNE-20212022-1024x1024.png","contentUrl":"https:\/\/leaderschool.sellision.dev\/biala-podlaska\/wp-content\/uploads\/sites\/35\/2022\/07\/KURSY-MATURALNE-20212022-1024x1024.png"},{"@type":"WebPage","@id":"https:\/\/leaderschool.pl\/biala-podlaska\/kursy-maturalne\/#webpage","url":"https:\/\/leaderschool.pl\/biala-podlaska\/kursy-maturalne\/","name":"Kursy maturalne w Bia\u0142ej Podlaskiej - Leader School","isPartOf":{"@id":"https:\/\/leaderschool.pl\/biala-podlaska\/#website"},"primaryImageOfPage":{"@id":"https:\/\/leaderschool.pl\/biala-podlaska\/kursy-maturalne\/#primaryimage"},"datePublished":"2022-07-23T16:17:38+00:00","dateModified":"2025-08-31T05:34:21+00:00","breadcrumb":{"@id":"https:\/\/leaderschool.pl\/biala-podlaska\/kursy-maturalne\/#breadcrumb"},"inLanguage":"pl-PL","potentialAction":[{"@type":"ReadAction","target":["https:\/\/leaderschool.pl\/biala-podlaska\/kursy-maturalne\/"]}]},{"@type":"BreadcrumbList","@id":"https:\/\/leaderschool.pl\/biala-podlaska\/kursy-maturalne\/#breadcrumb","itemListElement":[{"@type":"ListItem","position":1,"name":"Home","item":"https:\/\/leaderschool.pl\/biala-podlaska\/"},{"@type":"ListItem","position":2,"name":"Kursy maturalne"}]}]}},"_links":{"self":[{"href":"https:\/\/leaderschool.pl\/biala-podlaska\/wp-json\/wp\/v2\/pages\/2609"}],"collection":[{"href":"https:\/\/leaderschool.pl\/biala-podlaska\/wp-json\/wp\/v2\/pages"}],"about":[{"href":"https:\/\/leaderschool.pl\/biala-podlaska\/wp-json\/wp\/v2\/types\/page"}],"author":[{"embeddable":true,"href":"https:\/\/leaderschool.pl\/biala-podlaska\/wp-json\/wp\/v2\/users\/3"}],"replies":[{"embeddable":true,"href":"https:\/\/leaderschool.pl\/biala-podlaska\/wp-json\/wp\/v2\/comments?post=2609"}],"version-history":[{"count":3,"href":"https:\/\/leaderschool.pl\/biala-podlaska\/wp-json\/wp\/v2\/pages\/2609\/revisions"}],"predecessor-version":[{"id":2900,"href":"https:\/\/leaderschool.pl\/biala-podlaska\/wp-json\/wp\/v2\/pages\/2609\/revisions\/2900"}],"wp:attachment":[{"href":"https:\/\/leaderschool.pl\/biala-podlaska\/wp-json\/wp\/v2\/media?parent=2609"}],"curies":[{"name":"wp","href":"https:\/\/api.w.org\/{rel}","templated":true}]}}