{"id":2600,"date":"2022-07-23T18:14:30","date_gmt":"2022-07-23T16:14:30","guid":{"rendered":"https:\/\/leaderschool.sellision.dev\/biala-podlaska\/?page_id=2600"},"modified":"2025-08-11T13:08:04","modified_gmt":"2025-08-11T11:08:04","slug":"certyfikat-jezykowy-telc","status":"publish","type":"page","link":"https:\/\/leaderschool.pl\/biala-podlaska\/certyfikat-jezykowy-telc\/","title":{"rendered":"Certyfikat j\u0119zykowy TELC"},"content":{"rendered":"\n<ul><li>zwi\u0119ksza szanse na zdobycie dobrze p\u0142atnej pracy lub ciekawego sta\u017cu w Polsce lub w krajach Unii Europejskiej.<\/li><li>jest wymagany w wielu firmach zachodnich dzia\u0142aj\u0105cych na terenie Polski jako potwierdzenie w\u0142a\u015bciwego poziomu kompetencji j\u0119zykowych.<\/li><li>jest powszechnie wymaganym standardem podczas rekrutacji na europejskie uczelnie.<\/li><li>stanowi podstaw\u0119 zaliczenia lektoratu bez konieczno\u015bci ucz\u0119szczania na zaj\u0119cia i jest respektowany przez wi\u0119kszo\u015b\u0107 uczelni wy\u017cszych w Polsce.<\/li><li>spe\u0142nia wymogi post\u0119powania kwalifikacyjnego w s\u0142u\u017cbie cywilnej oraz dokumentowania znajomo\u015bci j\u0119zyka obcego przez przewodnik\u00f3w turystycznych i pilot\u00f3w wycieczek \u2013 Ministerstwo Spraw Wewn\u0119trznych i Administracji oraz Ministerstwo Edukacji Narodowej.<\/li><li>stanowi podstaw\u0119 do zwolnienia z egzaminu doktorskiego w zakresie nowo\u017cytnego j\u0119zyka obcego -Ministerstwo Nauki i Szkolnictwa Wy\u017cszego.<\/li><li>jest oficjalnie uznawany za dow\u00f3d znajomo\u015bci j\u0119zyka np. przy ubieganiu si\u0119 o obywatelstwo lub prac\u0119 w Niemczech, Austrii i Szwajcarii.<\/li><li>w Europie egzaminy TELC s\u0105 mi\u0119dzy innymi cz\u0119\u015bci\u0105 pa\u0144stwowego systemu szkolnictwa (W\u0119gry, Hiszpania), maj\u0105 akredytacj\u0119 instytucji rz\u0105dowych oraz s\u0105 honorowane przez Izby Handlu i Przemys\u0142u (Niemcy, Francja).<\/li><\/ul>\n\n\n\n<ul><li>Leader School w Bia\u0142ej Podlaskiej jest partnerem egzaminacyjnym TELC GmbH.W naszej szkole mo\u017cna zdawa\u0107 egzamin z j\u0119zyka angielskiego na poziomie A1, A2, B1 i B2.<\/li><\/ul>\n\n\n\n<h2>Co testuj\u0105 egzaminy TELC?<\/h2>\n\n\n\n<p>Egzaminy telc testuj\u0105 praktyczne umiej\u0119tno\u015bci zdobyte przez ucz\u0105cych si\u0119 j\u0119zyk\u00f3w obcych np.:<\/p>\n\n\n\n<ul><li>umiej\u0119tno\u015b\u0107 czytania w celu uchwycenia konkretnych informacji (znale\u017a\u0107 cen\u0119 pokoju jednoosobowego w folderze hotelu),<\/li><li>umiej\u0119tno\u015b\u0107 s\u0142uchania i uchwycenia godziny odjazdu poci\u0105gu w nagraniu zapowiedzi z dworca,<\/li><li>umiej\u0119tno\u015b\u0107 napisania listu z zapytaniem o ceny wynajmu pokoju,<\/li><li>podczas prowadzenia rozmowy umiej\u0119tno\u015b\u0107 przekonania drugiej osoby do p\u00f3j\u015bcia do kina na film wybrany przez siebie.<\/li><li>umiej\u0119tno\u015b\u0107 zastosowania gramatyki w konkretnej sytuacji, kontek\u015bcie np. uzupe\u0142niaj\u0105c list formalny do instytucji odpowiednimi formami czasownik\u00f3w, rzeczownik\u00f3w itp.<\/li><\/ul>\n\n\n\n<h2>Kto uznaje certyfikaty TELC w Polsce?<\/h2>\n\n\n\n<ul><li>uniwersytety i szko\u0142y wy\u017csze,<\/li><li>pracodawcy instytucji handlowych, finansowych,<\/li><li>bran\u017ca turystyczna,<\/li><li>bran\u017ca medyczna,<\/li><li>polska administracja pa\u0144stwowa.<\/li><\/ul>\n\n\n\n<ul><li>Szczeg\u00f3\u0142owych informacji udzielamy w sekretariacie szko\u0142y przy ul. Reformackiej 10 (III pi\u0119tro)<br>lub pod numerem telefonu 517 870 434.<\/li><\/ul>\n","protected":false},"excerpt":{"rendered":"<p>zwi\u0119ksza szanse na zdobycie dobrze p\u0142atnej pracy lub ciekawego sta\u017cu w Polsce lub w krajach Unii Europejskiej. jest wymagany w wielu firmach zachodnich dzia\u0142aj\u0105cych na terenie Polski jako potwierdzenie w\u0142a\u015bciwego poziomu kompetencji j\u0119zykowych. jest powszechnie wymaganym standardem podczas rekrutacji na europejskie uczelnie. stanowi podstaw\u0119 zaliczenia lektoratu bez konieczno\u015bci ucz\u0119szczania na zaj\u0119cia i jest respektowany przez [&hellip;]<\/p>\n","protected":false},"author":3,"featured_media":0,"parent":0,"menu_order":0,"comment_status":"closed","ping_status":"closed","template":"","meta":{"ngg_post_thumbnail":0},"acf":[],"yoast_head":"<!-- This site is optimized with the Yoast SEO plugin v18.9 - https:\/\/yoast.com\/wordpress\/plugins\/seo\/ -->\n<title>Certyfikat j\u0119zykowy TELC w Bia\u0142ej Podlaskiej - Leader School<\/title>\n<meta name=\"description\" content=\"angielski, kursy angielskiego, szko\u0142a j\u0119zykowa, angielski dla dzieci, angielski dla m\u0142odzie\u017cy, angielski dla doros\u0142ych, certyfikat B2\" \/>\n<meta name=\"robots\" content=\"index, follow, max-snippet:-1, max-image-preview:large, max-video-preview:-1\" \/>\n<link rel=\"canonical\" href=\"https:\/\/leaderschool.pl\/biala-podlaska\/certyfikat-jezykowy-telc\/\" \/>\n<meta property=\"og:locale\" content=\"pl_PL\" \/>\n<meta property=\"og:type\" content=\"article\" \/>\n<meta property=\"og:title\" content=\"Certyfikat j\u0119zykowy TELC w Bia\u0142ej Podlaskiej - Leader School\" \/>\n<meta property=\"og:description\" content=\"angielski, kursy angielskiego, szko\u0142a j\u0119zykowa, angielski dla dzieci, angielski dla m\u0142odzie\u017cy, angielski dla doros\u0142ych, certyfikat B2\" \/>\n<meta property=\"og:url\" content=\"https:\/\/leaderschool.pl\/biala-podlaska\/certyfikat-jezykowy-telc\/\" \/>\n<meta property=\"og:site_name\" content=\"w Bia\u0142ej Podlaskiej - Leader School\" \/>\n<meta property=\"article:modified_time\" content=\"2025-08-11T11:08:04+00:00\" \/>\n<meta name=\"twitter:card\" content=\"summary_large_image\" \/>\n<meta name=\"twitter:label1\" content=\"Szacowany czas czytania\" \/>\n\t<meta name=\"twitter:data1\" content=\"2 minuty\" \/>\n<script type=\"application\/ld+json\" class=\"yoast-schema-graph\">{\"@context\":\"https:\/\/schema.org\",\"@graph\":[{\"@type\":\"WebSite\",\"@id\":\"https:\/\/leaderschool.pl\/biala-podlaska\/#website\",\"url\":\"https:\/\/leaderschool.pl\/biala-podlaska\/\",\"name\":\"w Bia\u0142ej Podlaskiej - Leader School\",\"description\":\"\",\"potentialAction\":[{\"@type\":\"SearchAction\",\"target\":{\"@type\":\"EntryPoint\",\"urlTemplate\":\"https:\/\/leaderschool.pl\/biala-podlaska\/?s={search_term_string}\"},\"query-input\":\"required name=search_term_string\"}],\"inLanguage\":\"pl-PL\"},{\"@type\":\"WebPage\",\"@id\":\"https:\/\/leaderschool.pl\/biala-podlaska\/certyfikat-jezykowy-telc\/#webpage\",\"url\":\"https:\/\/leaderschool.pl\/biala-podlaska\/certyfikat-jezykowy-telc\/\",\"name\":\"Certyfikat j\u0119zykowy TELC w Bia\u0142ej Podlaskiej - Leader School\",\"isPartOf\":{\"@id\":\"https:\/\/leaderschool.pl\/biala-podlaska\/#website\"},\"datePublished\":\"2022-07-23T16:14:30+00:00\",\"dateModified\":\"2025-08-11T11:08:04+00:00\",\"description\":\"angielski, kursy angielskiego, szko\u0142a j\u0119zykowa, angielski dla dzieci, angielski dla m\u0142odzie\u017cy, angielski dla doros\u0142ych, certyfikat B2\",\"breadcrumb\":{\"@id\":\"https:\/\/leaderschool.pl\/biala-podlaska\/certyfikat-jezykowy-telc\/#breadcrumb\"},\"inLanguage\":\"pl-PL\",\"potentialAction\":[{\"@type\":\"ReadAction\",\"target\":[\"https:\/\/leaderschool.pl\/biala-podlaska\/certyfikat-jezykowy-telc\/\"]}]},{\"@type\":\"BreadcrumbList\",\"@id\":\"https:\/\/leaderschool.pl\/biala-podlaska\/certyfikat-jezykowy-telc\/#breadcrumb\",\"itemListElement\":[{\"@type\":\"ListItem\",\"position\":1,\"name\":\"Home\",\"item\":\"https:\/\/leaderschool.pl\/biala-podlaska\/\"},{\"@type\":\"ListItem\",\"position\":2,\"name\":\"Certyfikat j\u0119zykowy TELC\"}]}]}<\/script>\n<!-- \/ Yoast SEO plugin. -->","yoast_head_json":{"title":"Certyfikat j\u0119zykowy TELC w Bia\u0142ej Podlaskiej - Leader School","description":"angielski, kursy angielskiego, szko\u0142a j\u0119zykowa, angielski dla dzieci, angielski dla m\u0142odzie\u017cy, angielski dla doros\u0142ych, certyfikat B2","robots":{"index":"index","follow":"follow","max-snippet":"max-snippet:-1","max-image-preview":"max-image-preview:large","max-video-preview":"max-video-preview:-1"},"canonical":"https:\/\/leaderschool.pl\/biala-podlaska\/certyfikat-jezykowy-telc\/","og_locale":"pl_PL","og_type":"article","og_title":"Certyfikat j\u0119zykowy TELC w Bia\u0142ej Podlaskiej - Leader School","og_description":"angielski, kursy angielskiego, szko\u0142a j\u0119zykowa, angielski dla dzieci, angielski dla m\u0142odzie\u017cy, angielski dla doros\u0142ych, certyfikat B2","og_url":"https:\/\/leaderschool.pl\/biala-podlaska\/certyfikat-jezykowy-telc\/","og_site_name":"w Bia\u0142ej Podlaskiej - Leader School","article_modified_time":"2025-08-11T11:08:04+00:00","twitter_card":"summary_large_image","twitter_misc":{"Szacowany czas czytania":"2 minuty"},"schema":{"@context":"https:\/\/schema.org","@graph":[{"@type":"WebSite","@id":"https:\/\/leaderschool.pl\/biala-podlaska\/#website","url":"https:\/\/leaderschool.pl\/biala-podlaska\/","name":"w Bia\u0142ej Podlaskiej - Leader School","description":"","potentialAction":[{"@type":"SearchAction","target":{"@type":"EntryPoint","urlTemplate":"https:\/\/leaderschool.pl\/biala-podlaska\/?s={search_term_string}"},"query-input":"required name=search_term_string"}],"inLanguage":"pl-PL"},{"@type":"WebPage","@id":"https:\/\/leaderschool.pl\/biala-podlaska\/certyfikat-jezykowy-telc\/#webpage","url":"https:\/\/leaderschool.pl\/biala-podlaska\/certyfikat-jezykowy-telc\/","name":"Certyfikat j\u0119zykowy TELC w Bia\u0142ej Podlaskiej - Leader School","isPartOf":{"@id":"https:\/\/leaderschool.pl\/biala-podlaska\/#website"},"datePublished":"2022-07-23T16:14:30+00:00","dateModified":"2025-08-11T11:08:04+00:00","description":"angielski, kursy angielskiego, szko\u0142a j\u0119zykowa, angielski dla dzieci, angielski dla m\u0142odzie\u017cy, angielski dla doros\u0142ych, certyfikat B2","breadcrumb":{"@id":"https:\/\/leaderschool.pl\/biala-podlaska\/certyfikat-jezykowy-telc\/#breadcrumb"},"inLanguage":"pl-PL","potentialAction":[{"@type":"ReadAction","target":["https:\/\/leaderschool.pl\/biala-podlaska\/certyfikat-jezykowy-telc\/"]}]},{"@type":"BreadcrumbList","@id":"https:\/\/leaderschool.pl\/biala-podlaska\/certyfikat-jezykowy-telc\/#breadcrumb","itemListElement":[{"@type":"ListItem","position":1,"name":"Home","item":"https:\/\/leaderschool.pl\/biala-podlaska\/"},{"@type":"ListItem","position":2,"name":"Certyfikat j\u0119zykowy TELC"}]}]}},"_links":{"self":[{"href":"https:\/\/leaderschool.pl\/biala-podlaska\/wp-json\/wp\/v2\/pages\/2600"}],"collection":[{"href":"https:\/\/leaderschool.pl\/biala-podlaska\/wp-json\/wp\/v2\/pages"}],"about":[{"href":"https:\/\/leaderschool.pl\/biala-podlaska\/wp-json\/wp\/v2\/types\/page"}],"author":[{"embeddable":true,"href":"https:\/\/leaderschool.pl\/biala-podlaska\/wp-json\/wp\/v2\/users\/3"}],"replies":[{"embeddable":true,"href":"https:\/\/leaderschool.pl\/biala-podlaska\/wp-json\/wp\/v2\/comments?post=2600"}],"version-history":[{"count":2,"href":"https:\/\/leaderschool.pl\/biala-podlaska\/wp-json\/wp\/v2\/pages\/2600\/revisions"}],"predecessor-version":[{"id":2628,"href":"https:\/\/leaderschool.pl\/biala-podlaska\/wp-json\/wp\/v2\/pages\/2600\/revisions\/2628"}],"wp:attachment":[{"href":"https:\/\/leaderschool.pl\/biala-podlaska\/wp-json\/wp\/v2\/media?parent=2600"}],"curies":[{"name":"wp","href":"https:\/\/api.w.org\/{rel}","templated":true}]}}